{"id":7580,"date":"2025-09-29T11:55:33","date_gmt":"2025-09-29T11:55:33","guid":{"rendered":"https:\/\/kraftiapet.com\/?post_type=product&#038;p=7580"},"modified":"2026-04-28T11:48:19","modified_gmt":"2026-04-28T11:48:19","slug":"salmon-herring-4","status":"publish","type":"product","link":"https:\/\/kraftiapet.com\/pt-br\/product\/salmon-herring-4\/","title":{"rendered":"Salmon &amp; Herring"},"content":{"rendered":"","protected":false},"excerpt":{"rendered":"<p>Craftia Natura Salmon &amp; Herring \u00e9 uma ra\u00e7\u00e3o natural premium para c\u00e3es de ra\u00e7as m\u00e9dias e grandes com salm\u00e3o e arenque. O arenque e o salm\u00e3o ajudam os animais de estima\u00e7\u00e3o a se desenvolverem de v\u00e1rias maneiras: a prote\u00edna do peixe \u00e9 \u00f3tima para manter a pele saud\u00e1vel e a pelagem brilhante. Naturalmente saud\u00e1vel, o peixe contribui para o equil\u00edbrio do corpo e da mente e, por ser uma prote\u00edna altamente diger\u00edvel, ajuda a manter a for\u00e7a muscular.  <\/p>\n","protected":false},"featured_media":7585,"comment_status":"open","ping_status":"closed","template":"","meta":{"_acf_changed":false},"pwb-brand":[],"product_brand":[632],"product_cat":[614,613],"product_tag":[],"class_list":{"0":"post-7580","1":"product","2":"type-product","3":"status-publish","4":"has-post-thumbnail","6":"product_brand-craftia-natura","7":"product_cat-adult-dog","8":"product_cat-dog-food","10":"first","11":"instock","12":"taxable","13":"shipping-taxable","14":"product-type-variable"},"acf":[],"brands":[],"_links":{"self":[{"href":"https:\/\/kraftiapet.com\/pt-br\/wp-json\/wp\/v2\/product\/7580","targetHints":{"allow":["GET"]}}],"collection":[{"href":"https:\/\/kraftiapet.com\/pt-br\/wp-json\/wp\/v2\/product"}],"about":[{"href":"https:\/\/kraftiapet.com\/pt-br\/wp-json\/wp\/v2\/types\/product"}],"replies":[{"embeddable":true,"href":"https:\/\/kraftiapet.com\/pt-br\/wp-json\/wp\/v2\/comments?post=7580"}],"wp:featuredmedia":[{"embeddable":true,"href":"https:\/\/kraftiapet.com\/pt-br\/wp-json\/wp\/v2\/media\/7585"}],"wp:attachment":[{"href":"https:\/\/kraftiapet.com\/pt-br\/wp-json\/wp\/v2\/media?parent=7580"}],"wp:term":[{"taxonomy":"pwb-brand","embeddable":true,"href":"https:\/\/kraftiapet.com\/pt-br\/wp-json\/wp\/v2\/pwb-brand?post=7580"},{"taxonomy":"product_brand","embeddable":true,"href":"https:\/\/kraftiapet.com\/pt-br\/wp-json\/wp\/v2\/product_brand?post=7580"},{"taxonomy":"product_cat","embeddable":true,"href":"https:\/\/kraftiapet.com\/pt-br\/wp-json\/wp\/v2\/product_cat?post=7580"},{"taxonomy":"product_tag","embeddable":true,"href":"https:\/\/kraftiapet.com\/pt-br\/wp-json\/wp\/v2\/product_tag?post=7580"}],"curies":[{"name":"wp","href":"https:\/\/api.w.org\/{rel}","templated":true}]}}