{"id":7624,"date":"2025-10-07T12:40:08","date_gmt":"2025-10-07T12:40:08","guid":{"rendered":"https:\/\/kraftiapet.com\/?post_type=product&#038;p=7624"},"modified":"2026-04-28T11:48:17","modified_gmt":"2026-04-28T11:48:17","slug":"duck-with-pheasant-2","status":"publish","type":"product","link":"https:\/\/kraftiapet.com\/pt-br\/product\/duck-with-pheasant-2\/","title":{"rendered":"Duck With Pheasant"},"content":{"rendered":"","protected":false},"excerpt":{"rendered":"<p>Craftia Natura Duck with Pheasant \u00e9 uma ra\u00e7\u00e3o natural premium para c\u00e3es de ra\u00e7as m\u00e9dias e grandes com pato e fais\u00e3o. O pato e o fais\u00e3o s\u00e3o uma combina\u00e7\u00e3o natural atraente e deliciosa. Eles fornecem uma mistura hipoalerg\u00eanica natural rica em prote\u00ednas altamente diger\u00edveis e nutrientes vitais. Seu alto teor de prote\u00edna ajuda a manter m\u00fasculos saud\u00e1veis e a combina\u00e7\u00e3o proporciona um sabor ainda mais delicioso.   <\/p>\n","protected":false},"featured_media":7625,"comment_status":"open","ping_status":"closed","template":"","meta":{"_acf_changed":false},"pwb-brand":[],"product_brand":[632],"product_cat":[614,613],"product_tag":[],"class_list":{"0":"post-7624","1":"product","2":"type-product","3":"status-publish","4":"has-post-thumbnail","6":"product_brand-craftia-natura","7":"product_cat-adult-dog","8":"product_cat-dog-food","10":"first","11":"instock","12":"taxable","13":"shipping-taxable","14":"product-type-variable"},"acf":[],"brands":[],"_links":{"self":[{"href":"https:\/\/kraftiapet.com\/pt-br\/wp-json\/wp\/v2\/product\/7624","targetHints":{"allow":["GET"]}}],"collection":[{"href":"https:\/\/kraftiapet.com\/pt-br\/wp-json\/wp\/v2\/product"}],"about":[{"href":"https:\/\/kraftiapet.com\/pt-br\/wp-json\/wp\/v2\/types\/product"}],"replies":[{"embeddable":true,"href":"https:\/\/kraftiapet.com\/pt-br\/wp-json\/wp\/v2\/comments?post=7624"}],"wp:featuredmedia":[{"embeddable":true,"href":"https:\/\/kraftiapet.com\/pt-br\/wp-json\/wp\/v2\/media\/7625"}],"wp:attachment":[{"href":"https:\/\/kraftiapet.com\/pt-br\/wp-json\/wp\/v2\/media?parent=7624"}],"wp:term":[{"taxonomy":"pwb-brand","embeddable":true,"href":"https:\/\/kraftiapet.com\/pt-br\/wp-json\/wp\/v2\/pwb-brand?post=7624"},{"taxonomy":"product_brand","embeddable":true,"href":"https:\/\/kraftiapet.com\/pt-br\/wp-json\/wp\/v2\/product_brand?post=7624"},{"taxonomy":"product_cat","embeddable":true,"href":"https:\/\/kraftiapet.com\/pt-br\/wp-json\/wp\/v2\/product_cat?post=7624"},{"taxonomy":"product_tag","embeddable":true,"href":"https:\/\/kraftiapet.com\/pt-br\/wp-json\/wp\/v2\/product_tag?post=7624"}],"curies":[{"name":"wp","href":"https:\/\/api.w.org\/{rel}","templated":true}]}}