{"id":7633,"date":"2025-10-02T11:11:05","date_gmt":"2025-10-02T11:11:05","guid":{"rendered":"https:\/\/kraftiapet.com\/?post_type=product&#038;p=7633"},"modified":"2026-04-28T12:11:11","modified_gmt":"2026-04-28T12:11:11","slug":"rich-in-fish-with-rice","status":"publish","type":"product","link":"https:\/\/kraftiapet.com\/pt-br\/product\/rich-in-fish-with-rice\/","title":{"rendered":"Rich in Fish With Rice"},"content":{"rendered":"","protected":false},"excerpt":{"rendered":"<p>Mysticat Fish &amp; Rice \u00e9 uma ra\u00e7\u00e3o para gatos com peixe e arroz. Fish &amp; Rice \u00e9 uma receita leve e nutritiva, rica em \u00e1cidos graxos \u00f4mega-3 para promover uma pelagem brilhante e uma pele saud\u00e1vel. Combinado com arroz de f\u00e1cil digest\u00e3o, \u00e9 ideal para manter seu gato feliz, ativo e saud\u00e1vel de dentro para fora. Os mirtilos s\u00e3o uma adi\u00e7\u00e3o deliciosa e saud\u00e1vel, ricos em antioxidantes e fibras, ajudando na sa\u00fade geral, na digest\u00e3o e no metabolismo do seu gato.   <\/p>\n","protected":false},"featured_media":7634,"comment_status":"open","ping_status":"closed","template":"","meta":{"_acf_changed":false},"pwb-brand":[],"product_brand":[639],"product_cat":[609,608],"product_tag":[],"class_list":{"0":"post-7633","1":"product","2":"type-product","3":"status-publish","4":"has-post-thumbnail","6":"product_brand-mysticat","7":"product_cat-adult-cat","8":"product_cat-cat-food","10":"first","11":"instock","12":"taxable","13":"shipping-taxable","14":"product-type-variable"},"acf":[],"brands":[],"_links":{"self":[{"href":"https:\/\/kraftiapet.com\/pt-br\/wp-json\/wp\/v2\/product\/7633","targetHints":{"allow":["GET"]}}],"collection":[{"href":"https:\/\/kraftiapet.com\/pt-br\/wp-json\/wp\/v2\/product"}],"about":[{"href":"https:\/\/kraftiapet.com\/pt-br\/wp-json\/wp\/v2\/types\/product"}],"replies":[{"embeddable":true,"href":"https:\/\/kraftiapet.com\/pt-br\/wp-json\/wp\/v2\/comments?post=7633"}],"wp:featuredmedia":[{"embeddable":true,"href":"https:\/\/kraftiapet.com\/pt-br\/wp-json\/wp\/v2\/media\/7634"}],"wp:attachment":[{"href":"https:\/\/kraftiapet.com\/pt-br\/wp-json\/wp\/v2\/media?parent=7633"}],"wp:term":[{"taxonomy":"pwb-brand","embeddable":true,"href":"https:\/\/kraftiapet.com\/pt-br\/wp-json\/wp\/v2\/pwb-brand?post=7633"},{"taxonomy":"product_brand","embeddable":true,"href":"https:\/\/kraftiapet.com\/pt-br\/wp-json\/wp\/v2\/product_brand?post=7633"},{"taxonomy":"product_cat","embeddable":true,"href":"https:\/\/kraftiapet.com\/pt-br\/wp-json\/wp\/v2\/product_cat?post=7633"},{"taxonomy":"product_tag","embeddable":true,"href":"https:\/\/kraftiapet.com\/pt-br\/wp-json\/wp\/v2\/product_tag?post=7633"}],"curies":[{"name":"wp","href":"https:\/\/api.w.org\/{rel}","templated":true}]}}