{"id":7660,"date":"2025-09-26T11:44:56","date_gmt":"2025-09-26T11:44:56","guid":{"rendered":"https:\/\/kraftiapet.com\/?post_type=product&#038;p=7660"},"modified":"2026-04-28T14:37:45","modified_gmt":"2026-04-28T14:37:45","slug":"wild-gifts-with-wings","status":"publish","type":"product","link":"https:\/\/kraftiapet.com\/pt-br\/product\/wild-gifts-with-wings\/","title":{"rendered":"Wild Gifts with Wings"},"content":{"rendered":"","protected":false},"excerpt":{"rendered":"<p>Wild Gifts with Wings &#8211; Rawival \u00e9 uma ra\u00e7\u00e3o premium para c\u00e3es adultos de ra\u00e7as toy e pequenas com pato e fais\u00e3o. O pato desossado cru e o fais\u00e3o desossado cru proporcionam uma mistura deliciosa e saborosa, fornecendo toda a prote\u00edna nutritiva de que um c\u00e3o ativo precisa. Uma mistura de gr\u00e3os saud\u00e1veis, incluindo fontes antigas, fornece energia para correr e brincar, e um ingrediente especial de algas marinhas marrons ajuda a manter a sa\u00fade dos dentes e das gengivas.  <\/p>\n","protected":false},"featured_media":7661,"comment_status":"open","ping_status":"closed","template":"","meta":{"_acf_changed":false},"pwb-brand":[],"product_brand":[646],"product_cat":[614,613],"product_tag":[],"class_list":{"0":"post-7660","1":"product","2":"type-product","3":"status-publish","4":"has-post-thumbnail","6":"product_brand-rawival","7":"product_cat-adult-dog","8":"product_cat-dog-food","10":"first","11":"instock","12":"taxable","13":"shipping-taxable","14":"product-type-variable"},"acf":[],"brands":[],"_links":{"self":[{"href":"https:\/\/kraftiapet.com\/pt-br\/wp-json\/wp\/v2\/product\/7660","targetHints":{"allow":["GET"]}}],"collection":[{"href":"https:\/\/kraftiapet.com\/pt-br\/wp-json\/wp\/v2\/product"}],"about":[{"href":"https:\/\/kraftiapet.com\/pt-br\/wp-json\/wp\/v2\/types\/product"}],"replies":[{"embeddable":true,"href":"https:\/\/kraftiapet.com\/pt-br\/wp-json\/wp\/v2\/comments?post=7660"}],"wp:featuredmedia":[{"embeddable":true,"href":"https:\/\/kraftiapet.com\/pt-br\/wp-json\/wp\/v2\/media\/7661"}],"wp:attachment":[{"href":"https:\/\/kraftiapet.com\/pt-br\/wp-json\/wp\/v2\/media?parent=7660"}],"wp:term":[{"taxonomy":"pwb-brand","embeddable":true,"href":"https:\/\/kraftiapet.com\/pt-br\/wp-json\/wp\/v2\/pwb-brand?post=7660"},{"taxonomy":"product_brand","embeddable":true,"href":"https:\/\/kraftiapet.com\/pt-br\/wp-json\/wp\/v2\/product_brand?post=7660"},{"taxonomy":"product_cat","embeddable":true,"href":"https:\/\/kraftiapet.com\/pt-br\/wp-json\/wp\/v2\/product_cat?post=7660"},{"taxonomy":"product_tag","embeddable":true,"href":"https:\/\/kraftiapet.com\/pt-br\/wp-json\/wp\/v2\/product_tag?post=7660"}],"curies":[{"name":"wp","href":"https:\/\/api.w.org\/{rel}","templated":true}]}}