{"id":7670,"date":"2025-09-26T10:45:37","date_gmt":"2025-09-26T10:45:37","guid":{"rendered":"https:\/\/kraftiapet.com\/?post_type=product&#038;p=7670"},"modified":"2026-04-28T14:37:46","modified_gmt":"2026-04-28T14:37:46","slug":"north-seas-finest-5","status":"publish","type":"product","link":"https:\/\/kraftiapet.com\/pt-br\/product\/north-seas-finest-5\/","title":{"rendered":"North Sea&#8217;s Finest"},"content":{"rendered":"","protected":false},"excerpt":{"rendered":"<p>North Sea&#8217;s Finest &#8211; Rawival \u00e9 uma ra\u00e7\u00e3o premium para gatos adultos com salm\u00e3o e arenque. O salm\u00e3o rec\u00e9m-congelado e o arenque rec\u00e9m-congelado s\u00e3o uma mistura saborosa e desej\u00e1vel de prote\u00ednas de alta qualidade que ajudam a manter a sa\u00fade do corpo inteiro dos gatos. Juntamente com o \u00f3leo de salm\u00e3o, essas prote\u00ednas ajudam a manter uma pele saud\u00e1vel e uma pelagem brilhante, e a alta digestibilidade das prote\u00ednas ajuda a manter os m\u00fasculos fortes e \u00e1geis.  <\/p>\n","protected":false},"featured_media":7672,"comment_status":"open","ping_status":"closed","template":"","meta":{"_acf_changed":false},"pwb-brand":[],"product_brand":[646],"product_cat":[609,608],"product_tag":[],"class_list":{"0":"post-7670","1":"product","2":"type-product","3":"status-publish","4":"has-post-thumbnail","6":"product_brand-rawival","7":"product_cat-adult-cat","8":"product_cat-cat-food","10":"first","11":"instock","12":"taxable","13":"shipping-taxable","14":"product-type-variable"},"acf":[],"brands":[],"_links":{"self":[{"href":"https:\/\/kraftiapet.com\/pt-br\/wp-json\/wp\/v2\/product\/7670","targetHints":{"allow":["GET"]}}],"collection":[{"href":"https:\/\/kraftiapet.com\/pt-br\/wp-json\/wp\/v2\/product"}],"about":[{"href":"https:\/\/kraftiapet.com\/pt-br\/wp-json\/wp\/v2\/types\/product"}],"replies":[{"embeddable":true,"href":"https:\/\/kraftiapet.com\/pt-br\/wp-json\/wp\/v2\/comments?post=7670"}],"wp:featuredmedia":[{"embeddable":true,"href":"https:\/\/kraftiapet.com\/pt-br\/wp-json\/wp\/v2\/media\/7672"}],"wp:attachment":[{"href":"https:\/\/kraftiapet.com\/pt-br\/wp-json\/wp\/v2\/media?parent=7670"}],"wp:term":[{"taxonomy":"pwb-brand","embeddable":true,"href":"https:\/\/kraftiapet.com\/pt-br\/wp-json\/wp\/v2\/pwb-brand?post=7670"},{"taxonomy":"product_brand","embeddable":true,"href":"https:\/\/kraftiapet.com\/pt-br\/wp-json\/wp\/v2\/product_brand?post=7670"},{"taxonomy":"product_cat","embeddable":true,"href":"https:\/\/kraftiapet.com\/pt-br\/wp-json\/wp\/v2\/product_cat?post=7670"},{"taxonomy":"product_tag","embeddable":true,"href":"https:\/\/kraftiapet.com\/pt-br\/wp-json\/wp\/v2\/product_tag?post=7670"}],"curies":[{"name":"wp","href":"https:\/\/api.w.org\/{rel}","templated":true}]}}