{"id":7671,"date":"2025-09-25T10:41:13","date_gmt":"2025-09-25T10:41:13","guid":{"rendered":"https:\/\/kraftiapet.com\/?post_type=product&#038;p=7671"},"modified":"2026-04-28T14:37:49","modified_gmt":"2026-04-28T14:37:49","slug":"gifts-of-land-and-sea-2","status":"publish","type":"product","link":"https:\/\/kraftiapet.com\/pt-br\/product\/gifts-of-land-and-sea-2\/","title":{"rendered":"Gifts of Land and Sea"},"content":{"rendered":"","protected":false},"excerpt":{"rendered":"<p>Gifts of Land and Sea &#8211; Rawival \u00e9 uma ra\u00e7\u00e3o premium para gatos adultos com frango, salm\u00e3o e arenque. O frango cru desossado e o arenque e o salm\u00e3o rec\u00e9m-congelados formam uma excelente combina\u00e7\u00e3o saborosa: juntos, eles fornecem uma fonte saud\u00e1vel de prote\u00edna, essencial para os m\u00fasculos dos gatos. As prote\u00ednas do arenque e do salm\u00e3o, juntamente com o \u00f3leo de salm\u00e3o, ajudam a manter uma pele saud\u00e1vel e uma pelagem brilhante.  <\/p>\n","protected":false},"featured_media":7673,"comment_status":"open","ping_status":"closed","template":"","meta":{"_acf_changed":false},"pwb-brand":[],"product_brand":[646],"product_cat":[609,608],"product_tag":[],"class_list":{"0":"post-7671","1":"product","2":"type-product","3":"status-publish","4":"has-post-thumbnail","6":"product_brand-rawival","7":"product_cat-adult-cat","8":"product_cat-cat-food","10":"first","11":"instock","12":"taxable","13":"shipping-taxable","14":"product-type-variable"},"acf":[],"brands":[],"_links":{"self":[{"href":"https:\/\/kraftiapet.com\/pt-br\/wp-json\/wp\/v2\/product\/7671","targetHints":{"allow":["GET"]}}],"collection":[{"href":"https:\/\/kraftiapet.com\/pt-br\/wp-json\/wp\/v2\/product"}],"about":[{"href":"https:\/\/kraftiapet.com\/pt-br\/wp-json\/wp\/v2\/types\/product"}],"replies":[{"embeddable":true,"href":"https:\/\/kraftiapet.com\/pt-br\/wp-json\/wp\/v2\/comments?post=7671"}],"wp:featuredmedia":[{"embeddable":true,"href":"https:\/\/kraftiapet.com\/pt-br\/wp-json\/wp\/v2\/media\/7673"}],"wp:attachment":[{"href":"https:\/\/kraftiapet.com\/pt-br\/wp-json\/wp\/v2\/media?parent=7671"}],"wp:term":[{"taxonomy":"pwb-brand","embeddable":true,"href":"https:\/\/kraftiapet.com\/pt-br\/wp-json\/wp\/v2\/pwb-brand?post=7671"},{"taxonomy":"product_brand","embeddable":true,"href":"https:\/\/kraftiapet.com\/pt-br\/wp-json\/wp\/v2\/product_brand?post=7671"},{"taxonomy":"product_cat","embeddable":true,"href":"https:\/\/kraftiapet.com\/pt-br\/wp-json\/wp\/v2\/product_cat?post=7671"},{"taxonomy":"product_tag","embeddable":true,"href":"https:\/\/kraftiapet.com\/pt-br\/wp-json\/wp\/v2\/product_tag?post=7671"}],"curies":[{"name":"wp","href":"https:\/\/api.w.org\/{rel}","templated":true}]}}