{"id":7690,"date":"2025-09-26T09:54:43","date_gmt":"2025-09-26T09:54:43","guid":{"rendered":"https:\/\/kraftiapet.com\/?post_type=product&#038;p=7690"},"modified":"2026-04-28T14:37:48","modified_gmt":"2026-04-28T14:37:48","slug":"finest-from-the-sky-2","status":"publish","type":"product","link":"https:\/\/kraftiapet.com\/pt-br\/product\/finest-from-the-sky-2\/","title":{"rendered":"Finest From the Sky"},"content":{"rendered":"","protected":false},"excerpt":{"rendered":"<p>Finest From the Sky \u2013 Rawival \u00e9 uma ra\u00e7\u00e3o premium para gatos adultos com pato e peru. O pato desossado cru e o peru desossado cru formam uma combina\u00e7\u00e3o muito saborosa e saud\u00e1vel: juntos, fornecem uma fonte saud\u00e1vel de prote\u00edna, ajudando a manter m\u00fasculos fortes e \u00e1geis. Essas prote\u00ednas, aliadas ao \u00f3leo de salm\u00e3o, ajudam a manter a sa\u00fade da pele e a beleza da pelagem.  <\/p>\n","protected":false},"featured_media":7693,"comment_status":"open","ping_status":"closed","template":"","meta":{"_acf_changed":false},"pwb-brand":[],"product_brand":[646],"product_cat":[609,608],"product_tag":[],"class_list":{"0":"post-7690","1":"product","2":"type-product","3":"status-publish","4":"has-post-thumbnail","6":"product_brand-rawival","7":"product_cat-adult-cat","8":"product_cat-cat-food","10":"first","11":"instock","12":"taxable","13":"shipping-taxable","14":"product-type-variable"},"acf":[],"brands":[],"_links":{"self":[{"href":"https:\/\/kraftiapet.com\/pt-br\/wp-json\/wp\/v2\/product\/7690","targetHints":{"allow":["GET"]}}],"collection":[{"href":"https:\/\/kraftiapet.com\/pt-br\/wp-json\/wp\/v2\/product"}],"about":[{"href":"https:\/\/kraftiapet.com\/pt-br\/wp-json\/wp\/v2\/types\/product"}],"replies":[{"embeddable":true,"href":"https:\/\/kraftiapet.com\/pt-br\/wp-json\/wp\/v2\/comments?post=7690"}],"wp:featuredmedia":[{"embeddable":true,"href":"https:\/\/kraftiapet.com\/pt-br\/wp-json\/wp\/v2\/media\/7693"}],"wp:attachment":[{"href":"https:\/\/kraftiapet.com\/pt-br\/wp-json\/wp\/v2\/media?parent=7690"}],"wp:term":[{"taxonomy":"pwb-brand","embeddable":true,"href":"https:\/\/kraftiapet.com\/pt-br\/wp-json\/wp\/v2\/pwb-brand?post=7690"},{"taxonomy":"product_brand","embeddable":true,"href":"https:\/\/kraftiapet.com\/pt-br\/wp-json\/wp\/v2\/product_brand?post=7690"},{"taxonomy":"product_cat","embeddable":true,"href":"https:\/\/kraftiapet.com\/pt-br\/wp-json\/wp\/v2\/product_cat?post=7690"},{"taxonomy":"product_tag","embeddable":true,"href":"https:\/\/kraftiapet.com\/pt-br\/wp-json\/wp\/v2\/product_tag?post=7690"}],"curies":[{"name":"wp","href":"https:\/\/api.w.org\/{rel}","templated":true}]}}