{"id":7699,"date":"2025-09-26T11:55:18","date_gmt":"2025-09-26T11:55:18","guid":{"rendered":"https:\/\/kraftiapet.com\/?post_type=product&#038;p=7699"},"modified":"2026-04-28T14:37:44","modified_gmt":"2026-04-28T14:37:44","slug":"gifts-of-fields-branches-4","status":"publish","type":"product","link":"https:\/\/kraftiapet.com\/pt-br\/product\/gifts-of-fields-branches-4\/","title":{"rendered":"Gifts of Fields &amp; Branches"},"content":{"rendered":"","protected":false},"excerpt":{"rendered":"<p>Gifts of Fields &amp; Branches &#8211; Rawival \u00e9 uma ra\u00e7\u00e3o premium para c\u00e3es adultos de ra\u00e7as m\u00e9dias e grandes com cordeiro e codorna. O cordeiro desossado cru alimentado com capim e a codorna desossada crua proporcionam uma mistura deliciosa e saborosa, fornecendo a prote\u00edna nutritiva de que um c\u00e3o ativo precisa. Uma mistura de gr\u00e3os saud\u00e1veis, incluindo fontes antigas, fornece energia para longas caminhadas. Prebi\u00f3ticos, fibras, fitonutrientes e vitaminas ajudam a manter a sa\u00fade intestinal.   <\/p>\n","protected":false},"featured_media":7701,"comment_status":"open","ping_status":"closed","template":"","meta":{"_acf_changed":false},"pwb-brand":[],"product_brand":[646],"product_cat":[614,613],"product_tag":[],"class_list":{"0":"post-7699","1":"product","2":"type-product","3":"status-publish","4":"has-post-thumbnail","6":"product_brand-rawival","7":"product_cat-adult-dog","8":"product_cat-dog-food","10":"first","11":"instock","12":"taxable","13":"shipping-taxable","14":"product-type-variable"},"acf":[],"brands":[],"_links":{"self":[{"href":"https:\/\/kraftiapet.com\/pt-br\/wp-json\/wp\/v2\/product\/7699","targetHints":{"allow":["GET"]}}],"collection":[{"href":"https:\/\/kraftiapet.com\/pt-br\/wp-json\/wp\/v2\/product"}],"about":[{"href":"https:\/\/kraftiapet.com\/pt-br\/wp-json\/wp\/v2\/types\/product"}],"replies":[{"embeddable":true,"href":"https:\/\/kraftiapet.com\/pt-br\/wp-json\/wp\/v2\/comments?post=7699"}],"wp:featuredmedia":[{"embeddable":true,"href":"https:\/\/kraftiapet.com\/pt-br\/wp-json\/wp\/v2\/media\/7701"}],"wp:attachment":[{"href":"https:\/\/kraftiapet.com\/pt-br\/wp-json\/wp\/v2\/media?parent=7699"}],"wp:term":[{"taxonomy":"pwb-brand","embeddable":true,"href":"https:\/\/kraftiapet.com\/pt-br\/wp-json\/wp\/v2\/pwb-brand?post=7699"},{"taxonomy":"product_brand","embeddable":true,"href":"https:\/\/kraftiapet.com\/pt-br\/wp-json\/wp\/v2\/product_brand?post=7699"},{"taxonomy":"product_cat","embeddable":true,"href":"https:\/\/kraftiapet.com\/pt-br\/wp-json\/wp\/v2\/product_cat?post=7699"},{"taxonomy":"product_tag","embeddable":true,"href":"https:\/\/kraftiapet.com\/pt-br\/wp-json\/wp\/v2\/product_tag?post=7699"}],"curies":[{"name":"wp","href":"https:\/\/api.w.org\/{rel}","templated":true}]}}