{"id":7700,"date":"2025-09-26T10:18:38","date_gmt":"2025-09-26T10:18:38","guid":{"rendered":"https:\/\/kraftiapet.com\/?post_type=product&#038;p=7700"},"modified":"2026-04-28T14:37:47","modified_gmt":"2026-04-28T14:37:47","slug":"finest-from-the-sky-para-gatos-esterilizados","status":"publish","type":"product","link":"https:\/\/kraftiapet.com\/pt-br\/product\/finest-from-the-sky-para-gatos-esterilizados\/","title":{"rendered":"Finest From the Sky &#8211; para gatos esterilizados"},"content":{"rendered":"","protected":false},"excerpt":{"rendered":"<p>Finest From the Sky &#8211; Rawival \u00e9 uma ra\u00e7\u00e3o premium para gatos adultos esterilizados com pato e peru. O pato desossado cru e o peru desossado cru s\u00e3o uma combina\u00e7\u00e3o muito saborosa e saud\u00e1vel: ambos fornecem a prote\u00edna essencial necess\u00e1ria para m\u00fasculos saud\u00e1veis. Um n\u00edvel controlado e baixo de gordura, juntamente com a L-carnitina, que queima gordura, ajuda a manter um peso saud\u00e1vel em gatos esterilizados.  <\/p>\n","protected":false},"featured_media":7704,"comment_status":"open","ping_status":"closed","template":"","meta":{"_acf_changed":false},"pwb-brand":[],"product_brand":[646],"product_cat":[609,608],"product_tag":[],"class_list":{"0":"post-7700","1":"product","2":"type-product","3":"status-publish","4":"has-post-thumbnail","6":"product_brand-rawival","7":"product_cat-adult-cat","8":"product_cat-cat-food","10":"first","11":"instock","12":"taxable","13":"shipping-taxable","14":"product-type-variable"},"acf":[],"brands":[],"_links":{"self":[{"href":"https:\/\/kraftiapet.com\/pt-br\/wp-json\/wp\/v2\/product\/7700","targetHints":{"allow":["GET"]}}],"collection":[{"href":"https:\/\/kraftiapet.com\/pt-br\/wp-json\/wp\/v2\/product"}],"about":[{"href":"https:\/\/kraftiapet.com\/pt-br\/wp-json\/wp\/v2\/types\/product"}],"replies":[{"embeddable":true,"href":"https:\/\/kraftiapet.com\/pt-br\/wp-json\/wp\/v2\/comments?post=7700"}],"wp:featuredmedia":[{"embeddable":true,"href":"https:\/\/kraftiapet.com\/pt-br\/wp-json\/wp\/v2\/media\/7704"}],"wp:attachment":[{"href":"https:\/\/kraftiapet.com\/pt-br\/wp-json\/wp\/v2\/media?parent=7700"}],"wp:term":[{"taxonomy":"pwb-brand","embeddable":true,"href":"https:\/\/kraftiapet.com\/pt-br\/wp-json\/wp\/v2\/pwb-brand?post=7700"},{"taxonomy":"product_brand","embeddable":true,"href":"https:\/\/kraftiapet.com\/pt-br\/wp-json\/wp\/v2\/product_brand?post=7700"},{"taxonomy":"product_cat","embeddable":true,"href":"https:\/\/kraftiapet.com\/pt-br\/wp-json\/wp\/v2\/product_cat?post=7700"},{"taxonomy":"product_tag","embeddable":true,"href":"https:\/\/kraftiapet.com\/pt-br\/wp-json\/wp\/v2\/product_tag?post=7700"}],"curies":[{"name":"wp","href":"https:\/\/api.w.org\/{rel}","templated":true}]}}