{"id":7710,"date":"2025-09-26T10:35:42","date_gmt":"2025-09-26T10:35:42","guid":{"rendered":"https:\/\/kraftiapet.com\/?post_type=product&#038;p=7710"},"modified":"2026-04-28T14:37:47","modified_gmt":"2026-04-28T14:37:47","slug":"finest-from-the-sky","status":"publish","type":"product","link":"https:\/\/kraftiapet.com\/pt-br\/product\/finest-from-the-sky\/","title":{"rendered":"Finest From the Sky"},"content":{"rendered":"","protected":false},"excerpt":{"rendered":"<p>Finest From the Sky &#8211; Rawival \u00e9 um alimento premium para gatinhos com pato e peru. O pato desossado cru e o peru desossado cru formam uma combina\u00e7\u00e3o muito saborosa e saud\u00e1vel. Eles fornecem prote\u00ednas essenciais e taurina, ambas muito importantes e necess\u00e1rias aos gatinhos para o desenvolvimento saud\u00e1vel dos olhos e do cora\u00e7\u00e3o. As prote\u00ednas tamb\u00e9m ajudam a manter e apoiar m\u00fasculos fortes e \u00e1geis.   <\/p>\n","protected":false},"featured_media":7714,"comment_status":"open","ping_status":"closed","template":"","meta":{"_acf_changed":false},"pwb-brand":[],"product_brand":[646],"product_cat":[620,608],"product_tag":[],"class_list":{"0":"post-7710","1":"product","2":"type-product","3":"status-publish","4":"has-post-thumbnail","6":"product_brand-rawival","7":"product_cat-kitten","8":"product_cat-cat-food","10":"first","11":"instock","12":"taxable","13":"shipping-taxable","14":"product-type-variable"},"acf":[],"brands":[],"_links":{"self":[{"href":"https:\/\/kraftiapet.com\/pt-br\/wp-json\/wp\/v2\/product\/7710","targetHints":{"allow":["GET"]}}],"collection":[{"href":"https:\/\/kraftiapet.com\/pt-br\/wp-json\/wp\/v2\/product"}],"about":[{"href":"https:\/\/kraftiapet.com\/pt-br\/wp-json\/wp\/v2\/types\/product"}],"replies":[{"embeddable":true,"href":"https:\/\/kraftiapet.com\/pt-br\/wp-json\/wp\/v2\/comments?post=7710"}],"wp:featuredmedia":[{"embeddable":true,"href":"https:\/\/kraftiapet.com\/pt-br\/wp-json\/wp\/v2\/media\/7714"}],"wp:attachment":[{"href":"https:\/\/kraftiapet.com\/pt-br\/wp-json\/wp\/v2\/media?parent=7710"}],"wp:term":[{"taxonomy":"pwb-brand","embeddable":true,"href":"https:\/\/kraftiapet.com\/pt-br\/wp-json\/wp\/v2\/pwb-brand?post=7710"},{"taxonomy":"product_brand","embeddable":true,"href":"https:\/\/kraftiapet.com\/pt-br\/wp-json\/wp\/v2\/product_brand?post=7710"},{"taxonomy":"product_cat","embeddable":true,"href":"https:\/\/kraftiapet.com\/pt-br\/wp-json\/wp\/v2\/product_cat?post=7710"},{"taxonomy":"product_tag","embeddable":true,"href":"https:\/\/kraftiapet.com\/pt-br\/wp-json\/wp\/v2\/product_tag?post=7710"}],"curies":[{"name":"wp","href":"https:\/\/api.w.org\/{rel}","templated":true}]}}