{"id":7719,"date":"2025-09-28T21:49:19","date_gmt":"2025-09-28T21:49:19","guid":{"rendered":"https:\/\/kraftiapet.com\/?post_type=product&#038;p=7719"},"modified":"2026-04-28T14:37:43","modified_gmt":"2026-04-28T14:37:43","slug":"gifts-of-fields-branches","status":"publish","type":"product","link":"https:\/\/kraftiapet.com\/pt-br\/product\/gifts-of-fields-branches\/","title":{"rendered":"Gifts of Fields &amp; Branches"},"content":{"rendered":"","protected":false},"excerpt":{"rendered":"<p>Gifts of Fields &amp; Branches \u2013 Rawival \u00e9 uma ra\u00e7\u00e3o premium para filhotes de ra\u00e7as toy e pequenas com cordeiro e codorna. O cordeiro desossado cru alimentado a pasto e a codorna desossada crua criam uma mistura perfeita de prote\u00ednas naturais, fornecendo os nutrientes essenciais para apoiar o crescimento e o desenvolvimento saud\u00e1veis. Uma mistura de gr\u00e3os saud\u00e1veis, incluindo gr\u00e3os ancestrais, fornece energia est\u00e1vel para o crescimento, e a receita tamb\u00e9m \u00e9 adequada para cadelas gestantes ou lactantes.  <\/p>\n","protected":false},"featured_media":7720,"comment_status":"open","ping_status":"closed","template":"","meta":{"_acf_changed":false},"pwb-brand":[],"product_brand":[646],"product_cat":[633,613],"product_tag":[],"class_list":{"0":"post-7719","1":"product","2":"type-product","3":"status-publish","4":"has-post-thumbnail","6":"product_brand-rawival","7":"product_cat-puppy","8":"product_cat-dog-food","10":"first","11":"instock","12":"taxable","13":"shipping-taxable","14":"product-type-variable"},"acf":[],"brands":[],"_links":{"self":[{"href":"https:\/\/kraftiapet.com\/pt-br\/wp-json\/wp\/v2\/product\/7719","targetHints":{"allow":["GET"]}}],"collection":[{"href":"https:\/\/kraftiapet.com\/pt-br\/wp-json\/wp\/v2\/product"}],"about":[{"href":"https:\/\/kraftiapet.com\/pt-br\/wp-json\/wp\/v2\/types\/product"}],"replies":[{"embeddable":true,"href":"https:\/\/kraftiapet.com\/pt-br\/wp-json\/wp\/v2\/comments?post=7719"}],"wp:featuredmedia":[{"embeddable":true,"href":"https:\/\/kraftiapet.com\/pt-br\/wp-json\/wp\/v2\/media\/7720"}],"wp:attachment":[{"href":"https:\/\/kraftiapet.com\/pt-br\/wp-json\/wp\/v2\/media?parent=7719"}],"wp:term":[{"taxonomy":"pwb-brand","embeddable":true,"href":"https:\/\/kraftiapet.com\/pt-br\/wp-json\/wp\/v2\/pwb-brand?post=7719"},{"taxonomy":"product_brand","embeddable":true,"href":"https:\/\/kraftiapet.com\/pt-br\/wp-json\/wp\/v2\/product_brand?post=7719"},{"taxonomy":"product_cat","embeddable":true,"href":"https:\/\/kraftiapet.com\/pt-br\/wp-json\/wp\/v2\/product_cat?post=7719"},{"taxonomy":"product_tag","embeddable":true,"href":"https:\/\/kraftiapet.com\/pt-br\/wp-json\/wp\/v2\/product_tag?post=7719"}],"curies":[{"name":"wp","href":"https:\/\/api.w.org\/{rel}","templated":true}]}}