{"id":7734,"date":"2025-10-13T06:44:03","date_gmt":"2025-10-13T06:44:03","guid":{"rendered":"https:\/\/kraftiapet.com\/?post_type=product&#038;p=7734"},"modified":"2026-04-29T09:34:26","modified_gmt":"2026-04-29T09:34:26","slug":"cognitive","status":"publish","type":"product","link":"https:\/\/kraftiapet.com\/pt-br\/product\/cognitive\/","title":{"rendered":"Cognitive"},"content":{"rendered":"<p data-start=\"249\" data-end=\"352\"><strong>Instru\u00e7\u00f5es de uso<\/strong>: 1 comprimido por 20 kg de BM (massa corporal) por dia.<\/p>\n<p data-start=\"249\" data-end=\"352\">Administre o(s) comprimido(s) mastig\u00e1vel(eis) <strong data-start=\"280\" data-end=\"294\">uma vez ao dia de<\/strong> acordo com a dosagem recomendada. O comprimido pode ser: <\/p>\n<ul data-start=\"353\" data-end=\"529\">\n<li data-start=\"353\" data-end=\"398\">\n<p data-start=\"355\" data-end=\"398\"><strong data-start=\"355\" data-end=\"373\">Dado diretamente<\/strong> ao c\u00e3o como um petisco.<\/p>\n<\/li>\n<li data-start=\"399\" data-end=\"448\">\n<p data-start=\"401\" data-end=\"448\"><strong data-start=\"401\" data-end=\"420\">Misturado \u00e0 ra\u00e7\u00e3o<\/strong> para facilitar a aceita\u00e7\u00e3o.<\/p>\n<\/li>\n<li data-start=\"449\" data-end=\"529\">\n<p data-start=\"451\" data-end=\"529\"><strong data-start=\"451\" data-end=\"487\">Colocado na base da l\u00edngua<\/strong> para garantir a ingest\u00e3o total, se necess\u00e1rio.<\/p>\n<\/li>\n<\/ul>\n<p data-start=\"531\" data-end=\"682\">Certifique-se de que o c\u00e3o tenha acesso a \u00e1gua pot\u00e1vel fresca o tempo todo. Siga as recomenda\u00e7\u00f5es do seu veterin\u00e1rio quanto \u00e0 dosagem ideal e \u00e0 dura\u00e7\u00e3o do uso. <\/p>\n","protected":false},"excerpt":{"rendered":"<p>Acreditamos que os c\u00e3es nos entendem completamente, e muitas vezes parece que eles est\u00e3o prestes a falar. Isso se deve ao \u00f3rg\u00e3o mais poderoso do sistema nervoso &#8211; o c\u00e9rebro, que trabalha a todo vapor para que os c\u00e3es possam entender melhor o mundo ao seu redor. Nosso suplemento para o c\u00e9rebro canino apoia a concentra\u00e7\u00e3o, a mem\u00f3ria e a fun\u00e7\u00e3o cognitiva, ajudando os c\u00e3es a se manterem afiados e mentalmente ativos. O sistema nervoso \u00e9 respons\u00e1vel por todos os tipos de mem\u00f3ria, como aprender sobre jogos, h\u00e1bitos di\u00e1rios, mas tamb\u00e9m por v\u00e1rios outros processos &#8220;de fundo&#8221;.   <\/p>\n<p><strong>QUANDO USAR O SUPLEMENTO COGNITIVO?<\/strong><\/p>\n<ul>\n<li>Para c\u00e3es em processo de aprendizagem \u2014 durante o treinamento, c\u00e3es de trabalho\/policiais<\/li>\n<li>Em c\u00e3es idosos, como preven\u00e7\u00e3o de doen\u00e7as neurol\u00f3gicas<\/li>\n<li>Como suporte \u00e0 terapia de doen\u00e7as do sistema nervoso central<\/li>\n<li>Para c\u00e3es em treinamento, durante a gesta\u00e7\u00e3o e a lacta\u00e7\u00e3o<\/li>\n<li>Para problemas de mem\u00f3ria, aprendizado e concentra\u00e7\u00e3o<\/li>\n<li>Em caso de desorienta\u00e7\u00e3o\/dem\u00eancia<\/li>\n<\/ul>\n","protected":false},"featured_media":7736,"comment_status":"open","ping_status":"closed","template":"","meta":{"_acf_changed":false},"pwb-brand":[],"product_brand":[657],"product_cat":[613,658],"product_tag":[],"class_list":{"0":"post-7734","1":"product","2":"type-product","3":"status-publish","4":"has-post-thumbnail","6":"product_brand-regalena","7":"product_cat-dog-food","8":"product_cat-dog-supplements","10":"first","11":"instock","12":"taxable","13":"shipping-taxable","14":"product-type-variable"},"acf":[],"brands":[],"_links":{"self":[{"href":"https:\/\/kraftiapet.com\/pt-br\/wp-json\/wp\/v2\/product\/7734","targetHints":{"allow":["GET"]}}],"collection":[{"href":"https:\/\/kraftiapet.com\/pt-br\/wp-json\/wp\/v2\/product"}],"about":[{"href":"https:\/\/kraftiapet.com\/pt-br\/wp-json\/wp\/v2\/types\/product"}],"replies":[{"embeddable":true,"href":"https:\/\/kraftiapet.com\/pt-br\/wp-json\/wp\/v2\/comments?post=7734"}],"wp:featuredmedia":[{"embeddable":true,"href":"https:\/\/kraftiapet.com\/pt-br\/wp-json\/wp\/v2\/media\/7736"}],"wp:attachment":[{"href":"https:\/\/kraftiapet.com\/pt-br\/wp-json\/wp\/v2\/media?parent=7734"}],"wp:term":[{"taxonomy":"pwb-brand","embeddable":true,"href":"https:\/\/kraftiapet.com\/pt-br\/wp-json\/wp\/v2\/pwb-brand?post=7734"},{"taxonomy":"product_brand","embeddable":true,"href":"https:\/\/kraftiapet.com\/pt-br\/wp-json\/wp\/v2\/product_brand?post=7734"},{"taxonomy":"product_cat","embeddable":true,"href":"https:\/\/kraftiapet.com\/pt-br\/wp-json\/wp\/v2\/product_cat?post=7734"},{"taxonomy":"product_tag","embeddable":true,"href":"https:\/\/kraftiapet.com\/pt-br\/wp-json\/wp\/v2\/product_tag?post=7734"}],"curies":[{"name":"wp","href":"https:\/\/api.w.org\/{rel}","templated":true}]}}