{"id":7746,"date":"2025-10-10T12:28:20","date_gmt":"2025-10-10T12:28:20","guid":{"rendered":"https:\/\/kraftiapet.com\/?post_type=product&#038;p=7746"},"modified":"2026-04-29T09:34:28","modified_gmt":"2026-04-29T09:34:28","slug":"liver-support","status":"publish","type":"product","link":"https:\/\/kraftiapet.com\/pt-br\/product\/liver-support\/","title":{"rendered":"Liver Support"},"content":{"rendered":"<p data-start=\"249\" data-end=\"352\"><strong>Instru\u00e7\u00f5es de uso<\/strong>: 1 comprimido para cada 10 kg de BM (massa corporal) por dia durante os primeiros 10 dias.<\/p>\n<p data-start=\"249\" data-end=\"352\">Administre o(s) comprimido(s) mastig\u00e1vel(eis) <strong data-start=\"280\" data-end=\"294\">uma vez ao dia de<\/strong> acordo com a dosagem recomendada. O comprimido pode ser: <\/p>\n<ul data-start=\"353\" data-end=\"529\">\n<li data-start=\"353\" data-end=\"398\">\n<p data-start=\"355\" data-end=\"398\"><strong data-start=\"355\" data-end=\"373\">Dado diretamente<\/strong> ao c\u00e3o como um petisco.<\/p>\n<\/li>\n<li data-start=\"399\" data-end=\"448\">\n<p data-start=\"401\" data-end=\"448\"><strong data-start=\"401\" data-end=\"420\">Misturado \u00e0 ra\u00e7\u00e3o<\/strong> para facilitar a aceita\u00e7\u00e3o.<\/p>\n<\/li>\n<li data-start=\"449\" data-end=\"529\">\n<p data-start=\"451\" data-end=\"529\"><strong data-start=\"451\" data-end=\"487\">Colocado na base da l\u00edngua<\/strong> para garantir a ingest\u00e3o total, se necess\u00e1rio.<\/p>\n<\/li>\n<\/ul>\n<p data-start=\"531\" data-end=\"682\">Certifique-se de que o c\u00e3o tenha acesso a \u00e1gua pot\u00e1vel fresca o tempo todo. Siga as recomenda\u00e7\u00f5es do seu veterin\u00e1rio quanto \u00e0 dosagem ideal e \u00e0 dura\u00e7\u00e3o do uso. <\/p>\n","protected":false},"excerpt":{"rendered":"<p>O f\u00edgado desempenha um papel importante no metabolismo e realiza muitas fun\u00e7\u00f5es &#8211; elimina toxinas, produz prote\u00ednas do sangue e participa da digest\u00e3o. Nosso suplemento de f\u00edgado para c\u00e3es ajuda a proteger as c\u00e9lulas hep\u00e1ticas, apoia a regenera\u00e7\u00e3o e promove um metabolismo saud\u00e1vel. Por outro lado, por exercer uma fun\u00e7\u00e3o central, o f\u00edgado est\u00e1 exposto a diversos problemas que podem amea\u00e7ar a sa\u00fade do c\u00e3o. Por isso, os cuidados preventivos para otimizar as fun\u00e7\u00f5es hep\u00e1ticas e sua prote\u00e7\u00e3o s\u00e3o sempre prefer\u00edveis.  <\/p>\n<p><strong>QUANDO USAR LIVER SUPPORT?<\/strong><\/p>\n<ul>\n<li>Em caso de f\u00edgado gorduroso<\/li>\n<li>Durante o uso de medicamentos hepatot\u00f3xicos<\/li>\n<li>Para combater a hepatite (adenov\u00edrus, leptospirose, toxoplasmose)<\/li>\n<li>Em caso de intoxica\u00e7\u00e3o por metais pesados<\/li>\n<li>Para cistos hep\u00e1ticos<\/li>\n<li>Em caso de obstru\u00e7\u00e3o do ducto biliar<\/li>\n<\/ul>\n","protected":false},"featured_media":7748,"comment_status":"open","ping_status":"closed","template":"","meta":{"_acf_changed":false},"pwb-brand":[],"product_brand":[657],"product_cat":[613,658],"product_tag":[],"class_list":{"0":"post-7746","1":"product","2":"type-product","3":"status-publish","4":"has-post-thumbnail","6":"product_brand-regalena","7":"product_cat-dog-food","8":"product_cat-dog-supplements","10":"first","11":"instock","12":"taxable","13":"shipping-taxable","14":"product-type-variable"},"acf":[],"brands":[],"_links":{"self":[{"href":"https:\/\/kraftiapet.com\/pt-br\/wp-json\/wp\/v2\/product\/7746","targetHints":{"allow":["GET"]}}],"collection":[{"href":"https:\/\/kraftiapet.com\/pt-br\/wp-json\/wp\/v2\/product"}],"about":[{"href":"https:\/\/kraftiapet.com\/pt-br\/wp-json\/wp\/v2\/types\/product"}],"replies":[{"embeddable":true,"href":"https:\/\/kraftiapet.com\/pt-br\/wp-json\/wp\/v2\/comments?post=7746"}],"wp:featuredmedia":[{"embeddable":true,"href":"https:\/\/kraftiapet.com\/pt-br\/wp-json\/wp\/v2\/media\/7748"}],"wp:attachment":[{"href":"https:\/\/kraftiapet.com\/pt-br\/wp-json\/wp\/v2\/media?parent=7746"}],"wp:term":[{"taxonomy":"pwb-brand","embeddable":true,"href":"https:\/\/kraftiapet.com\/pt-br\/wp-json\/wp\/v2\/pwb-brand?post=7746"},{"taxonomy":"product_brand","embeddable":true,"href":"https:\/\/kraftiapet.com\/pt-br\/wp-json\/wp\/v2\/product_brand?post=7746"},{"taxonomy":"product_cat","embeddable":true,"href":"https:\/\/kraftiapet.com\/pt-br\/wp-json\/wp\/v2\/product_cat?post=7746"},{"taxonomy":"product_tag","embeddable":true,"href":"https:\/\/kraftiapet.com\/pt-br\/wp-json\/wp\/v2\/product_tag?post=7746"}],"curies":[{"name":"wp","href":"https:\/\/api.w.org\/{rel}","templated":true}]}}