{"id":7756,"date":"2025-10-13T07:09:13","date_gmt":"2025-10-13T07:09:13","guid":{"rendered":"https:\/\/kraftiapet.com\/?post_type=product&#038;p=7756"},"modified":"2026-04-29T09:34:26","modified_gmt":"2026-04-29T09:34:26","slug":"urinary-care","status":"publish","type":"product","link":"https:\/\/kraftiapet.com\/pt-br\/product\/urinary-care\/","title":{"rendered":"Urinary Care"},"content":{"rendered":"<p data-start=\"249\" data-end=\"352\"><strong>Instru\u00e7\u00f5es de uso<\/strong>: 1 comprimido para cada 15 kg de massa corporal por dia durante 6 meses.<\/p>\n<p data-start=\"249\" data-end=\"352\">Administre o(s) comprimido(s) mastig\u00e1vel(eis) <strong data-start=\"280\" data-end=\"294\">uma vez ao dia<\/strong>, de acordo com a dosagem recomendada. O comprimido pode ser: <\/p>\n<ul data-start=\"353\" data-end=\"529\">\n<li data-start=\"353\" data-end=\"398\">\n<p data-start=\"355\" data-end=\"398\"><strong data-start=\"355\" data-end=\"373\">Dado diretamente<\/strong> ao c\u00e3o como um petisco.<\/p>\n<\/li>\n<li data-start=\"399\" data-end=\"448\">\n<p data-start=\"401\" data-end=\"448\"><strong data-start=\"401\" data-end=\"420\">Misturado \u00e0 ra\u00e7\u00e3o <\/strong>para facilitar a aceita\u00e7\u00e3o.<\/p>\n<\/li>\n<li data-start=\"449\" data-end=\"529\">\n<p data-start=\"451\" data-end=\"529\"><strong data-start=\"451\" data-end=\"487\">Colocado na base da l\u00edngua <\/strong>para garantir a ingest\u00e3o total, se necess\u00e1rio.<\/p>\n<\/li>\n<\/ul>\n<p data-start=\"531\" data-end=\"682\">Certifique-se de que o c\u00e3o tenha acesso a \u00e1gua fresca e pot\u00e1vel o tempo todo. Siga as recomenda\u00e7\u00f5es do seu veterin\u00e1rio quanto \u00e0 dosagem ideal e \u00e0 dura\u00e7\u00e3o do uso. <\/p>\n","protected":false},"excerpt":{"rendered":"<p>As infec\u00e7\u00f5es do trato urin\u00e1rio s\u00e3o frequentemente um problema ao qual os c\u00e3es est\u00e3o expostos e, em 90% dos casos, a Escherichia coli \u00e9 a causa da infec\u00e7\u00e3o. Nosso suplemento urin\u00e1rio para c\u00e3es ajuda na elimina\u00e7\u00e3o natural das bact\u00e9rias, fortalece a imunidade e ajuda a prevenir reinfec\u00e7\u00f5es. Antibi\u00f3ticos s\u00e3o utilizados no tratamento juntamente com m\u00e9todos naturais para eliminar as bact\u00e9rias do trato urin\u00e1rio e fortalecer a imunidade, protegendo assim os animais de estima\u00e7\u00e3o contra novas infec\u00e7\u00f5es.  <\/p>\n<p><strong>QUANDO USAR O SUPLEMENTO URIN\u00c1RIO?<\/strong><\/p>\n<ul>\n<li>Para inflama\u00e7\u00f5es agudas, cr\u00f4nicas e recorrentes do trato urin\u00e1rio<\/li>\n<li>Como preven\u00e7\u00e3o contra c\u00e1lculos renais<\/li>\n<li>Contra cristais e c\u00e1lculos na bexiga urin\u00e1ria<\/li>\n<li>Ap\u00f3s cateteriza\u00e7\u00e3o e procedimentos cir\u00fargicos<\/li>\n<li>Como suporte \u00e0 terapia convencional prescrita<\/li>\n<li>Em casos de hiperplasia prost\u00e1tica<\/li>\n<li>Como preven\u00e7\u00e3o em ra\u00e7as predispostas<\/li>\n<li>Para melhor qualidade do s\u00eamen<\/li>\n<\/ul>\n","protected":false},"featured_media":7758,"comment_status":"open","ping_status":"closed","template":"","meta":{"_acf_changed":false},"pwb-brand":[],"product_brand":[657],"product_cat":[613,658],"product_tag":[],"class_list":{"0":"post-7756","1":"product","2":"type-product","3":"status-publish","4":"has-post-thumbnail","6":"product_brand-regalena","7":"product_cat-dog-food","8":"product_cat-dog-supplements","10":"first","11":"instock","12":"taxable","13":"shipping-taxable","14":"product-type-variable"},"acf":[],"brands":[],"_links":{"self":[{"href":"https:\/\/kraftiapet.com\/pt-br\/wp-json\/wp\/v2\/product\/7756","targetHints":{"allow":["GET"]}}],"collection":[{"href":"https:\/\/kraftiapet.com\/pt-br\/wp-json\/wp\/v2\/product"}],"about":[{"href":"https:\/\/kraftiapet.com\/pt-br\/wp-json\/wp\/v2\/types\/product"}],"replies":[{"embeddable":true,"href":"https:\/\/kraftiapet.com\/pt-br\/wp-json\/wp\/v2\/comments?post=7756"}],"wp:featuredmedia":[{"embeddable":true,"href":"https:\/\/kraftiapet.com\/pt-br\/wp-json\/wp\/v2\/media\/7758"}],"wp:attachment":[{"href":"https:\/\/kraftiapet.com\/pt-br\/wp-json\/wp\/v2\/media?parent=7756"}],"wp:term":[{"taxonomy":"pwb-brand","embeddable":true,"href":"https:\/\/kraftiapet.com\/pt-br\/wp-json\/wp\/v2\/pwb-brand?post=7756"},{"taxonomy":"product_brand","embeddable":true,"href":"https:\/\/kraftiapet.com\/pt-br\/wp-json\/wp\/v2\/product_brand?post=7756"},{"taxonomy":"product_cat","embeddable":true,"href":"https:\/\/kraftiapet.com\/pt-br\/wp-json\/wp\/v2\/product_cat?post=7756"},{"taxonomy":"product_tag","embeddable":true,"href":"https:\/\/kraftiapet.com\/pt-br\/wp-json\/wp\/v2\/product_tag?post=7756"}],"curies":[{"name":"wp","href":"https:\/\/api.w.org\/{rel}","templated":true}]}}