{"id":7769,"date":"2025-10-13T07:18:25","date_gmt":"2025-10-13T07:18:25","guid":{"rendered":"https:\/\/kraftiapet.com\/?post_type=product&#038;p=7769"},"modified":"2026-04-29T09:34:26","modified_gmt":"2026-04-29T09:34:26","slug":"allergy-relief","status":"publish","type":"product","link":"https:\/\/kraftiapet.com\/pt-br\/product\/allergy-relief\/","title":{"rendered":"Allergy Relief"},"content":{"rendered":"<p data-start=\"249\" data-end=\"352\"><strong>Instru\u00e7\u00f5es de uso:<\/strong> 1 comprimido para cada 15 kg de BM (massa corporal) por dia.<\/p>\n<p data-start=\"249\" data-end=\"352\">Administre o(s) comprimido(s) mastig\u00e1vel(eis) <strong data-start=\"280\" data-end=\"294\">uma vez ao dia<\/strong>, de acordo com a dosagem recomendada. O comprimido pode ser: <\/p>\n<ul data-start=\"353\" data-end=\"529\">\n<li data-start=\"353\" data-end=\"398\">\n<p data-start=\"355\" data-end=\"398\"><strong data-start=\"355\" data-end=\"373\">Dado diretamente<\/strong> ao c\u00e3o como um petisco.<\/p>\n<\/li>\n<li data-start=\"399\" data-end=\"448\">\n<p data-start=\"401\" data-end=\"448\"><strong data-start=\"401\" data-end=\"420\">Misturado \u00e0 ra\u00e7\u00e3o<\/strong> para facilitar a aceita\u00e7\u00e3o.<\/p>\n<\/li>\n<li data-start=\"449\" data-end=\"529\">\n<p data-start=\"451\" data-end=\"529\"><strong data-start=\"451\" data-end=\"487\">Colocado na base da l\u00edngua<\/strong> para garantir a ingest\u00e3o total, se necess\u00e1rio.<\/p>\n<\/li>\n<\/ul>\n<p data-start=\"531\" data-end=\"682\">Certifique-se de que o c\u00e3o tenha acesso a \u00e1gua fresca e pot\u00e1vel o tempo todo. Siga as recomenda\u00e7\u00f5es do seu veterin\u00e1rio quanto \u00e0 dosagem ideal e \u00e0 dura\u00e7\u00e3o do uso. <\/p>\n","protected":false},"excerpt":{"rendered":"<p>Assim como os seres humanos, alguns c\u00e3es t\u00eam um sistema imunol\u00f3gico hiperativo, o que resulta em uma forte rea\u00e7\u00e3o a fatores relativamente inofensivos, como p\u00f3len, \u00e1caros, sol ou ra\u00e7\u00e3o. Nosso suplemento para alergias em c\u00e3es apoia a imunidade e ajuda o corpo a reagir com mais calma aos al\u00e9rgenos. Anti-histam\u00ednicos e imunomoduladores geralmente s\u00e3o necess\u00e1rios para aliviar as alergias, e observa-se que o fortalecimento da imunidade tamb\u00e9m desempenha um papel importante na resist\u00eancia do organismo a al\u00e9rgenos problem\u00e1ticos.  <\/p>\n<p><strong>QUANDO USAR AL\u00cdVIO DE ALERGIA?<\/strong><\/p>\n<ul>\n<li>Em todos os tipos de atopia \u2014 sist\u00eamica e local<\/li>\n<li>Alivia a coceira, olhos lacrimejantes, coriza e incha\u00e7o<\/li>\n<li>Acalma o sistema imunol\u00f3gico sensibilizado<\/li>\n<li>Reduz os processos inflamat\u00f3rios<\/li>\n<li>A\u00e7\u00e3o preventiva, antes da exposi\u00e7\u00e3o a al\u00e9rgenos<\/li>\n<\/ul>\n","protected":false},"featured_media":7770,"comment_status":"open","ping_status":"closed","template":"","meta":{"_acf_changed":false},"pwb-brand":[],"product_brand":[657],"product_cat":[613,658],"product_tag":[],"class_list":{"0":"post-7769","1":"product","2":"type-product","3":"status-publish","4":"has-post-thumbnail","6":"product_brand-regalena","7":"product_cat-dog-food","8":"product_cat-dog-supplements","10":"first","11":"instock","12":"taxable","13":"shipping-taxable","14":"product-type-variable"},"acf":[],"brands":[],"_links":{"self":[{"href":"https:\/\/kraftiapet.com\/pt-br\/wp-json\/wp\/v2\/product\/7769","targetHints":{"allow":["GET"]}}],"collection":[{"href":"https:\/\/kraftiapet.com\/pt-br\/wp-json\/wp\/v2\/product"}],"about":[{"href":"https:\/\/kraftiapet.com\/pt-br\/wp-json\/wp\/v2\/types\/product"}],"replies":[{"embeddable":true,"href":"https:\/\/kraftiapet.com\/pt-br\/wp-json\/wp\/v2\/comments?post=7769"}],"wp:featuredmedia":[{"embeddable":true,"href":"https:\/\/kraftiapet.com\/pt-br\/wp-json\/wp\/v2\/media\/7770"}],"wp:attachment":[{"href":"https:\/\/kraftiapet.com\/pt-br\/wp-json\/wp\/v2\/media?parent=7769"}],"wp:term":[{"taxonomy":"pwb-brand","embeddable":true,"href":"https:\/\/kraftiapet.com\/pt-br\/wp-json\/wp\/v2\/pwb-brand?post=7769"},{"taxonomy":"product_brand","embeddable":true,"href":"https:\/\/kraftiapet.com\/pt-br\/wp-json\/wp\/v2\/product_brand?post=7769"},{"taxonomy":"product_cat","embeddable":true,"href":"https:\/\/kraftiapet.com\/pt-br\/wp-json\/wp\/v2\/product_cat?post=7769"},{"taxonomy":"product_tag","embeddable":true,"href":"https:\/\/kraftiapet.com\/pt-br\/wp-json\/wp\/v2\/product_tag?post=7769"}],"curies":[{"name":"wp","href":"https:\/\/api.w.org\/{rel}","templated":true}]}}