{"id":7778,"date":"2025-10-13T08:59:55","date_gmt":"2025-10-13T08:59:55","guid":{"rendered":"https:\/\/kraftiapet.com\/?post_type=product&#038;p=7778"},"modified":"2026-04-29T09:34:25","modified_gmt":"2026-04-29T09:34:25","slug":"senior","status":"publish","type":"product","link":"https:\/\/kraftiapet.com\/pt-br\/product\/senior\/","title":{"rendered":"Senior +"},"content":{"rendered":"<p data-start=\"249\" data-end=\"352\"><strong>Instru\u00e7\u00f5es de uso:<\/strong> 1 dose (2,7 g) para cada 15 kg de massa corporal por dia, misturada \u00e0 ra\u00e7\u00e3o.<\/p>\n<p data-start=\"249\" data-end=\"352\">Administre o(s) comprimido(s) mastig\u00e1vel(eis) <strong data-start=\"280\" data-end=\"294\">uma vez ao dia<\/strong>, de acordo com a dosagem recomendada. O comprimido pode ser: <\/p>\n<ul data-start=\"353\" data-end=\"529\">\n<li data-start=\"353\" data-end=\"398\">\n<p data-start=\"355\" data-end=\"398\"><strong data-start=\"355\" data-end=\"373\">Dado diretamente<\/strong> ao c\u00e3o como um petisco.<\/p>\n<\/li>\n<li data-start=\"399\" data-end=\"448\">\n<p data-start=\"401\" data-end=\"448\"><strong data-start=\"401\" data-end=\"420\">Misturado com alimentos<\/strong> para facilitar a aceita\u00e7\u00e3o.<\/p>\n<\/li>\n<li data-start=\"449\" data-end=\"529\">\n<p data-start=\"451\" data-end=\"529\"><strong data-start=\"451\" data-end=\"487\">Colocado na base da l\u00edngua<\/strong> para garantir a ingest\u00e3o total, se necess\u00e1rio.<\/p>\n<\/li>\n<\/ul>\n<p data-start=\"531\" data-end=\"682\">Certifique-se de que o c\u00e3o tenha acesso a \u00e1gua fresca e pot\u00e1vel o tempo todo. Siga as recomenda\u00e7\u00f5es do seu veterin\u00e1rio quanto \u00e0 dosagem ideal e \u00e0 dura\u00e7\u00e3o do uso. <\/p>\n","protected":false},"excerpt":{"rendered":"<p>O envelhecimento \u00e9 um processo gradual e cont\u00ednuo durante o qual os c\u00e3es passam por mudan\u00e7as internas e externas espec\u00edficas. Nosso suplemento para c\u00e3es idosos apoia a mobilidade, a cogni\u00e7\u00e3o, a fun\u00e7\u00e3o card\u00edaca e a vitalidade geral dos c\u00e3es mais velhos. Pelos grisalhos, ganho de peso, displasia de quadril ou cotovelo, assim como um cora\u00e7\u00e3o enfraquecido, desorienta\u00e7\u00e3o e redu\u00e7\u00e3o da fun\u00e7\u00e3o imunol\u00f3gica, s\u00e3o apenas algumas das dificuldades que os c\u00e3es mais velhos enfrentam.  <\/p>\n<p><strong>QUANDO USAR SENIOR PLUS?<\/strong><\/p>\n<ul>\n<li>Em c\u00e3es mais velhos (7+ anos) com problemas articulares<\/li>\n<li>Para c\u00e3es com mobilidade reduzida e rigidez<\/li>\n<li>Em casos de fun\u00e7\u00e3o card\u00edaca enfraquecida devido \u00e0 cardiomiopatia<\/li>\n<li>Em c\u00e3es confusos e desorientados<\/li>\n<li>Para fortalecer o sistema imunol\u00f3gico<\/li>\n<\/ul>\n","protected":false},"featured_media":7780,"comment_status":"open","ping_status":"closed","template":"","meta":{"_acf_changed":false},"pwb-brand":[],"product_brand":[657],"product_cat":[613,658],"product_tag":[],"class_list":{"0":"post-7778","1":"product","2":"type-product","3":"status-publish","4":"has-post-thumbnail","6":"product_brand-regalena","7":"product_cat-dog-food","8":"product_cat-dog-supplements","10":"first","11":"instock","12":"taxable","13":"shipping-taxable","14":"product-type-variable"},"acf":[],"brands":[],"_links":{"self":[{"href":"https:\/\/kraftiapet.com\/pt-br\/wp-json\/wp\/v2\/product\/7778","targetHints":{"allow":["GET"]}}],"collection":[{"href":"https:\/\/kraftiapet.com\/pt-br\/wp-json\/wp\/v2\/product"}],"about":[{"href":"https:\/\/kraftiapet.com\/pt-br\/wp-json\/wp\/v2\/types\/product"}],"replies":[{"embeddable":true,"href":"https:\/\/kraftiapet.com\/pt-br\/wp-json\/wp\/v2\/comments?post=7778"}],"wp:featuredmedia":[{"embeddable":true,"href":"https:\/\/kraftiapet.com\/pt-br\/wp-json\/wp\/v2\/media\/7780"}],"wp:attachment":[{"href":"https:\/\/kraftiapet.com\/pt-br\/wp-json\/wp\/v2\/media?parent=7778"}],"wp:term":[{"taxonomy":"pwb-brand","embeddable":true,"href":"https:\/\/kraftiapet.com\/pt-br\/wp-json\/wp\/v2\/pwb-brand?post=7778"},{"taxonomy":"product_brand","embeddable":true,"href":"https:\/\/kraftiapet.com\/pt-br\/wp-json\/wp\/v2\/product_brand?post=7778"},{"taxonomy":"product_cat","embeddable":true,"href":"https:\/\/kraftiapet.com\/pt-br\/wp-json\/wp\/v2\/product_cat?post=7778"},{"taxonomy":"product_tag","embeddable":true,"href":"https:\/\/kraftiapet.com\/pt-br\/wp-json\/wp\/v2\/product_tag?post=7778"}],"curies":[{"name":"wp","href":"https:\/\/api.w.org\/{rel}","templated":true}]}}