{"id":7790,"date":"2025-10-10T10:05:34","date_gmt":"2025-10-10T10:05:34","guid":{"rendered":"https:\/\/kraftiapet.com\/?post_type=product&#038;p=7790"},"modified":"2026-04-29T09:34:28","modified_gmt":"2026-04-29T09:34:28","slug":"multivitamin","status":"publish","type":"product","link":"https:\/\/kraftiapet.com\/pt-br\/product\/multivitamin\/","title":{"rendered":"Multivitamin"},"content":{"rendered":"<p data-start=\"249\" data-end=\"352\"><strong>Instru\u00e7\u00f5es de uso<\/strong>: 1 dose (2,7 g) ou 1 comprimido para cada 15 kg de massa corporal por dia.<\/p>\n<p data-start=\"249\" data-end=\"352\">Administre o(s) comprimido(s) mastig\u00e1vel(eis) <strong data-start=\"280\" data-end=\"294\">uma vez ao dia de<\/strong> acordo com a dosagem recomendada. O comprimido pode ser: <\/p>\n<ul data-start=\"353\" data-end=\"529\">\n<li data-start=\"353\" data-end=\"398\">\n<p data-start=\"355\" data-end=\"398\"><strong data-start=\"355\" data-end=\"373\">Dado diretamente<\/strong> ao c\u00e3o como um petisco.<\/p>\n<\/li>\n<li data-start=\"399\" data-end=\"448\">\n<p data-start=\"401\" data-end=\"448\"><strong data-start=\"401\" data-end=\"420\">Misturado \u00e0 ra\u00e7\u00e3o<\/strong> para facilitar a aceita\u00e7\u00e3o.<\/p>\n<\/li>\n<li data-start=\"449\" data-end=\"529\">\n<p data-start=\"451\" data-end=\"529\"><strong data-start=\"451\" data-end=\"487\">Colocado na base da l\u00edngua<\/strong> para garantir a ingest\u00e3o total, se necess\u00e1rio.<\/p>\n<\/li>\n<\/ul>\n<p data-start=\"531\" data-end=\"682\">Certifique-se de que o c\u00e3o tenha acesso a \u00e1gua pot\u00e1vel fresca o tempo todo. Siga as recomenda\u00e7\u00f5es do seu veterin\u00e1rio quanto \u00e0 dosagem ideal e \u00e0 dura\u00e7\u00e3o do uso. <\/p>\n","protected":false},"excerpt":{"rendered":"<p>A nutri\u00e7\u00e3o adequada deve fornecer todos os nutrientes necess\u00e1rios para os c\u00e3es, mas o organismo frequentemente necessita de vitaminas e minerais adicionais para lidar com resfriados sazonais, imunidade reduzida e diversas influ\u00eancias externas. Nosso suplemento multivitam\u00ednico para c\u00e3es apoia uma nutri\u00e7\u00e3o equilibrada, fortalece a imunidade e ajuda a manter a energia e a vitalidade durante todo o ano. <\/p>\n<p><strong>QUANDO USAR MULTIVITAMIN?<\/strong><\/p>\n<ul>\n<li>Para o crescimento e desenvolvimento adequados de todas as ra\u00e7as<\/li>\n<li>Durante a gesta\u00e7\u00e3o e a lacta\u00e7\u00e3o<\/li>\n<li>Apoio durante o tratamento e a recupera\u00e7\u00e3o<\/li>\n<li>Suporte aos sistemas nervoso e cardiovascular<\/li>\n<li>Preserva e fortalece a imunidade<\/li>\n<\/ul>\n","protected":false},"featured_media":7791,"comment_status":"open","ping_status":"closed","template":"","meta":{"_acf_changed":false},"pwb-brand":[],"product_brand":[657],"product_cat":[613,658],"product_tag":[],"class_list":{"0":"post-7790","1":"product","2":"type-product","3":"status-publish","4":"has-post-thumbnail","6":"product_brand-regalena","7":"product_cat-dog-food","8":"product_cat-dog-supplements","10":"first","11":"instock","12":"taxable","13":"shipping-taxable","14":"product-type-variable"},"acf":[],"brands":[],"_links":{"self":[{"href":"https:\/\/kraftiapet.com\/pt-br\/wp-json\/wp\/v2\/product\/7790","targetHints":{"allow":["GET"]}}],"collection":[{"href":"https:\/\/kraftiapet.com\/pt-br\/wp-json\/wp\/v2\/product"}],"about":[{"href":"https:\/\/kraftiapet.com\/pt-br\/wp-json\/wp\/v2\/types\/product"}],"replies":[{"embeddable":true,"href":"https:\/\/kraftiapet.com\/pt-br\/wp-json\/wp\/v2\/comments?post=7790"}],"wp:featuredmedia":[{"embeddable":true,"href":"https:\/\/kraftiapet.com\/pt-br\/wp-json\/wp\/v2\/media\/7791"}],"wp:attachment":[{"href":"https:\/\/kraftiapet.com\/pt-br\/wp-json\/wp\/v2\/media?parent=7790"}],"wp:term":[{"taxonomy":"pwb-brand","embeddable":true,"href":"https:\/\/kraftiapet.com\/pt-br\/wp-json\/wp\/v2\/pwb-brand?post=7790"},{"taxonomy":"product_brand","embeddable":true,"href":"https:\/\/kraftiapet.com\/pt-br\/wp-json\/wp\/v2\/product_brand?post=7790"},{"taxonomy":"product_cat","embeddable":true,"href":"https:\/\/kraftiapet.com\/pt-br\/wp-json\/wp\/v2\/product_cat?post=7790"},{"taxonomy":"product_tag","embeddable":true,"href":"https:\/\/kraftiapet.com\/pt-br\/wp-json\/wp\/v2\/product_tag?post=7790"}],"curies":[{"name":"wp","href":"https:\/\/api.w.org\/{rel}","templated":true}]}}