{"id":7841,"date":"2025-10-04T21:54:38","date_gmt":"2025-10-04T21:54:38","guid":{"rendered":"https:\/\/kraftiapet.com\/?post_type=product&#038;p=7841"},"modified":"2026-04-29T10:55:15","modified_gmt":"2026-04-29T10:55:15","slug":"salmon-with-butternut-squash-2","status":"publish","type":"product","link":"https:\/\/kraftiapet.com\/pt-br\/product\/salmon-with-butternut-squash-2\/","title":{"rendered":"Salmon with Butternut Squash"},"content":{"rendered":"","protected":false},"excerpt":{"rendered":"<p>Vida Nativa Salmon &amp; Butternut \u00e9 uma ra\u00e7\u00e3o natural premium para c\u00e3es de ra\u00e7as pequenas e de brinquedo com salm\u00e3o e ab\u00f3bora butternut. O salm\u00e3o e a ab\u00f3bora butternut s\u00e3o uma verdadeira del\u00edcia e contribuem para a sa\u00fade do seu animal de estima\u00e7\u00e3o de v\u00e1rias formas: o salm\u00e3o \u00e9 uma excelente fonte de prote\u00ednas de f\u00e1cil digest\u00e3o e \u00e9 \u00f3timo para a sa\u00fade da pele e para uma pelagem brilhante, enquanto a ab\u00f3bora butternut e as ma\u00e7\u00e3s fornecem uma base para um sistema digestivo saud\u00e1vel e para o bem-estar geral. <\/p>\n","protected":false},"featured_media":7843,"comment_status":"open","ping_status":"closed","template":"","meta":{"_acf_changed":false},"pwb-brand":[],"product_brand":[661],"product_cat":[614,613],"product_tag":[],"class_list":{"0":"post-7841","1":"product","2":"type-product","3":"status-publish","4":"has-post-thumbnail","6":"product_brand-vida-nativa","7":"product_cat-adult-dog","8":"product_cat-dog-food","10":"first","11":"instock","12":"taxable","13":"shipping-taxable","14":"product-type-variable"},"acf":[],"brands":[],"_links":{"self":[{"href":"https:\/\/kraftiapet.com\/pt-br\/wp-json\/wp\/v2\/product\/7841","targetHints":{"allow":["GET"]}}],"collection":[{"href":"https:\/\/kraftiapet.com\/pt-br\/wp-json\/wp\/v2\/product"}],"about":[{"href":"https:\/\/kraftiapet.com\/pt-br\/wp-json\/wp\/v2\/types\/product"}],"replies":[{"embeddable":true,"href":"https:\/\/kraftiapet.com\/pt-br\/wp-json\/wp\/v2\/comments?post=7841"}],"wp:featuredmedia":[{"embeddable":true,"href":"https:\/\/kraftiapet.com\/pt-br\/wp-json\/wp\/v2\/media\/7843"}],"wp:attachment":[{"href":"https:\/\/kraftiapet.com\/pt-br\/wp-json\/wp\/v2\/media?parent=7841"}],"wp:term":[{"taxonomy":"pwb-brand","embeddable":true,"href":"https:\/\/kraftiapet.com\/pt-br\/wp-json\/wp\/v2\/pwb-brand?post=7841"},{"taxonomy":"product_brand","embeddable":true,"href":"https:\/\/kraftiapet.com\/pt-br\/wp-json\/wp\/v2\/product_brand?post=7841"},{"taxonomy":"product_cat","embeddable":true,"href":"https:\/\/kraftiapet.com\/pt-br\/wp-json\/wp\/v2\/product_cat?post=7841"},{"taxonomy":"product_tag","embeddable":true,"href":"https:\/\/kraftiapet.com\/pt-br\/wp-json\/wp\/v2\/product_tag?post=7841"}],"curies":[{"name":"wp","href":"https:\/\/api.w.org\/{rel}","templated":true}]}}