{"id":7890,"date":"2025-10-02T09:14:07","date_gmt":"2025-10-02T09:14:07","guid":{"rendered":"https:\/\/kraftiapet.com\/?post_type=product&#038;p=7890"},"modified":"2026-04-29T11:25:46","modified_gmt":"2026-04-29T11:25:46","slug":"rich-in-ocean-fish-with-salmon-super-veggies","status":"publish","type":"product","link":"https:\/\/kraftiapet.com\/pt-br\/product\/rich-in-ocean-fish-with-salmon-super-veggies\/","title":{"rendered":"Rich in Ocean Fish With Salmon &amp; Super Veggies"},"content":{"rendered":"","protected":false},"excerpt":{"rendered":"<p>Vida Super Ocean Fish &amp; Salmon \u00e9 uma ra\u00e7\u00e3o premium para gatos com peixe do oceano, salm\u00e3o e vegetais. Uma refei\u00e7\u00e3o saborosa que os gatos v\u00e3o adorar. Com peixe do oceano e salm\u00e3o, que s\u00e3o \u00f3timos para a pele e para uma pelagem brilhante, e ab\u00f3bora rica em fibras, essa ra\u00e7\u00e3o \u00e9 repleta de nutrientes essenciais que proporcionam um equil\u00edbrio entre corpo e mente.  <\/p>\n","protected":false},"featured_media":7893,"comment_status":"open","ping_status":"closed","template":"","meta":{"_acf_changed":false},"pwb-brand":[],"product_brand":[665],"product_cat":[609,608],"product_tag":[],"class_list":{"0":"post-7890","1":"product","2":"type-product","3":"status-publish","4":"has-post-thumbnail","6":"product_brand-vida-super","7":"product_cat-adult-cat","8":"product_cat-cat-food","10":"first","11":"instock","12":"taxable","13":"shipping-taxable","14":"product-type-variable"},"acf":[],"brands":[],"_links":{"self":[{"href":"https:\/\/kraftiapet.com\/pt-br\/wp-json\/wp\/v2\/product\/7890","targetHints":{"allow":["GET"]}}],"collection":[{"href":"https:\/\/kraftiapet.com\/pt-br\/wp-json\/wp\/v2\/product"}],"about":[{"href":"https:\/\/kraftiapet.com\/pt-br\/wp-json\/wp\/v2\/types\/product"}],"replies":[{"embeddable":true,"href":"https:\/\/kraftiapet.com\/pt-br\/wp-json\/wp\/v2\/comments?post=7890"}],"wp:featuredmedia":[{"embeddable":true,"href":"https:\/\/kraftiapet.com\/pt-br\/wp-json\/wp\/v2\/media\/7893"}],"wp:attachment":[{"href":"https:\/\/kraftiapet.com\/pt-br\/wp-json\/wp\/v2\/media?parent=7890"}],"wp:term":[{"taxonomy":"pwb-brand","embeddable":true,"href":"https:\/\/kraftiapet.com\/pt-br\/wp-json\/wp\/v2\/pwb-brand?post=7890"},{"taxonomy":"product_brand","embeddable":true,"href":"https:\/\/kraftiapet.com\/pt-br\/wp-json\/wp\/v2\/product_brand?post=7890"},{"taxonomy":"product_cat","embeddable":true,"href":"https:\/\/kraftiapet.com\/pt-br\/wp-json\/wp\/v2\/product_cat?post=7890"},{"taxonomy":"product_tag","embeddable":true,"href":"https:\/\/kraftiapet.com\/pt-br\/wp-json\/wp\/v2\/product_tag?post=7890"}],"curies":[{"name":"wp","href":"https:\/\/api.w.org\/{rel}","templated":true}]}}