{"id":7903,"date":"2025-10-02T09:51:24","date_gmt":"2025-10-02T09:51:24","guid":{"rendered":"https:\/\/kraftiapet.com\/?post_type=product&#038;p=7903"},"modified":"2026-04-29T11:25:46","modified_gmt":"2026-04-29T11:25:46","slug":"chicken-with-turkey-super-veggies","status":"publish","type":"product","link":"https:\/\/kraftiapet.com\/pt-br\/product\/chicken-with-turkey-super-veggies\/","title":{"rendered":"Chicken With Turkey &amp; Super Veggies"},"content":{"rendered":"","protected":false},"excerpt":{"rendered":"<p>Vida Super Chicken, Turkey &amp; Veggies \u00e9 uma ra\u00e7\u00e3o premium para c\u00e3es de ra\u00e7as m\u00e9dias e grandes com frango, peru e vegetais. O frango e o peru formam uma combina\u00e7\u00e3o deliciosa e saud\u00e1vel. Essa mistura \u00e9 uma \u00f3tima fonte de prote\u00edna, essencial para ossos fortes e articula\u00e7\u00f5es saud\u00e1veis, enquanto os superalimentos, como os vegetais, tamb\u00e9m fornecem fibras e antioxidantes, que ajudam a fortalecer o sistema imunol\u00f3gico.  <\/p>\n","protected":false},"featured_media":7904,"comment_status":"open","ping_status":"closed","template":"","meta":{"_acf_changed":false},"pwb-brand":[],"product_brand":[665],"product_cat":[614,613],"product_tag":[],"class_list":{"0":"post-7903","1":"product","2":"type-product","3":"status-publish","4":"has-post-thumbnail","6":"product_brand-vida-super","7":"product_cat-adult-dog","8":"product_cat-dog-food","10":"first","11":"instock","12":"taxable","13":"shipping-taxable","14":"product-type-variable"},"acf":[],"brands":[],"_links":{"self":[{"href":"https:\/\/kraftiapet.com\/pt-br\/wp-json\/wp\/v2\/product\/7903","targetHints":{"allow":["GET"]}}],"collection":[{"href":"https:\/\/kraftiapet.com\/pt-br\/wp-json\/wp\/v2\/product"}],"about":[{"href":"https:\/\/kraftiapet.com\/pt-br\/wp-json\/wp\/v2\/types\/product"}],"replies":[{"embeddable":true,"href":"https:\/\/kraftiapet.com\/pt-br\/wp-json\/wp\/v2\/comments?post=7903"}],"wp:featuredmedia":[{"embeddable":true,"href":"https:\/\/kraftiapet.com\/pt-br\/wp-json\/wp\/v2\/media\/7904"}],"wp:attachment":[{"href":"https:\/\/kraftiapet.com\/pt-br\/wp-json\/wp\/v2\/media?parent=7903"}],"wp:term":[{"taxonomy":"pwb-brand","embeddable":true,"href":"https:\/\/kraftiapet.com\/pt-br\/wp-json\/wp\/v2\/pwb-brand?post=7903"},{"taxonomy":"product_brand","embeddable":true,"href":"https:\/\/kraftiapet.com\/pt-br\/wp-json\/wp\/v2\/product_brand?post=7903"},{"taxonomy":"product_cat","embeddable":true,"href":"https:\/\/kraftiapet.com\/pt-br\/wp-json\/wp\/v2\/product_cat?post=7903"},{"taxonomy":"product_tag","embeddable":true,"href":"https:\/\/kraftiapet.com\/pt-br\/wp-json\/wp\/v2\/product_tag?post=7903"}],"curies":[{"name":"wp","href":"https:\/\/api.w.org\/{rel}","templated":true}]}}