{"id":10026,"date":"2025-09-08T08:01:49","date_gmt":"2025-09-08T08:01:49","guid":{"rendered":"https:\/\/kraftiapet.com\/?page_id=10026"},"modified":"2026-05-15T13:00:47","modified_gmt":"2026-05-15T13:00:47","slug":"nutritionist-virtual-ai","status":"publish","type":"page","link":"https:\/\/kraftiapet.com\/ro\/nutritionist-virtual-ai\/","title":{"rendered":"Nutri\u021bionist virtual AI"},"content":{"rendered":"\n<div class=\"wp-block-columns is-layout-flex wp-container-core-columns-is-layout-363283f7 wp-block-columns-is-layout-flex\" style=\"padding-top:var(--wp--preset--spacing--60);padding-bottom:var(--wp--preset--spacing--30)\">\n<div class=\"wp-block-column is-layout-flow wp-block-column-is-layout-flow\" style=\"flex-basis:33.33%\">\n<figure class=\"wp-block-image size-full\"><img loading=\"lazy\" decoding=\"async\" width=\"770\" height=\"575\" src=\"https:\/\/kraftiapet.com\/wp-content\/uploads\/2025\/10\/ai-nutri-logo.webp\" alt=\"Nutri&#x21B;ionist virtual AI\" class=\"wp-image-2485\" srcset=\"https:\/\/kraftiapet.com\/wp-content\/uploads\/2025\/10\/ai-nutri-logo.webp 770w, https:\/\/kraftiapet.com\/wp-content\/uploads\/2025\/10\/ai-nutri-logo-300x224.webp 300w, https:\/\/kraftiapet.com\/wp-content\/uploads\/2025\/10\/ai-nutri-logo-768x574.webp 768w, https:\/\/kraftiapet.com\/wp-content\/uploads\/2025\/10\/ai-nutri-logo-600x448.webp 600w\" sizes=\"auto, (max-width: 770px) 100vw, 770px\" \/><\/figure>\n<\/div>\n\n\n\n<div class=\"wp-block-column is-layout-flow wp-block-column-is-layout-flow\" style=\"flex-basis:66.66%\">\n<h2 class=\"wp-block-heading has-palette-color-3-color has-text-color has-link-color wp-elements-2edbb715018be11f738ee5995d2a1bb5\"><strong>Descoperi\u021bi planul personalizat de nutri\u021bie al animalului dumneavoastr\u0103 <\/strong>cu nutri\u021bionistul AI<\/h2>\n<\/div>\n<\/div>\n\n<p>V\u0103 invit\u0103m s\u0103 folosi\u021bi <strong>AI Nutritionist<\/strong> \u2014 un asistent inteligent conceput pentru a v\u0103 ajuta s\u0103 \u00een\u021belege\u021bi nevoile nutri\u021bionale ale c\u00e2inelui sau pisicii dumneavoastr\u0103. Introduce\u021bi pur \u0219i simplu datele de baz\u0103 ale animalului de companie (v\u00e2rst\u0103, greutate, nivel de activitate \u0219i alte considera\u021bii speciale) \u0219i ve\u021bi primi: <\/p>\n\n<ul class=\"wp-block-list\">\n<li>O imagine clar\u0103 a necesarului zilnic de energie \u0219i nutrien\u021bi<\/li>\n\n\n\n<li>Recomand\u0103ri de hr\u0103nire personalizate, cu por\u021bii adaptate<\/li>\n\n\n\n<li>Sfaturi practice pentru tranzi\u021bia alimenta\u021biei \u0219i men\u021binerea hidrat\u0103rii<\/li>\n<\/ul>\n\n<p>Acest instrument are scop exclusiv informativ \u0219i educa\u021bional. Pentru probleme de s\u0103n\u0103tate sau afec\u021biuni medicale specifice, consulta\u021bi \u00eentotdeauna medicul veterinar. <br\/><\/p>\n        <div class=\"kraftia-ai-card\" id=\"kraftia-ai-root\">\r\n            <h3>AI Nutritionist<\/h3>\r\n\r\n            <form id=\"kraftia-ai-form\">\r\n                <div class=\"grid\">\r\n\r\n                    <!-- row 1: Pet type | Weight -->\r\n                    <label>Pet type\r\n                        <select name=\"species\" id=\"kai-species\" required>\r\n                            <option value=\"dog\">Dog<\/option>\r\n                            <option value=\"cat\">Cat<\/option>\r\n                        <\/select>\r\n                    <\/label>\r\n\r\n                    <label>Weight (kg)\r\n                        <input type=\"number\" name=\"weight\" step=\"0.1\" min=\"0.1\" required \/>\r\n                    <\/label>\r\n\r\n                    <!-- row 2: Age years | Age months -->\r\n                    <label>Age \u2014 Years\r\n                        <input type=\"number\" name=\"age_years\" id=\"kai-age-years\" step=\"1\" min=\"0\" value=\"0\" required \/>\r\n                    <\/label>\r\n\r\n                    <label>Age \u2014 Months\r\n                        <input type=\"number\" name=\"age_months\" id=\"kai-age-months\" step=\"1\" min=\"0\" max=\"11\" value=\"0\" required \/>\r\n                    <\/label>\r\n\r\n                    <!-- row 3: Activity | Adult size -->\r\n                    <label>Activity level\r\n                        <select name=\"activity\" required>\r\n                            <option value=\"low\">Low<\/option>\r\n                            <option value=\"moderate\" selected>Moderate<\/option>\r\n                            <option value=\"high\">High<\/option>\r\n                        <\/select>\r\n                    <\/label>\r\n\r\n                    <label id=\"kai-size-wrap\">Adult size (dogs)\r\n                        <select name=\"adult_size\" id=\"kai-adult-size\">\r\n                            <option value=\"toy-small-breed\">Toy\/Small (\u226410 kg)<\/option>\r\n                            <option value=\"medium-large-breed\">Medium\/Large (>10 kg)<\/option>\r\n                        <\/select>\r\n                    <\/label>\r\n\r\n                    <!-- row 4: Preferred protein (single full row on desktop if odd count) -->\r\n                    <label>Preferred Protein Source (optional)\r\n                        <select name=\"preferred_protein\" id=\"kai-preferred-protein\">\r\n                            <option value=\"\">No preference<\/option>\r\n                                                            <option value=\"chicken\">\r\n                                    Chicken                                <\/option>\r\n                                                            <option value=\"fish\">\r\n                                    Fish                                <\/option>\r\n                                                            <option value=\"lamb\">\r\n                                    Lamb                                <\/option>\r\n                                                            <option value=\"salmon\">\r\n                                    Salmon                                <\/option>\r\n                                                            <option value=\"turkey\">\r\n                                    Turkey                                <\/option>\r\n                                                            <option value=\"quail\">\r\n                                    Quail                                <\/option>\r\n                                                            <option value=\"pheasant\">\r\n                                    Pheasant                                <\/option>\r\n                                                            <option value=\"herring\">\r\n                                    Herring                                <\/option>\r\n                                                            <option value=\"poultry\">\r\n                                    Poultry                                <\/option>\r\n                                                            <option value=\"venison\">\r\n                                    Venison                                <\/option>\r\n                                                    <\/select>\r\n                    <\/label>\r\n                <\/div>\r\n\r\n                <button type=\"submit\" class=\"btn-primary\">Get Recommendation<\/button>\r\n            <\/form>\r\n\r\n            <div class=\"kraftia-ai-result\" id=\"kraftia-ai-result\" hidden>\r\n                <div class=\"loader\" id=\"kraftia-ai-loader\" hidden><\/div>\r\n\r\n                <div id=\"kraftia-ai-output\"><\/div>\r\n\r\n                <h4 id=\"kai-topmatches-heading\" class=\"kai-topmatches-heading\" hidden>\r\n                    Top Matches for Your Pet\r\n                <\/h4>\r\n\r\n                <div id=\"kraftia-ai-cards\" class=\"kai-cards\" hidden><\/div>\r\n            <\/div>\r\n        <\/div>\r\n        \n\n<p><\/p>\n","protected":false},"excerpt":{"rendered":"<p>Descoperi\u021bi planul personalizat de nutri\u021bie al animalului dumneavoastr\u0103 cu nutri\u021bionistul AI V\u0103 invit\u0103m s\u0103 folosi\u021bi AI Nutritionist \u2014 un asistent inteligent conceput pentru a v\u0103 ajuta s\u0103 \u00een\u021belege\u021bi nevoile nutri\u021bionale ale c\u00e2inelui sau pisicii dumneavoastr\u0103. Introduce\u021bi pur \u0219i simplu datele de baz\u0103 ale animalului de companie (v\u00e2rst\u0103, greutate, nivel de activitate \u0219i alte considera\u021bii speciale) [&hellip;]<\/p>\n","protected":false},"author":1,"featured_media":0,"parent":0,"menu_order":0,"comment_status":"closed","ping_status":"closed","template":"","meta":{"_acf_changed":false,"footnotes":""},"class_list":["post-10026","page","type-page","status-publish","hentry"],"blocksy_meta":[],"acf":[],"_links":{"self":[{"href":"https:\/\/kraftiapet.com\/ro\/wp-json\/wp\/v2\/pages\/10026","targetHints":{"allow":["GET"]}}],"collection":[{"href":"https:\/\/kraftiapet.com\/ro\/wp-json\/wp\/v2\/pages"}],"about":[{"href":"https:\/\/kraftiapet.com\/ro\/wp-json\/wp\/v2\/types\/page"}],"author":[{"embeddable":true,"href":"https:\/\/kraftiapet.com\/ro\/wp-json\/wp\/v2\/users\/1"}],"replies":[{"embeddable":true,"href":"https:\/\/kraftiapet.com\/ro\/wp-json\/wp\/v2\/comments?post=10026"}],"version-history":[{"count":4,"href":"https:\/\/kraftiapet.com\/ro\/wp-json\/wp\/v2\/pages\/10026\/revisions"}],"predecessor-version":[{"id":10080,"href":"https:\/\/kraftiapet.com\/ro\/wp-json\/wp\/v2\/pages\/10026\/revisions\/10080"}],"wp:attachment":[{"href":"https:\/\/kraftiapet.com\/ro\/wp-json\/wp\/v2\/media?parent=10026"}],"curies":[{"name":"wp","href":"https:\/\/api.w.org\/{rel}","templated":true}]}}