{"id":10052,"date":"2025-08-29T12:31:49","date_gmt":"2025-08-29T12:31:49","guid":{"rendered":"https:\/\/kraftiapet.com\/?page_id=10052"},"modified":"2026-05-15T12:51:08","modified_gmt":"2026-05-15T12:51:08","slug":"calitate-si-stiinta","status":"publish","type":"page","link":"https:\/\/kraftiapet.com\/ro\/calitate-si-stiinta\/","title":{"rendered":"Calitate \u0219i \u0219tiin\u021b\u0103"},"content":{"rendered":"\n<h2 class=\"wp-block-heading has-vivid-cyan-blue-color has-text-color has-link-color wp-elements-97a02dcfad5a20327dde9cb4f870d0f5\" style=\"margin-top:var(--wp--preset--spacing--80);margin-bottom:var(--wp--preset--spacing--80)\">Siguran\u021ba alimentar\u0103 \u0219i standardele de calitate<\/h2>\n\n<div class=\"wp-block-columns is-layout-flex wp-container-core-columns-is-layout-28f84493 wp-block-columns-is-layout-flex\">\n<div class=\"wp-block-column is-layout-flow wp-block-column-is-layout-flow\" style=\"flex-basis:33.33%\">\n<p class=\"has-palette-color-3-color has-palette-color-5-background-color has-text-color has-background has-link-color has-medium-font-size wp-elements-3ca61b4868955bb11e84c2714532888d\" style=\"margin-top:var(--wp--preset--spacing--30);margin-bottom:var(--wp--preset--spacing--30)\"><strong>&#8222;Fiecare produs pe care \u00eel realiz\u0103m trece prin controale riguroase de siguran\u021b\u0103 pentru a garanta cea mai \u00eenalt\u0103 calitate \u0219i valoare nutritiv\u0103 pentru animalele de companie.&#8221;<\/strong><\/p>\n<\/div>\n\n\n\n<div class=\"wp-block-column is-layout-flow wp-block-column-is-layout-flow\" style=\"flex-basis:66.66%\">\n<p style=\"margin-top:var(--wp--preset--spacing--30);margin-bottom:var(--wp--preset--spacing--30);font-size:clamp(14px, 0.875rem + ((1vw - 3.2px) * 0.469), 20px);\">La Kraftia, ne angaj\u0103m s\u0103 respect\u0103m cele mai stricte protocoale de siguran\u021b\u0103, asigur\u00e2ndu-ne c\u0103 fiecare produs \u00eendepline\u0219te standarde \u00eenalte de calitate. Fiecare produs este supus unor teste \u0219i inspec\u021bii riguroase pentru a garanta o nutri\u021bie optim\u0103 \u0219i o calitate superioar\u0103. <\/p>\n<\/div>\n<\/div>\n\n<figure class=\"wp-block-image alignright size-large is-resized\"><img loading=\"lazy\" decoding=\"async\" width=\"1024\" height=\"714\" src=\"https:\/\/kraftiapet.com\/wp-content\/uploads\/2025\/10\/quality-1024x714.webp\" alt=\"\" class=\"wp-image-2516\" style=\"width:370px;height:auto\" srcset=\"https:\/\/kraftiapet.com\/wp-content\/uploads\/2025\/10\/quality-1024x714.webp 1024w, https:\/\/kraftiapet.com\/wp-content\/uploads\/2025\/10\/quality-300x209.webp 300w, https:\/\/kraftiapet.com\/wp-content\/uploads\/2025\/10\/quality-768x536.webp 768w, https:\/\/kraftiapet.com\/wp-content\/uploads\/2025\/10\/quality-1536x1071.webp 1536w, https:\/\/kraftiapet.com\/wp-content\/uploads\/2025\/10\/quality-600x418.webp 600w, https:\/\/kraftiapet.com\/wp-content\/uploads\/2025\/10\/quality.webp 1920w\" sizes=\"auto, (max-width: 1024px) 100vw, 1024px\" \/><\/figure>\n\n<p class=\"has-medium-font-size\"><strong>Standarde globale \u0219i conformitate<\/strong><\/p>\n\n<p class=\"has-palette-color-3-color has-text-color has-link-color wp-elements-af896eb0434d5aa3e5a5280330b9be32\">Cele mai stricte standarde interna\u021bionale:<br\/>Standarde integrate (ISO 9001, ISO 14001, ISO 45001)<br\/>Principiile generale de igien\u0103 alimentar\u0103 (GHP) \u0219i sistemul HACCP (Quality Austria)<br\/><strong>FS 8.0<\/strong> \u2013 standard interna\u021bional de siguran\u021b\u0103 alimentar\u0103 (Bureau Veritas), cu un scor de 97,25% la nivel superior \u0219i statut IFS Star, confirmat printr-o inspec\u021bie neanun\u021bat\u0103.<br\/>Respect\u0103m standardele de reglementare din fiecare \u021bar\u0103 \u00een care export\u0103m, nu doar din UE sau la nivel local. Produsele noastre sunt dezvoltate \u0219i fabricate \u00een conformitate cu legisla\u021bia \u0219i reglement\u0103rile de export ale tuturor pie\u021belor de destina\u021bie.<br\/>Produc\u021bia noastr\u0103 respect\u0103 standardele veterinare na\u021bionale \u0219i interna\u021bionale pentru a asigura siguran\u021ba \u0219i calitatea produselor. Respect\u0103m cu stricte\u021be reglement\u0103rile veterinare \u0219i toate cerin\u021bele legale relevante pentru siguran\u021ba hranei pentru animale de companie. <\/p>\n\n<h2 class=\"wp-block-heading has-palette-color-3-color has-text-color has-link-color has-medium-font-size wp-elements-b0934df0ff13738e82807d6fae4aac92\">Controlul materiilor prime<\/h2>\n\n<div class=\"wp-block-columns is-layout-flex wp-container-core-columns-is-layout-28f84493 wp-block-columns-is-layout-flex\">\n<div class=\"wp-block-column is-layout-flow wp-block-column-is-layout-flow\" style=\"flex-basis:33.33%\"><\/div>\n\n\n\n<div class=\"wp-block-column is-layout-flow wp-block-column-is-layout-flow\" style=\"flex-basis:66.67%\">\n<h2 class=\"wp-block-heading has-text-align-right has-palette-color-3-color has-palette-color-5-background-color has-text-color has-background has-link-color has-medium-font-size wp-elements-c18f218379e591a2d477318bf03636a6\">&#8222;F\u0103r\u0103 compromisuri privind calitatea ingredientelor.&#8221;<\/h2>\n<\/div>\n<\/div>\n\n<p>Lucr\u0103m exclusiv cu furnizori autoriza\u021bi, selecta\u021bi cu aten\u021bie printr-un proces intern riguros de calificare. Toate materiile prime sunt supuse unor inspec\u021bii stricte la recep\u021bie, inclusiv teste microbiologice, analize nutri\u021bionale \u0219i screening pentru contaminan\u021bi. <\/p>\n\n<h2 class=\"wp-block-heading has-palette-color-3-color has-text-color has-link-color has-medium-font-size wp-elements-5e672339d556c256ff3071f23d15772f\">Siguran\u021ba procesului de produc\u021bie<\/h2>\n\n<p>Fiecare etap\u0103 a procesului de produc\u021bie este monitorizat\u0103 \u0219i controlat\u0103 prin <strong>puncte de control<\/strong> clar definite pentru a asigura siguran\u021ba \u0219i consisten\u021ba produselor.<br\/><br\/>Sistemul nostru de control este sus\u021binut de tehnologii automatizate care monitorizeaz\u0103 \u0219i regleaz\u0103 parametrii cheie.<br\/><br\/>Unit\u0103\u021bile de produc\u021bie sunt supuse periodic auditurilor interne \u0219i inspec\u021biilor ter\u021bilor pentru a asigura conformitatea cu standardele de siguran\u021b\u0103 \u0219i pentru a sus\u021bine \u00eembun\u0103t\u0103\u021birea continu\u0103.<\/p>\n\n<h2 class=\"wp-block-heading has-palette-color-3-color has-text-color has-link-color has-medium-font-size wp-elements-46a813808a12c939b54b96ae7e2da7ff\">Testare \u0219i control al calit\u0103\u021bii<\/h2>\n\n<p>Toate produsele finite sunt supuse analizelor de laborator pentru a asigura o <strong>calitate \u0219i siguran\u021b\u0103<\/strong> constante. Protocoalele de testare includ verific\u0103ri ale compozi\u021biei nutri\u021bionale, siguran\u021bei microbiologice, metalelor grele \u0219i micotoxinelor, \u00een deplin\u0103 conformitate cu standardele de reglementare aplicabile. Fiecare lot de produc\u021bie este testat individual \u0219i \u00eenso\u021bit de un <strong>certificat specific lotului<\/strong>, asigur\u00e2nd trasabilitatea complet\u0103 \u0219i garan\u021bia calit\u0103\u021bii produsului.  <\/p>\n\n<h2 class=\"wp-block-heading has-palette-color-3-color has-text-color has-link-color has-medium-font-size wp-elements-c36956b7990ff4354f95405fa7273bd4\">Trasabilitate \u0219i transparen\u021b\u0103<\/h2>\n\n<p>Credem \u00een transparen\u021ba total\u0103 \u2014 de la aprovizionarea cu materii prime p\u00e2n\u0103 la livrarea produsului final. Sistemele noastre digitale urm\u0103resc fiecare etap\u0103 (SAP, WMS), iar fiecare ambalaj este prev\u0103zut cu cod QR, cod EAN \u0219i num\u0103r de lot pentru trasabilitate complet\u0103 \u0219i \u00eencredere. <\/p>\n\n<h2 class=\"wp-block-heading has-palette-color-3-color has-text-color has-link-color has-medium-font-size wp-elements-1306ac17dc04ec92f213d392f28f9f26\">Certific\u0103ri \u0219i audituri<\/h2>\n\n<p>Lista tuturor standardelor \u0219i rapoartelor certificate poate fi solicitat\u0103 de la directorul nostru, Tatjana Spai\u0107.<\/p>\n\n<h2 class=\"wp-block-heading has-palette-color-3-color has-text-color has-link-color has-medium-font-size wp-elements-05c8b3cd37613f1a63d9341f171c3072\">\u00cembun\u0103t\u0103\u021bire continu\u0103<\/h2>\n\n<p>La Craftia, suntem dedica\u021bi \u00eembun\u0103t\u0103\u021birii continue prin investi\u021bii constante \u00een tehnologie \u0219i formarea angaja\u021bilor. Prin colaborarea str\u00e2ns\u0103 cu medici veterinari, nutri\u021bioni\u0219ti \u0219i institu\u021bii \u0219tiin\u021bifice, ne asigur\u0103m c\u0103 produsele \u0219i procesele noastre evolueaz\u0103 \u00een permanen\u021b\u0103 pentru a \u00eendeplini cele mai \u00eenalte standarde. <\/p>\n\n<h2 class=\"wp-block-heading has-text-align-left has-vivid-cyan-blue-color has-text-color has-link-color wp-elements-412cf08516d5a67f8667661834d5f8ae\"><br\/>Cercetare \u0219i dezvoltare (R&amp;D)<br\/><\/h2>\n\n<div class=\"wp-block-columns is-layout-flex wp-container-core-columns-is-layout-28f84493 wp-block-columns-is-layout-flex\">\n<div class=\"wp-block-column is-layout-flow wp-block-column-is-layout-flow\" style=\"flex-basis:66.66%\">\n<h2 class=\"wp-block-heading has-palette-color-3-color has-text-color has-link-color has-medium-font-size wp-elements-b76274fe898c69ebf6ad5070ca64ab0d\">Formul\u0103ri rafinate dezvoltate de exper\u021bi<\/h2>\n\n\n\n<p>\u00cen centrul liniei noastre de hran\u0103 premium pentru animale se afl\u0103 angajamentul fa\u021b\u0103 de excelen\u021ba \u0219tiin\u021bific\u0103. Echipa noastr\u0103 de medici veterinari, nutri\u021bioni\u0219ti \u0219i oameni de \u0219tiin\u021b\u0103 din domeniul alimentar colaboreaz\u0103 pentru a crea re\u021bete meticulos formulate, concepute pentru a dep\u0103\u0219i cele mai \u00eenalte standarde de s\u0103n\u0103tate \u0219i bun\u0103stare a animalelor de companie. <\/p>\n<\/div>\n\n\n\n<div class=\"wp-block-column is-layout-flow wp-block-column-is-layout-flow\" style=\"flex-basis:33.33%\">\n<h2 class=\"wp-block-heading has-palette-color-3-color has-palette-color-5-background-color has-text-color has-background has-link-color has-medium-font-size wp-elements-f07646feac7c0c74960fdc19b8af01c9\">&#8222;La Kraftia, nutri\u021bia este ghidat\u0103 de \u0219tiin\u021b\u0103. Echipa noastr\u0103 de cercetare \u0219i dezvoltare se asigur\u0103 c\u0103 fiecare re\u021bet\u0103 este sus\u021binut\u0103 de cercetare \u0219i adaptat\u0103 nevoilor reale ale animalelor de companie.&#8221; <\/h2>\n<\/div>\n<\/div>\n\n<h2 class=\"wp-block-heading has-palette-color-3-color has-text-color has-link-color has-medium-font-size wp-elements-6c03d6ea7a67e94cfb9b912d9d8aa9bb\">Precizie nutri\u021bional\u0103 avansat\u0103<\/h2>\n\n<p>Ne baz\u0103m pe cercet\u0103ri de ultim\u0103 genera\u021bie \u00een nutri\u021bia animalelor de companie pentru a dezvolta formule personalizate, specifice fiec\u0103rei specii. Fie c\u0103 este vorba despre digestia sensibil\u0103 a pisicii dumneavoastr\u0103 sau despre nevoile energetice optime ale c\u00e2inelui dumneavoastr\u0103, procesul nostru de cercetare \u0219i dezvoltare garanteaz\u0103 c\u0103 fiecare ingredient \u0219i fiecare raport nutritiv sunt alese av\u00e2nd ca prioritate s\u0103n\u0103tatea animalului dumneavoastr\u0103 de companie. <\/p>\n\n<p><\/p>\n","protected":false},"excerpt":{"rendered":"<p>Siguran\u021ba alimentar\u0103 \u0219i standardele de calitate &#8222;Fiecare produs pe care \u00eel realiz\u0103m trece prin controale riguroase de siguran\u021b\u0103 pentru a garanta cea mai \u00eenalt\u0103 calitate \u0219i valoare nutritiv\u0103 pentru animalele de companie.&#8221; La Kraftia, ne angaj\u0103m s\u0103 respect\u0103m cele mai stricte protocoale de siguran\u021b\u0103, asigur\u00e2ndu-ne c\u0103 fiecare produs \u00eendepline\u0219te standarde \u00eenalte de calitate. Fiecare produs [&hellip;]<\/p>\n","protected":false},"author":1,"featured_media":0,"parent":0,"menu_order":0,"comment_status":"closed","ping_status":"closed","template":"","meta":{"_acf_changed":false,"footnotes":""},"class_list":["post-10052","page","type-page","status-publish","hentry"],"blocksy_meta":[],"acf":[],"_links":{"self":[{"href":"https:\/\/kraftiapet.com\/ro\/wp-json\/wp\/v2\/pages\/10052","targetHints":{"allow":["GET"]}}],"collection":[{"href":"https:\/\/kraftiapet.com\/ro\/wp-json\/wp\/v2\/pages"}],"about":[{"href":"https:\/\/kraftiapet.com\/ro\/wp-json\/wp\/v2\/types\/page"}],"author":[{"embeddable":true,"href":"https:\/\/kraftiapet.com\/ro\/wp-json\/wp\/v2\/users\/1"}],"replies":[{"embeddable":true,"href":"https:\/\/kraftiapet.com\/ro\/wp-json\/wp\/v2\/comments?post=10052"}],"version-history":[{"count":4,"href":"https:\/\/kraftiapet.com\/ro\/wp-json\/wp\/v2\/pages\/10052\/revisions"}],"predecessor-version":[{"id":10092,"href":"https:\/\/kraftiapet.com\/ro\/wp-json\/wp\/v2\/pages\/10052\/revisions\/10092"}],"wp:attachment":[{"href":"https:\/\/kraftiapet.com\/ro\/wp-json\/wp\/v2\/media?parent=10052"}],"curies":[{"name":"wp","href":"https:\/\/api.w.org\/{rel}","templated":true}]}}