{"id":10373,"date":"2025-10-02T11:19:24","date_gmt":"2025-10-02T11:19:24","guid":{"rendered":"https:\/\/kraftiapet.com\/?post_type=product&#038;p=10373"},"modified":"2026-05-14T11:52:09","modified_gmt":"2026-05-14T11:52:09","slug":"chicken-with-rice","status":"publish","type":"product","link":"https:\/\/kraftiapet.com\/ro\/product\/chicken-with-rice\/","title":{"rendered":"Chicken With Rice"},"content":{"rendered":"","protected":false},"excerpt":{"rendered":"<p>Dogsy Chicken &amp; Rice este hran\u0103 pentru c\u00e2ini cu pui \u0219i orez. Puiul cu orez este o combina\u021bie clasic\u0103, u\u0219or de digerat \u0219i plin\u0103 de beneficii. Bogat\u0103 \u00een proteine slabe \u0219i carbohidra\u021bi u\u0219or de asimilat, sus\u021bine men\u021binerea masei musculare \u0219i energia de durat\u0103 \u2013 ideal\u0103 pentru vitalitatea zilnic\u0103. Afinele sunt incluse pentru a sprijini metabolismul \u0219i s\u0103n\u0103tatea general\u0103, datorit\u0103 con\u021binutului de antioxidan\u021bi naturali \u0219i fibre.   <\/p>\n","protected":false},"featured_media":10374,"comment_status":"open","ping_status":"closed","template":"","meta":{"_acf_changed":false},"pwb-brand":[],"product_brand":[929],"product_cat":[886,885],"product_tag":[],"class_list":{"0":"post-10373","1":"product","2":"type-product","3":"status-publish","4":"has-post-thumbnail","6":"product_brand-dogsy","7":"product_cat-adult-dog","8":"product_cat-dog-food","10":"first","11":"instock","12":"taxable","13":"shipping-taxable","14":"product-type-variable"},"acf":[],"brands":[],"_links":{"self":[{"href":"https:\/\/kraftiapet.com\/ro\/wp-json\/wp\/v2\/product\/10373","targetHints":{"allow":["GET"]}}],"collection":[{"href":"https:\/\/kraftiapet.com\/ro\/wp-json\/wp\/v2\/product"}],"about":[{"href":"https:\/\/kraftiapet.com\/ro\/wp-json\/wp\/v2\/types\/product"}],"replies":[{"embeddable":true,"href":"https:\/\/kraftiapet.com\/ro\/wp-json\/wp\/v2\/comments?post=10373"}],"wp:featuredmedia":[{"embeddable":true,"href":"https:\/\/kraftiapet.com\/ro\/wp-json\/wp\/v2\/media\/10374"}],"wp:attachment":[{"href":"https:\/\/kraftiapet.com\/ro\/wp-json\/wp\/v2\/media?parent=10373"}],"wp:term":[{"taxonomy":"pwb-brand","embeddable":true,"href":"https:\/\/kraftiapet.com\/ro\/wp-json\/wp\/v2\/pwb-brand?post=10373"},{"taxonomy":"product_brand","embeddable":true,"href":"https:\/\/kraftiapet.com\/ro\/wp-json\/wp\/v2\/product_brand?post=10373"},{"taxonomy":"product_cat","embeddable":true,"href":"https:\/\/kraftiapet.com\/ro\/wp-json\/wp\/v2\/product_cat?post=10373"},{"taxonomy":"product_tag","embeddable":true,"href":"https:\/\/kraftiapet.com\/ro\/wp-json\/wp\/v2\/product_tag?post=10373"}],"curies":[{"name":"wp","href":"https:\/\/api.w.org\/{rel}","templated":true}]}}