{"id":10377,"date":"2025-10-02T11:27:38","date_gmt":"2025-10-02T11:27:38","guid":{"rendered":"https:\/\/kraftiapet.com\/?post_type=product&#038;p=10377"},"modified":"2026-05-14T11:52:08","modified_gmt":"2026-05-14T11:52:08","slug":"rich-in-chicken-with-carrot-rice","status":"publish","type":"product","link":"https:\/\/kraftiapet.com\/ro\/product\/rich-in-chicken-with-carrot-rice\/","title":{"rendered":"Rich in Chicken With Carrot &amp; Rice"},"content":{"rendered":"","protected":false},"excerpt":{"rendered":"<p>Dogsy Chicken, Carrot &amp; Rice este hran\u0103 pentru c\u00e2ini cu pui, morcov \u0219i orez. Un amestec echilibrat de pui, morcov \u0219i orez \u2013 u\u0219or de digerat \u0219i bogat \u00een nutrien\u021bi esen\u021biali. Bogat\u0103 \u00een proteine, fibre \u0219i vitamine, contribuie la o digestie s\u0103n\u0103toas\u0103 \u0219i la o blan\u0103 str\u0103lucitoare. Morcovii adaug\u0103 o surs\u0103 natural\u0103 de betacaroten pentru sus\u021binerea s\u0103n\u0103t\u0103\u021bii ochilor, iar textura lor crocant\u0103 ajut\u0103 la cur\u0103\u021barea din\u021bilor \u0219i la men\u021binerea unei digestii regulate. O mas\u0103 echilibrat\u0103, cu aport caloric redus, care sus\u021bine vitalitatea \u0219i starea de bine a animalului dvs. de companie \u00een fiecare zi.    <\/p>\n","protected":false},"featured_media":10378,"comment_status":"open","ping_status":"closed","template":"","meta":{"_acf_changed":false},"pwb-brand":[],"product_brand":[929],"product_cat":[886,885],"product_tag":[],"class_list":{"0":"post-10377","1":"product","2":"type-product","3":"status-publish","4":"has-post-thumbnail","6":"product_brand-dogsy","7":"product_cat-adult-dog","8":"product_cat-dog-food","10":"first","11":"instock","12":"taxable","13":"shipping-taxable","14":"product-type-variable"},"acf":[],"brands":[],"_links":{"self":[{"href":"https:\/\/kraftiapet.com\/ro\/wp-json\/wp\/v2\/product\/10377","targetHints":{"allow":["GET"]}}],"collection":[{"href":"https:\/\/kraftiapet.com\/ro\/wp-json\/wp\/v2\/product"}],"about":[{"href":"https:\/\/kraftiapet.com\/ro\/wp-json\/wp\/v2\/types\/product"}],"replies":[{"embeddable":true,"href":"https:\/\/kraftiapet.com\/ro\/wp-json\/wp\/v2\/comments?post=10377"}],"wp:featuredmedia":[{"embeddable":true,"href":"https:\/\/kraftiapet.com\/ro\/wp-json\/wp\/v2\/media\/10378"}],"wp:attachment":[{"href":"https:\/\/kraftiapet.com\/ro\/wp-json\/wp\/v2\/media?parent=10377"}],"wp:term":[{"taxonomy":"pwb-brand","embeddable":true,"href":"https:\/\/kraftiapet.com\/ro\/wp-json\/wp\/v2\/pwb-brand?post=10377"},{"taxonomy":"product_brand","embeddable":true,"href":"https:\/\/kraftiapet.com\/ro\/wp-json\/wp\/v2\/product_brand?post=10377"},{"taxonomy":"product_cat","embeddable":true,"href":"https:\/\/kraftiapet.com\/ro\/wp-json\/wp\/v2\/product_cat?post=10377"},{"taxonomy":"product_tag","embeddable":true,"href":"https:\/\/kraftiapet.com\/ro\/wp-json\/wp\/v2\/product_tag?post=10377"}],"curies":[{"name":"wp","href":"https:\/\/api.w.org\/{rel}","templated":true}]}}