{"id":10396,"date":"2025-10-13T08:59:55","date_gmt":"2025-10-13T08:59:55","guid":{"rendered":"https:\/\/kraftiapet.com\/?post_type=product&#038;p=10396"},"modified":"2026-05-14T15:53:53","modified_gmt":"2026-05-14T15:53:53","slug":"senior","status":"publish","type":"product","link":"https:\/\/kraftiapet.com\/ro\/product\/senior\/","title":{"rendered":"Senior +"},"content":{"rendered":"<p data-start=\"249\" data-end=\"352\"><strong>Instruc\u021biuni de utilizare<\/strong>: 1 doz\u0103 (2,7 g) per 15 kg greutate corporal\u0103 (GC) pe zi, amestecat\u0103 \u00een hran\u0103.<\/p>\n<p data-start=\"249\" data-end=\"352\">Administra\u021bi comprimatul masticabil <strong data-start=\"280\" data-end=\"294\">o dat\u0103 pe zi<\/strong>, conform dozei recomandate. Comprimatul poate fi: <\/p>\n<ul data-start=\"353\" data-end=\"529\">\n<li data-start=\"353\" data-end=\"398\">\n<p data-start=\"355\" data-end=\"398\"><strong data-start=\"355\" data-end=\"373\">administrat direct c\u00e2inelui <\/strong>ca recompens\u0103;<\/p>\n<\/li>\n<li data-start=\"399\" data-end=\"448\">\n<p data-start=\"401\" data-end=\"448\"><strong data-start=\"401\" data-end=\"420\">amestecat cu hrana <\/strong>pentru a facilita acceptarea;<\/p>\n<\/li>\n<li data-start=\"449\" data-end=\"529\">\n<p data-start=\"451\" data-end=\"529\"><strong data-start=\"451\" data-end=\"487\">plasat la baza limbii <\/strong>pentru a asigura ingerarea complet\u0103, dac\u0103 este necesar;<\/p>\n<\/li>\n<\/ul>\n<p data-start=\"531\" data-end=\"682\">Asigura\u021bi-v\u0103 c\u0103 animalul are acces permanent la ap\u0103 potabil\u0103 proasp\u0103t\u0103. Urma\u021bi recomand\u0103rile medicului veterinar pentru doza optim\u0103 \u0219i durata administr\u0103rii. <\/p>\n","protected":false},"excerpt":{"rendered":"<p>\u00cemb\u0103tr\u00e2nirea este un proces treptat \u0219i continuu \u00een care c\u00e2inii trec prin schimb\u0103ri interne \u0219i externe specifice. Suplimentul nostru pentru c\u00e2ini seniori sus\u021bine mobilitatea, cogni\u021bia, func\u021bia cardiac\u0103 \u0219i vitalitatea general\u0103 la c\u00e2inii \u00een v\u00e2rst\u0103. Blana \u00eenc\u0103run\u021bit\u0103, cre\u0219terea \u00een greutate, displazia de \u0219old sau de cot, dar \u0219i o func\u021bie cardiac\u0103 sl\u0103bit\u0103, dezorientarea \u0219i reducerea imunit\u0103\u021bii sunt doar c\u00e2teva dintre provoc\u0103rile \u00eent\u00e2lnite la c\u00e2inii seniori.  <\/p>\n<p><strong>C\u00c2ND SE UTILIZEAZ\u0102 SENIOR PLUS?<\/strong><\/p>\n<ul>\n<li>La c\u00e2inii \u00een v\u00e2rst\u0103 (7+ ani) cu probleme articulare<\/li>\n<li>La c\u00e2inii cu mobilitate redus\u0103 \u0219i rigiditate<\/li>\n<li>\u00cen caz de func\u021bie cardiac\u0103 sl\u0103bit\u0103 din cauza cardiomiopatiei<\/li>\n<li>La c\u00e2inii confuzi \u0219i dezorienta\u021bi<\/li>\n<li>Pentru sus\u021binerea sistemului imunitar<\/li>\n<\/ul>\n","protected":false},"featured_media":10397,"comment_status":"open","ping_status":"closed","template":"","meta":{"_acf_changed":false},"pwb-brand":[],"product_brand":[932],"product_cat":[885,933],"product_tag":[],"class_list":{"0":"post-10396","1":"product","2":"type-product","3":"status-publish","4":"has-post-thumbnail","6":"product_brand-regalena","7":"product_cat-dog-food","8":"product_cat-dog-supplements","10":"first","11":"instock","12":"taxable","13":"shipping-taxable","14":"product-type-variable"},"acf":[],"brands":[],"_links":{"self":[{"href":"https:\/\/kraftiapet.com\/ro\/wp-json\/wp\/v2\/product\/10396","targetHints":{"allow":["GET"]}}],"collection":[{"href":"https:\/\/kraftiapet.com\/ro\/wp-json\/wp\/v2\/product"}],"about":[{"href":"https:\/\/kraftiapet.com\/ro\/wp-json\/wp\/v2\/types\/product"}],"replies":[{"embeddable":true,"href":"https:\/\/kraftiapet.com\/ro\/wp-json\/wp\/v2\/comments?post=10396"}],"wp:featuredmedia":[{"embeddable":true,"href":"https:\/\/kraftiapet.com\/ro\/wp-json\/wp\/v2\/media\/10397"}],"wp:attachment":[{"href":"https:\/\/kraftiapet.com\/ro\/wp-json\/wp\/v2\/media?parent=10396"}],"wp:term":[{"taxonomy":"pwb-brand","embeddable":true,"href":"https:\/\/kraftiapet.com\/ro\/wp-json\/wp\/v2\/pwb-brand?post=10396"},{"taxonomy":"product_brand","embeddable":true,"href":"https:\/\/kraftiapet.com\/ro\/wp-json\/wp\/v2\/product_brand?post=10396"},{"taxonomy":"product_cat","embeddable":true,"href":"https:\/\/kraftiapet.com\/ro\/wp-json\/wp\/v2\/product_cat?post=10396"},{"taxonomy":"product_tag","embeddable":true,"href":"https:\/\/kraftiapet.com\/ro\/wp-json\/wp\/v2\/product_tag?post=10396"}],"curies":[{"name":"wp","href":"https:\/\/api.w.org\/{rel}","templated":true}]}}