{"id":10402,"date":"2025-10-13T06:59:05","date_gmt":"2025-10-13T06:59:05","guid":{"rendered":"https:\/\/kraftiapet.com\/?post_type=product&#038;p=10402"},"modified":"2026-05-14T15:53:54","modified_gmt":"2026-05-14T15:53:54","slug":"immune-boost","status":"publish","type":"product","link":"https:\/\/kraftiapet.com\/ro\/product\/immune-boost\/","title":{"rendered":"Immune Boost"},"content":{"rendered":"<p data-start=\"249\" data-end=\"352\"><strong>Instruc\u021biuni de utilizare<\/strong>: 1 comprimat per 10 kg greutate corporal\u0103 (GC) pe zi.<\/p>\n<p data-start=\"249\" data-end=\"352\">Administra\u021bi comprimatul masticabil <strong data-start=\"280\" data-end=\"294\">o dat\u0103 pe zi,<\/strong> conform dozei recomandate. Comprimatul poate fi: <\/p>\n<ul data-start=\"353\" data-end=\"529\">\n<li data-start=\"353\" data-end=\"398\">\n<p data-start=\"355\" data-end=\"398\"><strong data-start=\"355\" data-end=\"373\">Se d\u0103 direct<\/strong> c\u00e2inelui ca o recompens\u0103.<\/p>\n<\/li>\n<li data-start=\"399\" data-end=\"448\">\n<p data-start=\"401\" data-end=\"448\"><strong data-start=\"401\" data-end=\"420\">amestecat cu hrana<\/strong> pentru a facilita acceptarea;<\/p>\n<\/li>\n<li data-start=\"449\" data-end=\"529\">\n<p data-start=\"451\" data-end=\"529\"><strong data-start=\"451\" data-end=\"487\">plasat la baza limbii <\/strong>pentru a asigura ingerarea complet\u0103, dac\u0103 este necesar;<\/p>\n<\/li>\n<\/ul>\n<p data-start=\"531\" data-end=\"682\">Asigura\u021bi-v\u0103 c\u0103 animalul are acces permanent la ap\u0103 potabil\u0103 proasp\u0103t\u0103. Urma\u021bi recomand\u0103rile medicului veterinar pentru doza optim\u0103 \u0219i durata administr\u0103rii. <\/p>\n","protected":false},"excerpt":{"rendered":"<p>O diet\u0103 bogat\u0103 \u00een nutrien\u021bi varia\u021bi, activitatea fizic\u0103 \u0219i suplimentarea adecvat\u0103 sunt importante pentru un sistem imunitar puternic, mai ales \u00een perioadele cu risc crescut de r\u0103celi, oboseal\u0103 \u0219i epuizare. Suplimentul nostru imunitar pentru c\u00e2ini ajut\u0103 la cre\u0219terea rezisten\u021bei, sus\u021bine recuperarea \u0219i men\u021bine vitalitatea \u00een toate etapele vie\u021bii. <\/p>\n<p><strong>C\u00c2ND SE UTILIZEAZ\u0102 IMMUNE BOOST?<\/strong><\/p>\n<ul>\n<li>Pentru infec\u021bii bacteriene, fungice \u0219i virale frecvente<\/li>\n<li>\u00cen inflama\u021bii pulmonare \u0219i otice<\/li>\n<li>\u00cen boli cronice<\/li>\n<li>Pentru organisme epuizate<\/li>\n<li>\u00cen caz de apetit sc\u0103zut<\/li>\n<li>\u00cen perioada de convalescen\u021b\u0103<\/li>\n<\/ul>\n","protected":false},"featured_media":10404,"comment_status":"open","ping_status":"closed","template":"","meta":{"_acf_changed":false},"pwb-brand":[],"product_brand":[932],"product_cat":[885,933],"product_tag":[],"class_list":{"0":"post-10402","1":"product","2":"type-product","3":"status-publish","4":"has-post-thumbnail","6":"product_brand-regalena","7":"product_cat-dog-food","8":"product_cat-dog-supplements","10":"first","11":"instock","12":"taxable","13":"shipping-taxable","14":"product-type-variable"},"acf":[],"brands":[],"_links":{"self":[{"href":"https:\/\/kraftiapet.com\/ro\/wp-json\/wp\/v2\/product\/10402","targetHints":{"allow":["GET"]}}],"collection":[{"href":"https:\/\/kraftiapet.com\/ro\/wp-json\/wp\/v2\/product"}],"about":[{"href":"https:\/\/kraftiapet.com\/ro\/wp-json\/wp\/v2\/types\/product"}],"replies":[{"embeddable":true,"href":"https:\/\/kraftiapet.com\/ro\/wp-json\/wp\/v2\/comments?post=10402"}],"wp:featuredmedia":[{"embeddable":true,"href":"https:\/\/kraftiapet.com\/ro\/wp-json\/wp\/v2\/media\/10404"}],"wp:attachment":[{"href":"https:\/\/kraftiapet.com\/ro\/wp-json\/wp\/v2\/media?parent=10402"}],"wp:term":[{"taxonomy":"pwb-brand","embeddable":true,"href":"https:\/\/kraftiapet.com\/ro\/wp-json\/wp\/v2\/pwb-brand?post=10402"},{"taxonomy":"product_brand","embeddable":true,"href":"https:\/\/kraftiapet.com\/ro\/wp-json\/wp\/v2\/product_brand?post=10402"},{"taxonomy":"product_cat","embeddable":true,"href":"https:\/\/kraftiapet.com\/ro\/wp-json\/wp\/v2\/product_cat?post=10402"},{"taxonomy":"product_tag","embeddable":true,"href":"https:\/\/kraftiapet.com\/ro\/wp-json\/wp\/v2\/product_tag?post=10402"}],"curies":[{"name":"wp","href":"https:\/\/api.w.org\/{rel}","templated":true}]}}