{"id":10403,"date":"2025-10-10T10:05:34","date_gmt":"2025-10-10T10:05:34","guid":{"rendered":"https:\/\/kraftiapet.com\/?post_type=product&#038;p=10403"},"modified":"2026-05-14T15:53:58","modified_gmt":"2026-05-14T15:53:58","slug":"multivitamin","status":"publish","type":"product","link":"https:\/\/kraftiapet.com\/ro\/product\/multivitamin\/","title":{"rendered":"Multivitamin"},"content":{"rendered":"<p data-start=\"249\" data-end=\"352\"><strong>Instruc\u021biuni de utilizare<\/strong>: 1 dozator (2,7 g) sau 1 comprimat per 15 kg greutate corporal\u0103 (GC) pe zi.<\/p>\n<p data-start=\"249\" data-end=\"352\">Administra\u021bi comprimatul (comprimatele) masticabil(e) <strong data-start=\"280\" data-end=\"294\">o dat\u0103 pe zi<\/strong> conform dozei recomandate. Comprimatul poate fi: <\/p>\n<ul data-start=\"353\" data-end=\"529\">\n<li data-start=\"353\" data-end=\"398\">\n<p data-start=\"355\" data-end=\"398\"><strong data-start=\"355\" data-end=\"373\">Se d\u0103 direct<\/strong> c\u00e2inelui ca o recompens\u0103.<\/p>\n<\/li>\n<li data-start=\"399\" data-end=\"448\">\n<p data-start=\"401\" data-end=\"448\">Se <strong data-start=\"401\" data-end=\"420\">amestec\u0103 cu hrana<\/strong> pentru a facilita acceptarea.<\/p>\n<\/li>\n<li data-start=\"449\" data-end=\"529\">\n<p data-start=\"451\" data-end=\"529\"><strong data-start=\"451\" data-end=\"487\">Plasat la baza limbii<\/strong> pentru a asigura ingerarea complet\u0103, dac\u0103 este necesar.<\/p>\n<\/li>\n<\/ul>\n<p data-start=\"531\" data-end=\"682\">Asigura\u021bi-v\u0103 c\u0103 c\u00e2inele are acces la ap\u0103 potabil\u0103 proasp\u0103t\u0103 \u00een orice moment. Urma\u021bi recomand\u0103rile medicului veterinar pentru doza optim\u0103 \u0219i durata de utilizare. <\/p>\n","protected":false},"excerpt":{"rendered":"<p>O nutri\u021bie adecvat\u0103 ar trebui s\u0103 furnizeze to\u021bi nutrien\u021bii necesari c\u00e2inilor, dar organismul are adesea nevoie de vitamine \u0219i minerale suplimentare pentru a face fa\u021b\u0103 r\u0103celilor sezoniere, imunit\u0103\u021bii sc\u0103zute \u0219i numeroaselor influen\u021be externe. Suplimentul nostru multivitaminic pentru c\u00e2ini sus\u021bine o nutri\u021bie echilibrat\u0103, \u00eent\u0103re\u0219te imunitatea \u0219i ajut\u0103 la men\u021binerea energiei \u0219i vitalit\u0103\u021bii pe tot parcursul anului. <\/p>\n<p><strong>C\u00c2ND SE UTILIZEAZ\u0102 MULTIVITAMIN?<\/strong><\/p>\n<ul>\n<li>Pentru cre\u0219terea \u0219i dezvoltarea corespunz\u0103toare a tuturor raselor<\/li>\n<li>\u00cen timpul sarcinii \u0219i al\u0103pt\u0103rii<\/li>\n<li>Sprijin \u00een timpul tratamentului \u0219i recuper\u0103rii<\/li>\n<li>Sus\u021binerea sistemului nervos \u0219i cardiovascular<\/li>\n<li>Men\u021binerea \u0219i \u00eent\u0103rirea imunit\u0103\u021bii<\/li>\n<\/ul>\n","protected":false},"featured_media":10405,"comment_status":"open","ping_status":"closed","template":"","meta":{"_acf_changed":false},"pwb-brand":[],"product_brand":[932],"product_cat":[885,933],"product_tag":[],"class_list":{"0":"post-10403","1":"product","2":"type-product","3":"status-publish","4":"has-post-thumbnail","6":"product_brand-regalena","7":"product_cat-dog-food","8":"product_cat-dog-supplements","10":"first","11":"instock","12":"taxable","13":"shipping-taxable","14":"product-type-variable"},"acf":[],"brands":[],"_links":{"self":[{"href":"https:\/\/kraftiapet.com\/ro\/wp-json\/wp\/v2\/product\/10403","targetHints":{"allow":["GET"]}}],"collection":[{"href":"https:\/\/kraftiapet.com\/ro\/wp-json\/wp\/v2\/product"}],"about":[{"href":"https:\/\/kraftiapet.com\/ro\/wp-json\/wp\/v2\/types\/product"}],"replies":[{"embeddable":true,"href":"https:\/\/kraftiapet.com\/ro\/wp-json\/wp\/v2\/comments?post=10403"}],"wp:featuredmedia":[{"embeddable":true,"href":"https:\/\/kraftiapet.com\/ro\/wp-json\/wp\/v2\/media\/10405"}],"wp:attachment":[{"href":"https:\/\/kraftiapet.com\/ro\/wp-json\/wp\/v2\/media?parent=10403"}],"wp:term":[{"taxonomy":"pwb-brand","embeddable":true,"href":"https:\/\/kraftiapet.com\/ro\/wp-json\/wp\/v2\/pwb-brand?post=10403"},{"taxonomy":"product_brand","embeddable":true,"href":"https:\/\/kraftiapet.com\/ro\/wp-json\/wp\/v2\/product_brand?post=10403"},{"taxonomy":"product_cat","embeddable":true,"href":"https:\/\/kraftiapet.com\/ro\/wp-json\/wp\/v2\/product_cat?post=10403"},{"taxonomy":"product_tag","embeddable":true,"href":"https:\/\/kraftiapet.com\/ro\/wp-json\/wp\/v2\/product_tag?post=10403"}],"curies":[{"name":"wp","href":"https:\/\/api.w.org\/{rel}","templated":true}]}}