{"id":10427,"date":"2025-10-13T05:32:00","date_gmt":"2025-10-13T05:32:00","guid":{"rendered":"https:\/\/kraftiapet.com\/?post_type=product&#038;p=10427"},"modified":"2026-05-14T15:53:56","modified_gmt":"2026-05-14T15:53:56","slug":"cardio","status":"publish","type":"product","link":"https:\/\/kraftiapet.com\/ro\/product\/cardio\/","title":{"rendered":"Cardio +"},"content":{"rendered":"<p data-start=\"249\" data-end=\"352\"><strong>Instruc\u021biuni de utilizare<\/strong>: 1 comprimat per 20 kg greutate corporal\u0103 (GC) pe zi.<\/p>\n<p data-start=\"249\" data-end=\"352\">Administra\u021bi comprimatul (comprimatele) masticabil(e) <strong data-start=\"280\" data-end=\"294\">o dat\u0103 pe zi<\/strong> conform dozei recomandate. Comprimatul poate fi: <\/p>\n<ul data-start=\"353\" data-end=\"529\">\n<li data-start=\"353\" data-end=\"398\">\n<p data-start=\"355\" data-end=\"398\"><strong data-start=\"355\" data-end=\"373\">Se d\u0103 direct<\/strong> c\u00e2inelui ca o recompens\u0103.<\/p>\n<\/li>\n<li data-start=\"399\" data-end=\"448\">\n<p data-start=\"401\" data-end=\"448\">Se <strong data-start=\"401\" data-end=\"420\">amestec\u0103 cu alimente<\/strong> pentru a facilita acceptarea.<\/p>\n<\/li>\n<li data-start=\"449\" data-end=\"529\">\n<p data-start=\"451\" data-end=\"529\"><strong data-start=\"451\" data-end=\"487\">Plasat la baza limbii<\/strong> pentru a asigura ingerarea complet\u0103, dac\u0103 este necesar.<\/p>\n<\/li>\n<\/ul>\n<p data-start=\"531\" data-end=\"682\">Asigura\u021bi-v\u0103 c\u0103 c\u00e2inele are acces la ap\u0103 potabil\u0103 proasp\u0103t\u0103 \u00een orice moment. Urma\u021bi recomand\u0103rile medicului veterinar pentru doza optim\u0103 \u0219i durata de utilizare. <\/p>\n","protected":false},"excerpt":{"rendered":"<p>Inima animalului de companie este deschis\u0103 pentru toat\u0103 dragostea din aceast\u0103 lume, dar are totu\u0219i nevoie de sprijin \u00een func\u021bionarea sa zilnic\u0103. Suplimentul nostru pentru inima c\u00e2inelui ofer\u0103 energia \u0219i nutrien\u021bii necesari pentru o inim\u0103 puternic\u0103 \u0219i s\u0103n\u0103toas\u0103. Deoarece func\u021bioneaz\u0103 non-stop, 24\/7, mu\u0219chiul inimii necesit\u0103 energie suplimentar\u0103 \u00een timp \u0219i, pe l\u00e2ng\u0103 factorul de \u00eemb\u0103tr\u00e2nire, suplimentarea este recomandat\u0103 \u0219i pentru c\u00e2inii predispu\u0219i genetic la afec\u021biuni cardiace.  <\/p>\n<p><strong>C\u00c2ND SE UTILIZEAZ\u0102 CARDIO PLUS?<\/strong><\/p>\n<ul>\n<li>\u00cembun\u0103t\u0103\u021be\u0219te func\u021bia cardiac\u0103<\/li>\n<li>Regleaz\u0103 tensiunea arterial\u0103 \u0219i circula\u021bia<\/li>\n<li>\u00cen cardiomiopatie \u0219i ateroscleroz\u0103<\/li>\n<li>La c\u00e2inii mai \u00een v\u00e2rst\u0103<\/li>\n<li>\u00cen perioadele de efort excesiv<\/li>\n<li>Prevenirea afec\u021biunilor cardiovasculare la c\u00e2inii predispu\u0219i<\/li>\n<li>La rasele cu predispozi\u021bie ereditar\u0103 (dachshund, schnauzer, terrier, spitz)<\/li>\n<\/ul>\n","protected":false},"featured_media":10428,"comment_status":"open","ping_status":"closed","template":"","meta":{"_acf_changed":false},"pwb-brand":[],"product_brand":[932],"product_cat":[885,933],"product_tag":[],"class_list":{"0":"post-10427","1":"product","2":"type-product","3":"status-publish","4":"has-post-thumbnail","6":"product_brand-regalena","7":"product_cat-dog-food","8":"product_cat-dog-supplements","10":"first","11":"instock","12":"taxable","13":"shipping-taxable","14":"product-type-variable"},"acf":[],"brands":[],"_links":{"self":[{"href":"https:\/\/kraftiapet.com\/ro\/wp-json\/wp\/v2\/product\/10427","targetHints":{"allow":["GET"]}}],"collection":[{"href":"https:\/\/kraftiapet.com\/ro\/wp-json\/wp\/v2\/product"}],"about":[{"href":"https:\/\/kraftiapet.com\/ro\/wp-json\/wp\/v2\/types\/product"}],"replies":[{"embeddable":true,"href":"https:\/\/kraftiapet.com\/ro\/wp-json\/wp\/v2\/comments?post=10427"}],"wp:featuredmedia":[{"embeddable":true,"href":"https:\/\/kraftiapet.com\/ro\/wp-json\/wp\/v2\/media\/10428"}],"wp:attachment":[{"href":"https:\/\/kraftiapet.com\/ro\/wp-json\/wp\/v2\/media?parent=10427"}],"wp:term":[{"taxonomy":"pwb-brand","embeddable":true,"href":"https:\/\/kraftiapet.com\/ro\/wp-json\/wp\/v2\/pwb-brand?post=10427"},{"taxonomy":"product_brand","embeddable":true,"href":"https:\/\/kraftiapet.com\/ro\/wp-json\/wp\/v2\/product_brand?post=10427"},{"taxonomy":"product_cat","embeddable":true,"href":"https:\/\/kraftiapet.com\/ro\/wp-json\/wp\/v2\/product_cat?post=10427"},{"taxonomy":"product_tag","embeddable":true,"href":"https:\/\/kraftiapet.com\/ro\/wp-json\/wp\/v2\/product_tag?post=10427"}],"curies":[{"name":"wp","href":"https:\/\/api.w.org\/{rel}","templated":true}]}}