{"id":2784,"date":"2025-08-29T12:31:49","date_gmt":"2025-08-29T12:31:49","guid":{"rendered":"https:\/\/kraftiapet.com\/?page_id=2784"},"modified":"2026-02-12T10:53:51","modified_gmt":"2026-02-12T10:53:51","slug":"kvalitet-i-nauka","status":"publish","type":"page","link":"https:\/\/kraftiapet.com\/sr\/kvalitet-i-nauka\/","title":{"rendered":"Kvalitet i nauka"},"content":{"rendered":"\n<h2 class=\"wp-block-heading has-vivid-cyan-blue-color has-text-color has-link-color wp-elements-62a4d5b0ed976f37fefd0ddc3c108606\" style=\"margin-top:var(--wp--preset--spacing--80);margin-bottom:var(--wp--preset--spacing--80)\">Bezbednost hrane i standardi kvaliteta<\/h2>\n\n<div class=\"wp-block-columns is-layout-flex wp-container-core-columns-is-layout-28f84493 wp-block-columns-is-layout-flex\">\n<div class=\"wp-block-column is-layout-flow wp-block-column-is-layout-flow\" style=\"flex-basis:33.33%\">\n<p class=\"has-palette-color-3-color has-palette-color-5-background-color has-text-color has-background has-link-color has-medium-font-size wp-elements-5831b06e14121daba109f3e3e8942b3e\" style=\"margin-top:var(--wp--preset--spacing--30);margin-bottom:var(--wp--preset--spacing--30)\"><strong>\u201eSvaki proizvod koji pravimo prolazi kroz rigorozne bezbednosne provere kako bismo osigurali najvi\u0161i kvalitet i nutritivnu vrednost za ku\u0107ne ljubimce.\u201c<\/strong><\/p>\n<\/div>\n\n\n\n<div class=\"wp-block-column is-layout-flow wp-block-column-is-layout-flow\" style=\"flex-basis:66.66%\">\n<p style=\"margin-top:var(--wp--preset--spacing--30);margin-bottom:var(--wp--preset--spacing--30);font-size:clamp(14px, 0.875rem + ((1vw - 3.2px) * 0.469), 20px);\">U Kraftiji smo posve\u0107eni najvi\u0161im bezbednosnim protokolima, obezbe\u0111uju\u0107i da svaki proizvod ispunjava stroge standarde kvaliteta; svaki proizvod koji proizvodimo prolazi kroz temeljnu bezbednosnu inspekciju kako bismo garantovali najfiniji kvalitet i optimalnu ishranu. <\/p>\n<\/div>\n<\/div>\n\n<figure class=\"wp-block-image alignright size-large is-resized\"><img loading=\"lazy\" decoding=\"async\" width=\"1024\" height=\"714\" src=\"https:\/\/kraftiapet.com\/wp-content\/uploads\/2025\/10\/quality-1024x714.webp\" alt=\"\" class=\"wp-image-2516\" style=\"width:370px;height:auto\" srcset=\"https:\/\/kraftiapet.com\/wp-content\/uploads\/2025\/10\/quality-1024x714.webp 1024w, https:\/\/kraftiapet.com\/wp-content\/uploads\/2025\/10\/quality-300x209.webp 300w, https:\/\/kraftiapet.com\/wp-content\/uploads\/2025\/10\/quality-768x536.webp 768w, https:\/\/kraftiapet.com\/wp-content\/uploads\/2025\/10\/quality-1536x1071.webp 1536w, https:\/\/kraftiapet.com\/wp-content\/uploads\/2025\/10\/quality-600x418.webp 600w, https:\/\/kraftiapet.com\/wp-content\/uploads\/2025\/10\/quality.webp 1920w\" sizes=\"auto, (max-width: 1024px) 100vw, 1024px\" \/><\/figure>\n\n<p class=\"has-medium-font-size\"><strong>Globalni standardi &amp; uskla\u0111enost<\/strong><\/p>\n\n<p class=\"has-palette-color-3-color has-text-color has-link-color wp-elements-49557457b38fe2533e53305c27bcb9bf\">Najstro\u017ei me\u0111unarodni standardi:<br\/>Integrisani standardi (<strong>ISO 9001, ISO 14001, ISO 45001<\/strong>)<br\/>Op\u0161ti principi higijene hrane (<strong>GHP<\/strong>) i <strong>HACCP<\/strong> sistem (Quality Austria)<br\/><strong>FS 8.0<\/strong> &#8211; me\u0111unarodni standard bezbednosti hrane (Bureau Veritas), sa rezultatom od 97,25% na vi\u0161em nivou i IFS Star statusom, potvr\u0111enim nenajavljenom inspekcijom.<br\/>Ispunjavamo regulatorne standarde svake zemlje u koju izvozimo. (Ne samo EU i lokalne). Na\u0161i proizvodi su razvijeni i proizvedeni u skladu sa zakonima i izvoznim propisima svih odredi\u0161nih tr\u017ei\u0161ta.<br\/>Na\u0161a proizvodnja ispunjava nacionalne i me\u0111unarodne veterinarske standarde kako bi se osigurala bezbednost i kvalitet proizvoda. Strogo se pridr\u017eavamo veterinarskih propisa i svih zakonskih zahteva relevantnih za bezbednost hrane za ku\u0107ne ljubimce.<\/p>\n\n<h2 class=\"wp-block-heading has-palette-color-3-color has-text-color has-link-color has-medium-font-size wp-elements-16803ddd35d1ca0889420e0654a5a661\">Kontrola sirovina<\/h2>\n\n<div class=\"wp-block-columns is-layout-flex wp-container-core-columns-is-layout-28f84493 wp-block-columns-is-layout-flex\">\n<div class=\"wp-block-column is-layout-flow wp-block-column-is-layout-flow\" style=\"flex-basis:33.33%\"><\/div>\n\n\n\n<div class=\"wp-block-column is-layout-flow wp-block-column-is-layout-flow\" style=\"flex-basis:66.67%\">\n<h2 class=\"wp-block-heading has-text-align-right has-palette-color-3-color has-palette-color-5-background-color has-text-color has-background has-link-color has-medium-font-size wp-elements-d0b023fbc286af3bb5b32f177e86f61b\">\u201eBez kompromisa po pitanju kvaliteta sastojaka.\u201c<\/h2>\n<\/div>\n<\/div>\n\n<p>Radimo isklju\u010divo sa odobrenim dobavlja\u010dima, pa\u017eljivo odabranim kroz na\u0161 interni proces kvalifikacije. Sve sirovine podle\u017eu rigoroznim ulaznim inspekcijama, uklju\u010duju\u0107i mikrobiolo\u0161ko testiranje, nutritivnu analizu i skrining kontaminanata.<\/p>\n\n<h2 class=\"wp-block-heading has-palette-color-3-color has-text-color has-link-color has-medium-font-size wp-elements-c3a7b34ce4769c5e69c8785685dae1a4\">Bezbednost procesa proizvodnje<\/h2>\n\n<p>Svaka faza na\u0161eg proizvodnog procesa se prati i kontroli\u0161e kroz jasno definisane <strong>kontrolne ta\u010dke <\/strong>kako bi se osigurala bezbednost i konzistentnost proizvoda.<br\/><br\/>Na\u0161 kontrolni sistem je podr\u017ean automatizovanim tehnologijama koje prate i reguli\u0161u klju\u010dne parametre.<br\/><br\/>Objekti prolaze redovne interne revizije i inspekcije tre\u0107ih strana kako bi se osigurala uskla\u0111enost sa standardima bezbednosti proizvoda i podstaklo kontinuirano pobolj\u0161anje.<\/p>\n\n<h2 class=\"wp-block-heading has-palette-color-3-color has-text-color has-link-color has-medium-font-size wp-elements-714c8cf58852665c492ee87354d79c13\">Testiranje i kontrola kvaliteta<\/h2>\n\n<p>Svi gotovi proizvodi podle\u017eu laboratorijskoj analizi kako bi se osigurala konzistentna <strong>kvalitet i bezbednost<\/strong>. Protokoli testiranja uklju\u010duju provere za nutritivni sastav, mikrobiolo\u0161ku bezbednost, te\u0161ke metale i mikotoksine \u2013 u potpunoj uskla\u0111enosti sa va\u017ee\u0107im regulatornim standardima. Svaka proizvodna serija se pojedina\u010dno testira i pra\u0107ena je <strong>sertifikatom specifi\u010dnim za seriju<\/strong>, obezbe\u0111uju\u0107i potpunu sledljivost i garanciju proizvoda.<\/p>\n\n<h2 class=\"wp-block-heading has-palette-color-3-color has-text-color has-link-color has-medium-font-size wp-elements-cbd8fc81f1653e4b862473e100bca56e\">Sledljivost i transparentnost<\/h2>\n\n<p>Verujemo u potpunu transparentnost \u2014 od nabavke sirovina do isporuke finalnog proizvoda. Na\u0161i digitalni sistemi prate svaki korak (SAP, WMS), dok svako pakovanje dolazi sa QR kodom, EAN kodom i brojem serije za potpunu sledljivost i poverenje.<\/p>\n\n<h2 class=\"wp-block-heading has-palette-color-3-color has-text-color has-link-color has-medium-font-size wp-elements-a9ef7a5d2e9d7b0d87489f75727872c1\">Sertifikati i revizije<\/h2>\n\n<p>Spisak svih sertifikovanih standarda i izve\u0161taja molimo zatra\u017eite od na\u0161e direktorke Tatjane Spai\u0107.<\/p>\n\n<h2 class=\"wp-block-heading has-palette-color-3-color has-text-color has-link-color has-medium-font-size wp-elements-febf89d65ed7730ce38d6e427cab5abd\">Kontinuirano pobolj\u0161anje<\/h2>\n\n<p>U Kraftiji smo posve\u0107eni kontinuiranom pobolj\u0161anju kroz stalna ulaganja u tehnologiju i obuku zaposlenih. Bliskom saradnjom sa veterinarima, nutricionistima i nau\u010dnim institucijama, obezbe\u0111ujemo da se na\u0161i proizvodi i prakse uvek razvijaju kako bi ispunili najvi\u0161e standarde.<\/p>\n\n<h2 class=\"wp-block-heading has-text-align-left has-vivid-cyan-blue-color has-text-color has-link-color wp-elements-750a753cb92d56e9c200b5d1332eb78b\"><br\/>Istra\u017eivanje i razvoj (r&amp;d)<br\/><\/h2>\n\n<div class=\"wp-block-columns is-layout-flex wp-container-core-columns-is-layout-28f84493 wp-block-columns-is-layout-flex\">\n<div class=\"wp-block-column is-layout-flow wp-block-column-is-layout-flow\" style=\"flex-basis:66.66%\">\n<h2 class=\"wp-block-heading has-palette-color-3-color has-text-color has-link-color has-medium-font-size wp-elements-82b8e19273b8cea116b99fb8996fb272\">Izvrsne formulacije kreirane od strane stru\u010dnjaka<\/h2>\n\n\n\n<p>U srcu na\u0161e linije premium hrane za ku\u0107ne ljubimce le\u017ei posve\u0107enost nau\u010dnoj izvrsnosti. Na\u0161 tim veterinara, nutricionista i nau\u010dnika za hranu sara\u0111uje na kreiranju pa\u017eljivo osmi\u0161ljenih recepata dizajniranih da prevazi\u0111u najvi\u0161e standarde zdravlja i dobrobiti ku\u0107nih ljubimaca.<\/p>\n<\/div>\n\n\n\n<div class=\"wp-block-column is-layout-flow wp-block-column-is-layout-flow\" style=\"flex-basis:33.33%\">\n<h2 class=\"wp-block-heading has-palette-color-3-color has-palette-color-5-background-color has-text-color has-background has-link-color has-medium-font-size wp-elements-58b01baaa7647370a92479a3f91cda7f\">\u201eU Kraftiji, ishrana je vo\u0111ena naukom. Na\u0161 tim za istra\u017eivanje i razvoj obezbe\u0111uje da svaki recept bude potkrepljen<br\/>istra\u017eivanjem i prilago\u0111en stvarnim potrebama ku\u0107nih ljubimaca.\u201c<\/h2>\n<\/div>\n<\/div>\n\n<h2 class=\"wp-block-heading has-palette-color-3-color has-text-color has-link-color has-medium-font-size wp-elements-a7d01c999ed1476acc162a0d9e3aa0ee\">Napredna nutritivna preciznost<\/h2>\n\n<p>Koristimo najsavremenija istra\u017eivanja u ishrani ku\u0107nih ljubimaca kako bismo obezbedili prilago\u0111ene formule specifi\u010dne za vrstu. Bilo da je re\u010d o delikatnom varenju va\u0161e ma\u010dke ili optimalnim energetskim potrebama va\u0161eg psa, na\u0161 proces istra\u017eivanja i razvoja garantuje da je svaki sastojak i odnos hranljivih materija odabran sa zdravljem va\u0161eg ljubimca kao prioritetom.<\/p>\n\n<p><\/p>\n","protected":false},"excerpt":{"rendered":"<p>Bezbednost hrane i standardi kvaliteta \u201eSvaki proizvod koji pravimo prolazi kroz rigorozne bezbednosne provere kako bismo osigurali najvi\u0161i kvalitet i nutritivnu vrednost za ku\u0107ne ljubimce.\u201c U Kraftiji smo posve\u0107eni najvi\u0161im bezbednosnim protokolima, obezbe\u0111uju\u0107i da svaki proizvod ispunjava stroge standarde kvaliteta; svaki proizvod koji proizvodimo prolazi kroz temeljnu bezbednosnu inspekciju kako bismo garantovali najfiniji kvalitet i [&hellip;]<\/p>\n","protected":false},"author":1,"featured_media":0,"parent":0,"menu_order":0,"comment_status":"closed","ping_status":"closed","template":"","meta":{"_acf_changed":false,"footnotes":""},"class_list":["post-2784","page","type-page","status-publish","hentry"],"blocksy_meta":[],"acf":[],"_links":{"self":[{"href":"https:\/\/kraftiapet.com\/sr\/wp-json\/wp\/v2\/pages\/2784","targetHints":{"allow":["GET"]}}],"collection":[{"href":"https:\/\/kraftiapet.com\/sr\/wp-json\/wp\/v2\/pages"}],"about":[{"href":"https:\/\/kraftiapet.com\/sr\/wp-json\/wp\/v2\/types\/page"}],"author":[{"embeddable":true,"href":"https:\/\/kraftiapet.com\/sr\/wp-json\/wp\/v2\/users\/1"}],"replies":[{"embeddable":true,"href":"https:\/\/kraftiapet.com\/sr\/wp-json\/wp\/v2\/comments?post=2784"}],"version-history":[{"count":13,"href":"https:\/\/kraftiapet.com\/sr\/wp-json\/wp\/v2\/pages\/2784\/revisions"}],"predecessor-version":[{"id":2798,"href":"https:\/\/kraftiapet.com\/sr\/wp-json\/wp\/v2\/pages\/2784\/revisions\/2798"}],"wp:attachment":[{"href":"https:\/\/kraftiapet.com\/sr\/wp-json\/wp\/v2\/media?parent=2784"}],"curies":[{"name":"wp","href":"https:\/\/api.w.org\/{rel}","templated":true}]}}