{"id":2682,"date":"2025-10-02T11:19:24","date_gmt":"2025-10-02T11:19:24","guid":{"rendered":"https:\/\/kraftiapet.com\/?post_type=product&#038;p=2682"},"modified":"2026-02-26T12:44:50","modified_gmt":"2026-02-26T12:44:50","slug":"chicken-with-rice","status":"publish","type":"product","link":"https:\/\/kraftiapet.com\/sr\/proizvod\/chicken-with-rice\/","title":{"rendered":"Chicken With Rice"},"content":{"rendered":"","protected":false},"excerpt":{"rendered":"<p>Dogsi Chicken &amp; Rice je hrana za pse sa piletinom i pirin\u010dem. Piletina sa pirin\u010dem je klasi\u010dna kombinacija koja je lako probavljiva i puna dobrote. Bogat nemasnim proteinima i ne\u017enim ugljenim hidratima, podr\u017eava odr\u017eavanje mi\u0161i\u0107a i odr\u017eivu energiju \u2013 savr\u0161en za svakodnevnu vitalnost! Borovnice su u miksu da podstaknu metabolizam i podr\u017ee op\u0161te zdravlje sa prirodnim antioksidansima i vlaknima.   <\/p>\n","protected":false},"featured_media":2683,"comment_status":"open","ping_status":"closed","template":"","meta":{"_acf_changed":false},"pwb-brand":[],"product_brand":[180],"product_cat":[117,119],"product_tag":[],"class_list":{"0":"post-2682","1":"product","2":"type-product","3":"status-publish","4":"has-post-thumbnail","6":"product_brand-dogsy","7":"product_cat-dog-food","8":"product_cat-adult-dog","10":"first","11":"instock","12":"taxable","13":"shipping-taxable","14":"product-type-variable"},"acf":[],"brands":[],"_links":{"self":[{"href":"https:\/\/kraftiapet.com\/sr\/wp-json\/wp\/v2\/product\/2682","targetHints":{"allow":["GET"]}}],"collection":[{"href":"https:\/\/kraftiapet.com\/sr\/wp-json\/wp\/v2\/product"}],"about":[{"href":"https:\/\/kraftiapet.com\/sr\/wp-json\/wp\/v2\/types\/product"}],"replies":[{"embeddable":true,"href":"https:\/\/kraftiapet.com\/sr\/wp-json\/wp\/v2\/comments?post=2682"}],"wp:featuredmedia":[{"embeddable":true,"href":"https:\/\/kraftiapet.com\/sr\/wp-json\/wp\/v2\/media\/2683"}],"wp:attachment":[{"href":"https:\/\/kraftiapet.com\/sr\/wp-json\/wp\/v2\/media?parent=2682"}],"wp:term":[{"taxonomy":"pwb-brand","embeddable":true,"href":"https:\/\/kraftiapet.com\/sr\/wp-json\/wp\/v2\/pwb-brand?post=2682"},{"taxonomy":"product_brand","embeddable":true,"href":"https:\/\/kraftiapet.com\/sr\/wp-json\/wp\/v2\/product_brand?post=2682"},{"taxonomy":"product_cat","embeddable":true,"href":"https:\/\/kraftiapet.com\/sr\/wp-json\/wp\/v2\/product_cat?post=2682"},{"taxonomy":"product_tag","embeddable":true,"href":"https:\/\/kraftiapet.com\/sr\/wp-json\/wp\/v2\/product_tag?post=2682"}],"curies":[{"name":"wp","href":"https:\/\/api.w.org\/{rel}","templated":true}]}}