{"id":2939,"date":"2025-10-06T11:58:33","date_gmt":"2025-10-06T11:58:33","guid":{"rendered":"https:\/\/kraftiapet.com\/?post_type=product&#038;p=2939"},"modified":"2026-02-26T12:43:25","modified_gmt":"2026-02-26T12:43:25","slug":"gc-gastrointestinal-care","status":"publish","type":"product","link":"https:\/\/kraftiapet.com\/sr\/proizvod\/gc-gastrointestinal-care\/","title":{"rendered":"GC Gastrointestinal Care"},"content":{"rendered":"","protected":false},"excerpt":{"rendered":"<p>&lt;p&gt;GC Gastrointestinal Care \u2013 Craftia Galena Veterinary je kompletna dijetetska hrana za ma\u010dke, formulisana kao veterinarska hrana za ma\u010dke za podr\u0161ku varenju i gastrointestinalnu negu. Namenjen je za smanjenje intestinalnih apsorptivnih poreme\u0107aja i kao kompenzacija za lo\u0161u probavljanje i egzokrine insuficijencije pankreasa. Dijeta uklju\u010duje visoko probavljive sastojke sa povi\u0161enim nivoima natrijuma i kalijuma kako bi se stabilizovala ravnote\u017ea elektrolita, podr\u017eao oporavak creva i pobolj\u0161ala asimilacija hranljivih materija.  &lt;\/p&gt;<br \/>\n&lt;p&gt;&lt;JAKA&gt;KADA GALENA GASTROINTESTINALNE NEGE?&lt;\/jak&gt;&lt;\/p&gt;<br \/>\n&lt;ul&gt;<br \/>\n&lt;li&gt;Za smanjenje intestinalnih apsorptivnih poreme\u0107aja&lt; \/ li&gt;<br \/>\n&lt;li&gt;Kao kompenzacija za lo\u0161eg varenja ili insuficijencije&lt; pankreasa \/ li&gt;<br \/>\n&lt;li&gt;Podr\u017eava probavne performanse i apsorpciju&lt; hranljivih materija \/ li&gt;<br \/>\n&lt;li&gt;Pove\u0107ava stabilnost elektrolita sa natrijumom i kalijumom&lt; \/ li&gt;<br \/>\n&lt;li&gt;Preporu\u010duje se za ma\u010dke sa hroni\u010dnim ili akutnim gastrointestinalnim problemima&lt; \/ li&gt;<br \/>\n&lt;\/ul&gt;<\/p>\n","protected":false},"featured_media":2941,"comment_status":"open","ping_status":"closed","template":"","meta":{"_acf_changed":false},"pwb-brand":[],"product_brand":[178],"product_cat":[115,121],"product_tag":[],"class_list":{"0":"post-2939","1":"product","2":"type-product","3":"status-publish","4":"has-post-thumbnail","6":"product_brand-craftia-galena","7":"product_cat-cat-food","8":"product_cat-adult-cat","10":"first","11":"instock","12":"taxable","13":"shipping-taxable","14":"product-type-variable"},"acf":[],"brands":[],"_links":{"self":[{"href":"https:\/\/kraftiapet.com\/sr\/wp-json\/wp\/v2\/product\/2939","targetHints":{"allow":["GET"]}}],"collection":[{"href":"https:\/\/kraftiapet.com\/sr\/wp-json\/wp\/v2\/product"}],"about":[{"href":"https:\/\/kraftiapet.com\/sr\/wp-json\/wp\/v2\/types\/product"}],"replies":[{"embeddable":true,"href":"https:\/\/kraftiapet.com\/sr\/wp-json\/wp\/v2\/comments?post=2939"}],"wp:featuredmedia":[{"embeddable":true,"href":"https:\/\/kraftiapet.com\/sr\/wp-json\/wp\/v2\/media\/2941"}],"wp:attachment":[{"href":"https:\/\/kraftiapet.com\/sr\/wp-json\/wp\/v2\/media?parent=2939"}],"wp:term":[{"taxonomy":"pwb-brand","embeddable":true,"href":"https:\/\/kraftiapet.com\/sr\/wp-json\/wp\/v2\/pwb-brand?post=2939"},{"taxonomy":"product_brand","embeddable":true,"href":"https:\/\/kraftiapet.com\/sr\/wp-json\/wp\/v2\/product_brand?post=2939"},{"taxonomy":"product_cat","embeddable":true,"href":"https:\/\/kraftiapet.com\/sr\/wp-json\/wp\/v2\/product_cat?post=2939"},{"taxonomy":"product_tag","embeddable":true,"href":"https:\/\/kraftiapet.com\/sr\/wp-json\/wp\/v2\/product_tag?post=2939"}],"curies":[{"name":"wp","href":"https:\/\/api.w.org\/{rel}","templated":true}]}}