{"id":2940,"date":"2025-10-06T12:22:23","date_gmt":"2025-10-06T12:22:23","guid":{"rendered":"https:\/\/kraftiapet.com\/?post_type=product&#038;p=2940"},"modified":"2026-02-26T12:43:25","modified_gmt":"2026-02-26T12:43:25","slug":"craftia-galena-rcc-recovery-convalescence-care-macke","status":"publish","type":"product","link":"https:\/\/kraftiapet.com\/sr\/proizvod\/craftia-galena-rcc-recovery-convalescence-care-macke\/","title":{"rendered":"RCC Recovery &amp; Convalescence Care"},"content":{"rendered":"","protected":false},"excerpt":{"rendered":"<p>RCC Recovery &amp; Convalescence Care \u2013 Craftia Galena Veterinary je kompletna dijetetska hrana za ma\u010dke, formulisana kao veterinarska hrana za ma\u010dke za oporavak. Daje nutritivnu podr\u0161ku tokom bolesti, operacije ili perioda oporavka pru\u017eaju\u0107i visoku gustinu energije, esencijalne hranljive materije i lako probavljive sastojke. Formula poma\u017ee u obnavljanju apetita, promovi\u0161e regeneraciju tkiva i podr\u017eava metaboli\u010dki oporavak kod oslabljenih ili pothranjenih ma\u010daka.  <\/p>\n<p><strong>KADA GALENA RECOVERY &amp; CONVALESCENCE CARE?<\/strong><\/p>\n<ul>\n<li>Za obnovu ishrane nakon bolesti ili operacije<\/li>\n<li>Podr\u017eava oporavak i oporavak energije<\/li>\n<li>Formulacija visoke energije i hranljivih materija<\/li>\n<li>Stimuli\u0161e apetit i vitalnost<\/li>\n<li>Preporu\u010duje se za oslabljene ili nedovoljne ma\u010dke<\/li>\n<\/ul>\n","protected":false},"featured_media":2942,"comment_status":"open","ping_status":"closed","template":"","meta":{"_acf_changed":false},"pwb-brand":[],"product_brand":[178],"product_cat":[115,121],"product_tag":[],"class_list":{"0":"post-2940","1":"product","2":"type-product","3":"status-publish","4":"has-post-thumbnail","6":"product_brand-craftia-galena","7":"product_cat-cat-food","8":"product_cat-adult-cat","10":"first","11":"instock","12":"taxable","13":"shipping-taxable","14":"product-type-variable"},"acf":[],"brands":[],"_links":{"self":[{"href":"https:\/\/kraftiapet.com\/sr\/wp-json\/wp\/v2\/product\/2940","targetHints":{"allow":["GET"]}}],"collection":[{"href":"https:\/\/kraftiapet.com\/sr\/wp-json\/wp\/v2\/product"}],"about":[{"href":"https:\/\/kraftiapet.com\/sr\/wp-json\/wp\/v2\/types\/product"}],"replies":[{"embeddable":true,"href":"https:\/\/kraftiapet.com\/sr\/wp-json\/wp\/v2\/comments?post=2940"}],"wp:featuredmedia":[{"embeddable":true,"href":"https:\/\/kraftiapet.com\/sr\/wp-json\/wp\/v2\/media\/2942"}],"wp:attachment":[{"href":"https:\/\/kraftiapet.com\/sr\/wp-json\/wp\/v2\/media?parent=2940"}],"wp:term":[{"taxonomy":"pwb-brand","embeddable":true,"href":"https:\/\/kraftiapet.com\/sr\/wp-json\/wp\/v2\/pwb-brand?post=2940"},{"taxonomy":"product_brand","embeddable":true,"href":"https:\/\/kraftiapet.com\/sr\/wp-json\/wp\/v2\/product_brand?post=2940"},{"taxonomy":"product_cat","embeddable":true,"href":"https:\/\/kraftiapet.com\/sr\/wp-json\/wp\/v2\/product_cat?post=2940"},{"taxonomy":"product_tag","embeddable":true,"href":"https:\/\/kraftiapet.com\/sr\/wp-json\/wp\/v2\/product_tag?post=2940"}],"curies":[{"name":"wp","href":"https:\/\/api.w.org\/{rel}","templated":true}]}}