{"id":2955,"date":"2025-10-06T11:30:25","date_gmt":"2025-10-06T11:30:25","guid":{"rendered":"https:\/\/kraftiapet.com\/?post_type=product&#038;p=2955"},"modified":"2026-03-06T10:37:17","modified_gmt":"2026-03-06T10:37:17","slug":"wm-weight-management","status":"publish","type":"product","link":"https:\/\/kraftiapet.com\/sr\/proizvod\/wm-weight-management\/","title":{"rendered":"WM Weight Management"},"content":{"rendered":"","protected":false},"excerpt":{"rendered":"<p>WM Weight Management \u2013 Craftia Galena Veterinary je kompletna dijetetska hrana za ma\u010dke, razvijena kao veterinarska hrana za ma\u010dke za kontrolu te\u017eine i kontrolu gojaznosti. Formulisana je da promovi\u0161e bezbedno i efikasno smanjenje te\u017eine kroz preciznu kontrolu kalorija i optimalnu ravnote\u017eu hranljivih materija. Ova veterinarska dijeta podr\u017eava metabolizam masti, poma\u017ee u odr\u017eavanju \u010diste mi\u0161i\u0107ne mase i doprinosi ukupnoj metaboli\u010dkoj stabilnosti.  <\/p>\n<p><strong>KADA GALENA UPRAVLJANJE TE\u017dINOM?<\/strong><\/p>\n<ul>\n<li>Za smanjenje i upravljanje prekomerne telesne te\u017eine<\/li>\n<li>Podr\u017eava metabolizam masti i o\u010duvanje mi\u0161i\u0107ne mase<\/li>\n<li>Promovi\u0161e zdravu energetsku ravnote\u017eu i sitost<\/li>\n<li>Preporu\u010duje se za gojazne ma\u010dke<\/li>\n<li>Poma\u017ee u odr\u017eavanju idealnog stanja tela nakon gubitka te\u017eine<\/li>\n<\/ul>\n","protected":false},"featured_media":2957,"comment_status":"open","ping_status":"closed","template":"","meta":{"_acf_changed":false},"pwb-brand":[],"product_brand":[178],"product_cat":[115,121],"product_tag":[],"class_list":{"0":"post-2955","1":"product","2":"type-product","3":"status-publish","4":"has-post-thumbnail","6":"product_brand-craftia-galena","7":"product_cat-cat-food","8":"product_cat-adult-cat","10":"first","11":"instock","12":"taxable","13":"shipping-taxable","14":"product-type-variable"},"acf":[],"brands":[],"_links":{"self":[{"href":"https:\/\/kraftiapet.com\/sr\/wp-json\/wp\/v2\/product\/2955","targetHints":{"allow":["GET"]}}],"collection":[{"href":"https:\/\/kraftiapet.com\/sr\/wp-json\/wp\/v2\/product"}],"about":[{"href":"https:\/\/kraftiapet.com\/sr\/wp-json\/wp\/v2\/types\/product"}],"replies":[{"embeddable":true,"href":"https:\/\/kraftiapet.com\/sr\/wp-json\/wp\/v2\/comments?post=2955"}],"wp:featuredmedia":[{"embeddable":true,"href":"https:\/\/kraftiapet.com\/sr\/wp-json\/wp\/v2\/media\/2957"}],"wp:attachment":[{"href":"https:\/\/kraftiapet.com\/sr\/wp-json\/wp\/v2\/media?parent=2955"}],"wp:term":[{"taxonomy":"pwb-brand","embeddable":true,"href":"https:\/\/kraftiapet.com\/sr\/wp-json\/wp\/v2\/pwb-brand?post=2955"},{"taxonomy":"product_brand","embeddable":true,"href":"https:\/\/kraftiapet.com\/sr\/wp-json\/wp\/v2\/product_brand?post=2955"},{"taxonomy":"product_cat","embeddable":true,"href":"https:\/\/kraftiapet.com\/sr\/wp-json\/wp\/v2\/product_cat?post=2955"},{"taxonomy":"product_tag","embeddable":true,"href":"https:\/\/kraftiapet.com\/sr\/wp-json\/wp\/v2\/product_tag?post=2955"}],"curies":[{"name":"wp","href":"https:\/\/api.w.org\/{rel}","templated":true}]}}