{"id":2956,"date":"2025-10-07T06:57:56","date_gmt":"2025-10-07T06:57:56","guid":{"rendered":"https:\/\/kraftiapet.com\/?post_type=product&#038;p=2956"},"modified":"2026-02-26T12:43:24","modified_gmt":"2026-02-26T12:43:24","slug":"craftia-galena-ur-urinary-care-macke","status":"publish","type":"product","link":"https:\/\/kraftiapet.com\/sr\/proizvod\/craftia-galena-ur-urinary-care-macke\/","title":{"rendered":"UR Urinary Care"},"content":{"rendered":"","protected":false},"excerpt":{"rendered":"<p>UR Urinary Care \u2013 Craftia Galena Veterinary je kompletna dijetetska hrana za ma\u010dke, razvijena kao veterinarska hrana za ma\u010dke za urinarnu negu i prevenciju struvita. Formulisan je za rastvaranje struvitnog kamenja, smanjenje recidiva kamena i za le\u010denje bolesti donjeg urinarnog trakta ma\u010daka (FLUTD). Ova dijeta ima svojstva urina za zakiseljavanje i nizak sadr\u017eaj magnezijuma kako bi se odr\u017ealo zdravlje urina, spre\u010dilo stvaranje kristala i podr\u017eala ukupnu funkciju be\u0161ike.  <\/p>\n<p><strong>KADA GALENA URINARY CARE?<\/strong><\/p>\n<ul>\n<li>Za rastvaranje struvitnog kamenca<\/li>\n<li>Smanjuje recidiv mokra\u0107nih kamenaca<\/li>\n<li>Podr\u017eava upravljanje bolesti donjeg urinarnog trakta ma\u010daka (FLUTD)<\/li>\n<li>Svojstva zakiseljavanja urina promovi\u0161u optimalnu pH ravnote\u017eu<\/li>\n<li>Nizak sadr\u017eaj magnezijuma poma\u017ee u spre\u010davanju stvaranja kristala<\/li>\n<li>Preporu\u010duje se za ma\u010dke sklone urinarnim poreme\u0107ajima ili ponavljaju\u0107em cistitisu<\/li>\n<\/ul>\n","protected":false},"featured_media":2958,"comment_status":"open","ping_status":"closed","template":"","meta":{"_acf_changed":false},"pwb-brand":[],"product_brand":[178],"product_cat":[115,121],"product_tag":[],"class_list":{"0":"post-2956","1":"product","2":"type-product","3":"status-publish","4":"has-post-thumbnail","6":"product_brand-craftia-galena","7":"product_cat-cat-food","8":"product_cat-adult-cat","10":"first","11":"instock","12":"taxable","13":"shipping-taxable","14":"product-type-variable"},"acf":[],"brands":[],"_links":{"self":[{"href":"https:\/\/kraftiapet.com\/sr\/wp-json\/wp\/v2\/product\/2956","targetHints":{"allow":["GET"]}}],"collection":[{"href":"https:\/\/kraftiapet.com\/sr\/wp-json\/wp\/v2\/product"}],"about":[{"href":"https:\/\/kraftiapet.com\/sr\/wp-json\/wp\/v2\/types\/product"}],"replies":[{"embeddable":true,"href":"https:\/\/kraftiapet.com\/sr\/wp-json\/wp\/v2\/comments?post=2956"}],"wp:featuredmedia":[{"embeddable":true,"href":"https:\/\/kraftiapet.com\/sr\/wp-json\/wp\/v2\/media\/2958"}],"wp:attachment":[{"href":"https:\/\/kraftiapet.com\/sr\/wp-json\/wp\/v2\/media?parent=2956"}],"wp:term":[{"taxonomy":"pwb-brand","embeddable":true,"href":"https:\/\/kraftiapet.com\/sr\/wp-json\/wp\/v2\/pwb-brand?post=2956"},{"taxonomy":"product_brand","embeddable":true,"href":"https:\/\/kraftiapet.com\/sr\/wp-json\/wp\/v2\/product_brand?post=2956"},{"taxonomy":"product_cat","embeddable":true,"href":"https:\/\/kraftiapet.com\/sr\/wp-json\/wp\/v2\/product_cat?post=2956"},{"taxonomy":"product_tag","embeddable":true,"href":"https:\/\/kraftiapet.com\/sr\/wp-json\/wp\/v2\/product_tag?post=2956"}],"curies":[{"name":"wp","href":"https:\/\/api.w.org\/{rel}","templated":true}]}}