{"id":2963,"date":"2025-10-07T10:32:58","date_gmt":"2025-10-07T10:32:58","guid":{"rendered":"https:\/\/kraftiapet.com\/?post_type=product&#038;p=2963"},"modified":"2026-02-26T12:43:24","modified_gmt":"2026-02-26T12:43:24","slug":"craftia-galena-jc-joint-and-mobility-psi","status":"publish","type":"product","link":"https:\/\/kraftiapet.com\/sr\/proizvod\/craftia-galena-jc-joint-and-mobility-psi\/","title":{"rendered":"JC Joint &amp; Mobility Care"},"content":{"rendered":"","protected":false},"excerpt":{"rendered":"<p>JC Joint &amp; Mobility Care \u2013 Galena Veterinary je kompletna dijetetska hrana za odrasle pse, formulisana kao veterinarska hrana za pse za podr\u0161ku zglobova i pokretljivost. Poma\u017ee u odr\u017eavanju metabolizma zglobova u slu\u010dajevima osteoartritisa i podr\u017eava fleksibilnost, regeneraciju hrskavice i ukupnu funkciju zglobova. Idealno za odrasle i starije pse koji manifestuju uko\u010denost ili smanjenu pokretljivost zbog starosti ili naprezanja zglobova.<\/p>\n<p><strong>KADA GALENA JOINT &amp; MOBILITY CARE?<\/strong><\/p>\n<ul>\n<li>Podr\u017eava metabolizam zglobova kod osteoartritisa<\/li>\n<li>Promovi\u0161e regeneraciju i fleksibilnost hrskavice<\/li>\n<li>Pobolj\u0161ava pokretljivos kod odraslih pasa<\/li>\n<li>Preporu\u010duje se za pse sa uko\u010deno\u0161\u0107u zglobova ili bolom u zglobovima<\/li>\n<li>Poma\u017ee u odr\u017eavanju dugoro\u010dnog zdravlja i pokretljivosti zglobova<\/li>\n<\/ul>\n","protected":false},"featured_media":2965,"comment_status":"open","ping_status":"closed","template":"","meta":{"_acf_changed":false},"pwb-brand":[],"product_brand":[178],"product_cat":[117,119],"product_tag":[],"class_list":{"0":"post-2963","1":"product","2":"type-product","3":"status-publish","4":"has-post-thumbnail","6":"product_brand-craftia-galena","7":"product_cat-dog-food","8":"product_cat-adult-dog","10":"first","11":"instock","12":"taxable","13":"shipping-taxable","14":"product-type-variable"},"acf":[],"brands":[],"_links":{"self":[{"href":"https:\/\/kraftiapet.com\/sr\/wp-json\/wp\/v2\/product\/2963","targetHints":{"allow":["GET"]}}],"collection":[{"href":"https:\/\/kraftiapet.com\/sr\/wp-json\/wp\/v2\/product"}],"about":[{"href":"https:\/\/kraftiapet.com\/sr\/wp-json\/wp\/v2\/types\/product"}],"replies":[{"embeddable":true,"href":"https:\/\/kraftiapet.com\/sr\/wp-json\/wp\/v2\/comments?post=2963"}],"wp:featuredmedia":[{"embeddable":true,"href":"https:\/\/kraftiapet.com\/sr\/wp-json\/wp\/v2\/media\/2965"}],"wp:attachment":[{"href":"https:\/\/kraftiapet.com\/sr\/wp-json\/wp\/v2\/media?parent=2963"}],"wp:term":[{"taxonomy":"pwb-brand","embeddable":true,"href":"https:\/\/kraftiapet.com\/sr\/wp-json\/wp\/v2\/pwb-brand?post=2963"},{"taxonomy":"product_brand","embeddable":true,"href":"https:\/\/kraftiapet.com\/sr\/wp-json\/wp\/v2\/product_brand?post=2963"},{"taxonomy":"product_cat","embeddable":true,"href":"https:\/\/kraftiapet.com\/sr\/wp-json\/wp\/v2\/product_cat?post=2963"},{"taxonomy":"product_tag","embeddable":true,"href":"https:\/\/kraftiapet.com\/sr\/wp-json\/wp\/v2\/product_tag?post=2963"}],"curies":[{"name":"wp","href":"https:\/\/api.w.org\/{rel}","templated":true}]}}