{"id":2964,"date":"2025-10-07T11:43:47","date_gmt":"2025-10-07T11:43:47","guid":{"rendered":"https:\/\/kraftiapet.com\/?post_type=product&#038;p=2964"},"modified":"2026-02-26T12:42:46","modified_gmt":"2026-02-26T12:42:46","slug":"wjmc-weight-joint-mobility-care-psi","status":"publish","type":"product","link":"https:\/\/kraftiapet.com\/sr\/proizvod\/wjmc-weight-joint-mobility-care-psi\/","title":{"rendered":"WJMC Weight &amp; Joint Mobility Care"},"content":{"rendered":"","protected":false},"excerpt":{"rendered":"<p>WJMC Weight &amp; Joint Mobility Care \u2013 Craftia Galena Veterinary je kompletna dijetetska hrana za pse, formulisana kao veterinarska hrana za pse za kontrolu te\u017eine i podr\u0161ku zglobovima. Namenjena je za smanjenje prekomerne telesne te\u017eine i podr\u0161ku metabolizma zglobova u slu\u010dajevima osteoartritisa. Dijeta ima kontrolisani sadr\u017eaj energije, optimalne nivoe proteina i ciljane hranljive materije za odr\u017eavanje \u010diste mi\u0161i\u0107ne mase, podr\u0161ku integritetu hrskavice i promovisanje pokretljivosti.<\/p>\n<p><strong>KADA GALENA WJMC Weight &amp; Joint Mobility Care?<\/strong><\/p>\n<ul>\n<li>Za kontrolu te\u017eine i kontrolu gojaznosti<\/li>\n<li>Podr\u017eava metabolizam zglobova kod osteoartritisa<\/li>\n<li>Pobolj\u0161ava mobilnost i fleksibilnost<\/li>\n<li>Poma\u017ee u odr\u017eavanju mi\u0161i\u0107ne mase tokom gubitka te\u017eine<\/li>\n<li>Preporu\u010duje se za pse sa prekomernom te\u017einom ili starije pse sa zajedni\u010dkim naporom<\/li>\n<\/ul>\n","protected":false},"featured_media":2966,"comment_status":"open","ping_status":"closed","template":"","meta":{"_acf_changed":false},"pwb-brand":[],"product_brand":[178],"product_cat":[117,119],"product_tag":[],"class_list":{"0":"post-2964","1":"product","2":"type-product","3":"status-publish","4":"has-post-thumbnail","6":"product_brand-craftia-galena","7":"product_cat-dog-food","8":"product_cat-adult-dog","10":"first","11":"instock","12":"taxable","13":"shipping-taxable","14":"product-type-variable"},"acf":[],"brands":[],"_links":{"self":[{"href":"https:\/\/kraftiapet.com\/sr\/wp-json\/wp\/v2\/product\/2964","targetHints":{"allow":["GET"]}}],"collection":[{"href":"https:\/\/kraftiapet.com\/sr\/wp-json\/wp\/v2\/product"}],"about":[{"href":"https:\/\/kraftiapet.com\/sr\/wp-json\/wp\/v2\/types\/product"}],"replies":[{"embeddable":true,"href":"https:\/\/kraftiapet.com\/sr\/wp-json\/wp\/v2\/comments?post=2964"}],"wp:featuredmedia":[{"embeddable":true,"href":"https:\/\/kraftiapet.com\/sr\/wp-json\/wp\/v2\/media\/2966"}],"wp:attachment":[{"href":"https:\/\/kraftiapet.com\/sr\/wp-json\/wp\/v2\/media?parent=2964"}],"wp:term":[{"taxonomy":"pwb-brand","embeddable":true,"href":"https:\/\/kraftiapet.com\/sr\/wp-json\/wp\/v2\/pwb-brand?post=2964"},{"taxonomy":"product_brand","embeddable":true,"href":"https:\/\/kraftiapet.com\/sr\/wp-json\/wp\/v2\/product_brand?post=2964"},{"taxonomy":"product_cat","embeddable":true,"href":"https:\/\/kraftiapet.com\/sr\/wp-json\/wp\/v2\/product_cat?post=2964"},{"taxonomy":"product_tag","embeddable":true,"href":"https:\/\/kraftiapet.com\/sr\/wp-json\/wp\/v2\/product_tag?post=2964"}],"curies":[{"name":"wp","href":"https:\/\/api.w.org\/{rel}","templated":true}]}}