{"id":2971,"date":"2025-10-07T09:18:46","date_gmt":"2025-10-07T09:18:46","guid":{"rendered":"https:\/\/kraftiapet.com\/?post_type=product&#038;p=2971"},"modified":"2026-02-26T12:43:24","modified_gmt":"2026-02-26T12:43:24","slug":"craftia-galena-rc-renal-care-psi","status":"publish","type":"product","link":"https:\/\/kraftiapet.com\/sr\/proizvod\/craftia-galena-rc-renal-care-psi\/","title":{"rendered":"RC Renal Care"},"content":{"rendered":"","protected":false},"excerpt":{"rendered":"<p>RC Renal Care \u2013 Craftia Galena Veterinary je kompletna dijetetska hrana za pse, razvijena kao veterinarska hrana za pse za podr\u0161ku bubrezima i negu bubrega. Formulisan je da podr\u017ei bubre\u017enu funkciju u slu\u010dajevima hroni\u010dne ili privremene bubre\u017ene insuficijencije. Ova specijalizovana ishrana poma\u017ee u smanjenju optere\u0107enja bubrega, odr\u017eava uravnote\u017een nivo minerala i podr\u017eava ukupnu vitalnost kod pasa sa kompromitovanom bubre\u017enom funkcijom.  <\/p>\n<p><strong>KADA GALENA RENAL CARE?<\/strong><\/p>\n<ul>\n<li>Za hroni\u010dnu ili privremenu bubre\u017enu insuficijenciju<\/li>\n<li>Podr\u017eava funkciju bubrega i detoksikaciju<\/li>\n<li>Poma\u017ee u ravnote\u017ei nivoa fosfora i natrijuma<\/li>\n<li>Promovi\u0161e apetit i hidrataciju<\/li>\n<li>Preporu\u010duje se za pse sa bubre\u017enim oboljenjima ili problemima sa bubrezima povezanim sa starenjem<\/li>\n<\/ul>\n","protected":false},"featured_media":2973,"comment_status":"open","ping_status":"closed","template":"","meta":{"_acf_changed":false},"pwb-brand":[],"product_brand":[178],"product_cat":[117,119],"product_tag":[],"class_list":{"0":"post-2971","1":"product","2":"type-product","3":"status-publish","4":"has-post-thumbnail","6":"product_brand-craftia-galena","7":"product_cat-dog-food","8":"product_cat-adult-dog","10":"first","11":"instock","12":"taxable","13":"shipping-taxable","14":"product-type-variable"},"acf":[],"brands":[],"_links":{"self":[{"href":"https:\/\/kraftiapet.com\/sr\/wp-json\/wp\/v2\/product\/2971","targetHints":{"allow":["GET"]}}],"collection":[{"href":"https:\/\/kraftiapet.com\/sr\/wp-json\/wp\/v2\/product"}],"about":[{"href":"https:\/\/kraftiapet.com\/sr\/wp-json\/wp\/v2\/types\/product"}],"replies":[{"embeddable":true,"href":"https:\/\/kraftiapet.com\/sr\/wp-json\/wp\/v2\/comments?post=2971"}],"wp:featuredmedia":[{"embeddable":true,"href":"https:\/\/kraftiapet.com\/sr\/wp-json\/wp\/v2\/media\/2973"}],"wp:attachment":[{"href":"https:\/\/kraftiapet.com\/sr\/wp-json\/wp\/v2\/media?parent=2971"}],"wp:term":[{"taxonomy":"pwb-brand","embeddable":true,"href":"https:\/\/kraftiapet.com\/sr\/wp-json\/wp\/v2\/pwb-brand?post=2971"},{"taxonomy":"product_brand","embeddable":true,"href":"https:\/\/kraftiapet.com\/sr\/wp-json\/wp\/v2\/product_brand?post=2971"},{"taxonomy":"product_cat","embeddable":true,"href":"https:\/\/kraftiapet.com\/sr\/wp-json\/wp\/v2\/product_cat?post=2971"},{"taxonomy":"product_tag","embeddable":true,"href":"https:\/\/kraftiapet.com\/sr\/wp-json\/wp\/v2\/product_tag?post=2971"}],"curies":[{"name":"wp","href":"https:\/\/api.w.org\/{rel}","templated":true}]}}