{"id":2979,"date":"2025-10-07T08:55:42","date_gmt":"2025-10-07T08:55:42","guid":{"rendered":"https:\/\/kraftiapet.com\/?post_type=product&#038;p=2979"},"modified":"2026-02-26T12:43:24","modified_gmt":"2026-02-26T12:43:24","slug":"craftia-galena-gc-gastrointestinal-care-psi","status":"publish","type":"product","link":"https:\/\/kraftiapet.com\/sr\/proizvod\/craftia-galena-gc-gastrointestinal-care-psi\/","title":{"rendered":"GC Gastrointestinal Care"},"content":{"rendered":"","protected":false},"excerpt":{"rendered":"<p>GC Gastrointestinal Care \u2013 Craftia Galena Veterinary je kompletna dijetetska hrana za pse, formulisana kao veterinarska hrana za pse za podr\u0161ku probavi i gastrointestinalnoj nezi. Namenjen je za smanjenje intestinalnih apsorptivnih poreme\u0107aja i kao kompenzacija za lo\u0161u probavljanje i egzokrine insuficijencije pankreasa. Ova visoko &#8211; probavljiva formula obezbe\u0111uje pove\u0107ane nivoe natrijuma i kalijuma kako bi podr\u017eala ravnote\u017eu elektrolita, vratila apsorpciju hranljivih materija i promovisala zdravu probavu.  <\/p>\n<p><strong>KADA GALENA GASTROINTESTINAL CARE?<\/strong><\/p>\n<ul>\n<li>Za intestinalne apsorptivne poreme\u0107aje i lo\u0161e varenje<\/li>\n<li>Podr\u017eava pse sa egzokrinom insuficijencijom pankreasa<\/li>\n<li>Visoko probavljiva sa uravnote\u017eenim elektrolitima<\/li>\n<li>Pobolj\u0161ava apsorpciju hranljivih materija i kvalitet stolice<\/li>\n<li>Preporu\u010duje se za pse sa osetljivom ili poreme\u0107enom probavom<\/li>\n<\/ul>\n","protected":false},"featured_media":2981,"comment_status":"open","ping_status":"closed","template":"","meta":{"_acf_changed":false},"pwb-brand":[],"product_brand":[178],"product_cat":[117,119],"product_tag":[],"class_list":{"0":"post-2979","1":"product","2":"type-product","3":"status-publish","4":"has-post-thumbnail","6":"product_brand-craftia-galena","7":"product_cat-dog-food","8":"product_cat-adult-dog","10":"first","11":"instock","12":"taxable","13":"shipping-taxable","14":"product-type-variable"},"acf":[],"brands":[],"_links":{"self":[{"href":"https:\/\/kraftiapet.com\/sr\/wp-json\/wp\/v2\/product\/2979","targetHints":{"allow":["GET"]}}],"collection":[{"href":"https:\/\/kraftiapet.com\/sr\/wp-json\/wp\/v2\/product"}],"about":[{"href":"https:\/\/kraftiapet.com\/sr\/wp-json\/wp\/v2\/types\/product"}],"replies":[{"embeddable":true,"href":"https:\/\/kraftiapet.com\/sr\/wp-json\/wp\/v2\/comments?post=2979"}],"wp:featuredmedia":[{"embeddable":true,"href":"https:\/\/kraftiapet.com\/sr\/wp-json\/wp\/v2\/media\/2981"}],"wp:attachment":[{"href":"https:\/\/kraftiapet.com\/sr\/wp-json\/wp\/v2\/media?parent=2979"}],"wp:term":[{"taxonomy":"pwb-brand","embeddable":true,"href":"https:\/\/kraftiapet.com\/sr\/wp-json\/wp\/v2\/pwb-brand?post=2979"},{"taxonomy":"product_brand","embeddable":true,"href":"https:\/\/kraftiapet.com\/sr\/wp-json\/wp\/v2\/product_brand?post=2979"},{"taxonomy":"product_cat","embeddable":true,"href":"https:\/\/kraftiapet.com\/sr\/wp-json\/wp\/v2\/product_cat?post=2979"},{"taxonomy":"product_tag","embeddable":true,"href":"https:\/\/kraftiapet.com\/sr\/wp-json\/wp\/v2\/product_tag?post=2979"}],"curies":[{"name":"wp","href":"https:\/\/api.w.org\/{rel}","templated":true}]}}