{"id":2987,"date":"2025-10-07T05:48:17","date_gmt":"2025-10-07T05:48:17","guid":{"rendered":"https:\/\/kraftiapet.com\/?post_type=product&#038;p=2987"},"modified":"2026-02-26T12:43:25","modified_gmt":"2026-02-26T12:43:25","slug":"craftia-galena-wjmc-weight-and-joint-mobility-care-macke","status":"publish","type":"product","link":"https:\/\/kraftiapet.com\/sr\/proizvod\/craftia-galena-wjmc-weight-and-joint-mobility-care-macke\/","title":{"rendered":"WJMC Weight &amp; Joint Mobility Care"},"content":{"rendered":"","protected":false},"excerpt":{"rendered":"<p>WJMC Weight &amp; Joint Mobility Care \u2013 Craftia Galena Veterinary je kompletna dijetetska hrana za ma\u010dke, formulisana kao veterinarska hrana za ma\u010dke za kontrolu te\u017eine i podr\u0161ku zglobovima. Poma\u017ee u smanjenju prekomerne telesne te\u017eine i podr\u017eava metabolizam zglobova u slu\u010dajevima osteoartritisa. Uravnote\u017eeni recept uklju\u010duje kontrolisane nivoe energije i esencijalne hranljive materije za o\u010duvanje mi\u0161i\u0107ne mase, odr\u017eavanje fleksibilnosti i promovisanje udobnosti kod ma\u010daka sa prekomernom te\u017einom ili starenja.  <\/p>\n<p><strong>KADA GALENA WJMC Weight &amp; Joint Mobility Care?<\/strong><\/p>\n<ul>\n<li>Za smanjenje i kontrolu prekomerne telesne te\u017eine<\/li>\n<li>Podr\u017eava zajedni\u010dki metabolizam kod osteoartritisa<\/li>\n<li>Pobolj\u0161ava mobilnost i fleksibilnost<\/li>\n<li>Poma\u017ee u odr\u017eavanju mi\u0161i\u0107ne mase tokom gubitka te\u017eine<\/li>\n<li>Preporu\u010duje se za gojaznost, starije ili manje aktivne ma\u010dke<\/li>\n<\/ul>\n","protected":false},"featured_media":2989,"comment_status":"open","ping_status":"closed","template":"","meta":{"_acf_changed":false},"pwb-brand":[],"product_brand":[178],"product_cat":[115,121],"product_tag":[],"class_list":{"0":"post-2987","1":"product","2":"type-product","3":"status-publish","4":"has-post-thumbnail","6":"product_brand-craftia-galena","7":"product_cat-cat-food","8":"product_cat-adult-cat","10":"first","11":"instock","12":"taxable","13":"shipping-taxable","14":"product-type-variable"},"acf":[],"brands":[],"_links":{"self":[{"href":"https:\/\/kraftiapet.com\/sr\/wp-json\/wp\/v2\/product\/2987","targetHints":{"allow":["GET"]}}],"collection":[{"href":"https:\/\/kraftiapet.com\/sr\/wp-json\/wp\/v2\/product"}],"about":[{"href":"https:\/\/kraftiapet.com\/sr\/wp-json\/wp\/v2\/types\/product"}],"replies":[{"embeddable":true,"href":"https:\/\/kraftiapet.com\/sr\/wp-json\/wp\/v2\/comments?post=2987"}],"wp:featuredmedia":[{"embeddable":true,"href":"https:\/\/kraftiapet.com\/sr\/wp-json\/wp\/v2\/media\/2989"}],"wp:attachment":[{"href":"https:\/\/kraftiapet.com\/sr\/wp-json\/wp\/v2\/media?parent=2987"}],"wp:term":[{"taxonomy":"pwb-brand","embeddable":true,"href":"https:\/\/kraftiapet.com\/sr\/wp-json\/wp\/v2\/pwb-brand?post=2987"},{"taxonomy":"product_brand","embeddable":true,"href":"https:\/\/kraftiapet.com\/sr\/wp-json\/wp\/v2\/product_brand?post=2987"},{"taxonomy":"product_cat","embeddable":true,"href":"https:\/\/kraftiapet.com\/sr\/wp-json\/wp\/v2\/product_cat?post=2987"},{"taxonomy":"product_tag","embeddable":true,"href":"https:\/\/kraftiapet.com\/sr\/wp-json\/wp\/v2\/product_tag?post=2987"}],"curies":[{"name":"wp","href":"https:\/\/api.w.org\/{rel}","templated":true}]}}