{"id":2988,"date":"2025-10-07T11:11:41","date_gmt":"2025-10-07T11:11:41","guid":{"rendered":"https:\/\/kraftiapet.com\/?post_type=product&#038;p=2988"},"modified":"2026-02-26T12:42:46","modified_gmt":"2026-02-26T12:42:46","slug":"hp-hepatic-care-psi","status":"publish","type":"product","link":"https:\/\/kraftiapet.com\/sr\/proizvod\/hp-hepatic-care-psi\/","title":{"rendered":"HC Hepatic Care"},"content":{"rendered":"","protected":false},"excerpt":{"rendered":"<p>HC Hepatic Care \u2013 Galena Veterinary je kompletna dijetetska hrana za pse, razvijena kao veterinarska hrana za pse za podr\u0161ku i negu jetre. Formulisana je da podr\u017ei funkciju jetre u slu\u010dajevima hroni\u010dne insuficijencije jetre i da smanji optere\u0107enje jetre. Ovaj recept sadr\u017ei umeren nivo odabranih, visoko probavljivih proteina koji promovi\u0161u optimalan metabolizam i poma\u017eu u procesima detoksikacije.<\/p>\n<p><strong>KADA GALENA HEPATIC CARE?<\/strong><\/p>\n<ul>\n<li>Za hroni\u010dnu ili akutnu insuficijenciju jetre<\/li>\n<li>Podr\u017eava regeneraciju i detoksikaciju jetre<\/li>\n<li>Sadr\u017ei umerene nivoe visokokvalitetnih, probavljivih proteina<\/li>\n<li>Poma\u017ee u smanjenju stresa i upale jetre<\/li>\n<li>Preporu\u010duje se za pse sa o\u0161te\u0107enom funkcijom jetre<\/li>\n<\/ul>\n","protected":false},"featured_media":2991,"comment_status":"open","ping_status":"closed","template":"","meta":{"_acf_changed":false},"pwb-brand":[],"product_brand":[178],"product_cat":[117,119],"product_tag":[],"class_list":{"0":"post-2988","1":"product","2":"type-product","3":"status-publish","4":"has-post-thumbnail","6":"product_brand-craftia-galena","7":"product_cat-dog-food","8":"product_cat-adult-dog","10":"first","11":"instock","12":"taxable","13":"shipping-taxable","14":"product-type-variable"},"acf":[],"brands":[],"_links":{"self":[{"href":"https:\/\/kraftiapet.com\/sr\/wp-json\/wp\/v2\/product\/2988","targetHints":{"allow":["GET"]}}],"collection":[{"href":"https:\/\/kraftiapet.com\/sr\/wp-json\/wp\/v2\/product"}],"about":[{"href":"https:\/\/kraftiapet.com\/sr\/wp-json\/wp\/v2\/types\/product"}],"replies":[{"embeddable":true,"href":"https:\/\/kraftiapet.com\/sr\/wp-json\/wp\/v2\/comments?post=2988"}],"wp:featuredmedia":[{"embeddable":true,"href":"https:\/\/kraftiapet.com\/sr\/wp-json\/wp\/v2\/media\/2991"}],"wp:attachment":[{"href":"https:\/\/kraftiapet.com\/sr\/wp-json\/wp\/v2\/media?parent=2988"}],"wp:term":[{"taxonomy":"pwb-brand","embeddable":true,"href":"https:\/\/kraftiapet.com\/sr\/wp-json\/wp\/v2\/pwb-brand?post=2988"},{"taxonomy":"product_brand","embeddable":true,"href":"https:\/\/kraftiapet.com\/sr\/wp-json\/wp\/v2\/product_brand?post=2988"},{"taxonomy":"product_cat","embeddable":true,"href":"https:\/\/kraftiapet.com\/sr\/wp-json\/wp\/v2\/product_cat?post=2988"},{"taxonomy":"product_tag","embeddable":true,"href":"https:\/\/kraftiapet.com\/sr\/wp-json\/wp\/v2\/product_tag?post=2988"}],"curies":[{"name":"wp","href":"https:\/\/api.w.org\/{rel}","templated":true}]}}