{"id":2997,"date":"2025-10-07T11:03:31","date_gmt":"2025-10-07T11:03:31","guid":{"rendered":"https:\/\/kraftiapet.com\/?post_type=product&#038;p=2997"},"modified":"2026-02-26T12:43:24","modified_gmt":"2026-02-26T12:43:24","slug":"rcc-recovery-and-convalescence-care-psi","status":"publish","type":"product","link":"https:\/\/kraftiapet.com\/sr\/proizvod\/rcc-recovery-and-convalescence-care-psi\/","title":{"rendered":"RCC Recovery &amp; Convalescence Care"},"content":{"rendered":"","protected":false},"excerpt":{"rendered":"<p>RCC Recovery &amp; Convalescence Care \u2013 Galena Veterinary je kompletna dijetetska hrana za pse, formulisana kao veterinarska hrana za pse za oporavak i oporavak. Osmi\u0161ljena da podr\u017ei nutritivnu obnovu, ova formula obezbe\u0111uje visoku gustinu energije, povi\u0161ene koncentracije esencijalnih hranljivih materija i lako probavljive sastojke. Poma\u017ee psima da povrate snagu, apetit i vitalnost tokom oporavka od bolesti, operacije ili perioda slabosti.  <\/p>\n<p><strong>KADA GALENA RECOVERI &amp; CONVALESCENCE CARE?<\/strong><\/p>\n<ul>\n<li>Za nutritivnu podr\u0161ku tokom oporavka<\/li>\n<li>Podr\u017eava oporavak nakon operacije i nakon bolesti<\/li>\n<li>Formula visoke energije i hranljivih materija<\/li>\n<li>Poma\u017ee u pobolj\u0161anju apetita i vitalnosti<\/li>\n<li>Idealno za pse u oporavku ili uslovima nedovoljne te\u017eine<\/li>\n<\/ul>\n","protected":false},"featured_media":2998,"comment_status":"open","ping_status":"closed","template":"","meta":{"_acf_changed":false},"pwb-brand":[],"product_brand":[178],"product_cat":[117,119],"product_tag":[],"class_list":{"0":"post-2997","1":"product","2":"type-product","3":"status-publish","4":"has-post-thumbnail","6":"product_brand-craftia-galena","7":"product_cat-dog-food","8":"product_cat-adult-dog","10":"first","11":"instock","12":"taxable","13":"shipping-taxable","14":"product-type-variable"},"acf":[],"brands":[],"_links":{"self":[{"href":"https:\/\/kraftiapet.com\/sr\/wp-json\/wp\/v2\/product\/2997","targetHints":{"allow":["GET"]}}],"collection":[{"href":"https:\/\/kraftiapet.com\/sr\/wp-json\/wp\/v2\/product"}],"about":[{"href":"https:\/\/kraftiapet.com\/sr\/wp-json\/wp\/v2\/types\/product"}],"replies":[{"embeddable":true,"href":"https:\/\/kraftiapet.com\/sr\/wp-json\/wp\/v2\/comments?post=2997"}],"wp:featuredmedia":[{"embeddable":true,"href":"https:\/\/kraftiapet.com\/sr\/wp-json\/wp\/v2\/media\/2998"}],"wp:attachment":[{"href":"https:\/\/kraftiapet.com\/sr\/wp-json\/wp\/v2\/media?parent=2997"}],"wp:term":[{"taxonomy":"pwb-brand","embeddable":true,"href":"https:\/\/kraftiapet.com\/sr\/wp-json\/wp\/v2\/pwb-brand?post=2997"},{"taxonomy":"product_brand","embeddable":true,"href":"https:\/\/kraftiapet.com\/sr\/wp-json\/wp\/v2\/product_brand?post=2997"},{"taxonomy":"product_cat","embeddable":true,"href":"https:\/\/kraftiapet.com\/sr\/wp-json\/wp\/v2\/product_cat?post=2997"},{"taxonomy":"product_tag","embeddable":true,"href":"https:\/\/kraftiapet.com\/sr\/wp-json\/wp\/v2\/product_tag?post=2997"}],"curies":[{"name":"wp","href":"https:\/\/api.w.org\/{rel}","templated":true}]}}