{"id":3003,"date":"2025-10-02T10:37:20","date_gmt":"2025-10-02T10:37:20","guid":{"rendered":"https:\/\/kraftiapet.com\/?post_type=product&#038;p=3003"},"modified":"2026-02-26T12:44:50","modified_gmt":"2026-02-26T12:44:50","slug":"vida-super-chicken-lamb-super-veggies-psi","status":"publish","type":"product","link":"https:\/\/kraftiapet.com\/sr\/proizvod\/vida-super-chicken-lamb-super-veggies-psi\/","title":{"rendered":"With Chicken, Lamb &amp; Super Veggies (Hunting)"},"content":{"rendered":"","protected":false},"excerpt":{"rendered":"<p>Vida Super Chicken, Lamb &amp; Super Veggies (Hunting) je vrhunska hrana za pse za srednje i velike pasmine sa piletinom, jagnjetinom i povr\u0107em. Piletina i jagnjetina su savr\u0161eno izbalansirani za sre\u0107ne ku\u0107ne ljubimce pune energije. Pored proteina neophodnih za odr\u017eavanje jakih i zdravih kostiju, tu su i spana\u0107 i borovnice koje su pune vitamina, minerala i antioksidanata.  <\/p>\n","protected":false},"featured_media":3005,"comment_status":"open","ping_status":"closed","template":"","meta":{"_acf_changed":false},"pwb-brand":[],"product_brand":[179],"product_cat":[117,119],"product_tag":[],"class_list":{"0":"post-3003","1":"product","2":"type-product","3":"status-publish","4":"has-post-thumbnail","6":"product_brand-vida-super","7":"product_cat-dog-food","8":"product_cat-adult-dog","10":"first","11":"instock","12":"taxable","13":"shipping-taxable","14":"product-type-variable"},"acf":[],"brands":[],"_links":{"self":[{"href":"https:\/\/kraftiapet.com\/sr\/wp-json\/wp\/v2\/product\/3003","targetHints":{"allow":["GET"]}}],"collection":[{"href":"https:\/\/kraftiapet.com\/sr\/wp-json\/wp\/v2\/product"}],"about":[{"href":"https:\/\/kraftiapet.com\/sr\/wp-json\/wp\/v2\/types\/product"}],"replies":[{"embeddable":true,"href":"https:\/\/kraftiapet.com\/sr\/wp-json\/wp\/v2\/comments?post=3003"}],"wp:featuredmedia":[{"embeddable":true,"href":"https:\/\/kraftiapet.com\/sr\/wp-json\/wp\/v2\/media\/3005"}],"wp:attachment":[{"href":"https:\/\/kraftiapet.com\/sr\/wp-json\/wp\/v2\/media?parent=3003"}],"wp:term":[{"taxonomy":"pwb-brand","embeddable":true,"href":"https:\/\/kraftiapet.com\/sr\/wp-json\/wp\/v2\/pwb-brand?post=3003"},{"taxonomy":"product_brand","embeddable":true,"href":"https:\/\/kraftiapet.com\/sr\/wp-json\/wp\/v2\/product_brand?post=3003"},{"taxonomy":"product_cat","embeddable":true,"href":"https:\/\/kraftiapet.com\/sr\/wp-json\/wp\/v2\/product_cat?post=3003"},{"taxonomy":"product_tag","embeddable":true,"href":"https:\/\/kraftiapet.com\/sr\/wp-json\/wp\/v2\/product_tag?post=3003"}],"curies":[{"name":"wp","href":"https:\/\/api.w.org\/{rel}","templated":true}]}}