{"id":3021,"date":"2025-10-02T10:03:40","date_gmt":"2025-10-02T10:03:40","guid":{"rendered":"https:\/\/kraftiapet.com\/?post_type=product&#038;p=3021"},"modified":"2026-02-26T12:44:50","modified_gmt":"2026-02-26T12:44:50","slug":"vida-super-chicken-turkey-veggies","status":"publish","type":"product","link":"https:\/\/kraftiapet.com\/sr\/proizvod\/vida-super-chicken-turkey-veggies\/","title":{"rendered":"Vida Super Chicken, Turkey &amp; Veggies"},"content":{"rendered":"","protected":false},"excerpt":{"rendered":"<p>Vida Super Lamb, Chicken &amp; Veggies je vrhunska hrana za pse za srednje i velike pasmine sa jagnjetinom, piletinom i povr\u0107em. Prepun jagnjetine i piletine koji su sjajni izvori proteina. Povr\u0107e poput \u0161argarepe i jabuke su bogati izvori antioksidanata i vitamina koji podr\u017eavaju zdrav probavni sistem.  <\/p>\n","protected":false},"featured_media":3022,"comment_status":"open","ping_status":"closed","template":"","meta":{"_acf_changed":false},"pwb-brand":[],"product_brand":[179],"product_cat":[117,119],"product_tag":[],"class_list":{"0":"post-3021","1":"product","2":"type-product","3":"status-publish","4":"has-post-thumbnail","6":"product_brand-vida-super","7":"product_cat-dog-food","8":"product_cat-adult-dog","10":"first","11":"instock","12":"taxable","13":"shipping-taxable","14":"product-type-variable"},"acf":[],"brands":[],"_links":{"self":[{"href":"https:\/\/kraftiapet.com\/sr\/wp-json\/wp\/v2\/product\/3021","targetHints":{"allow":["GET"]}}],"collection":[{"href":"https:\/\/kraftiapet.com\/sr\/wp-json\/wp\/v2\/product"}],"about":[{"href":"https:\/\/kraftiapet.com\/sr\/wp-json\/wp\/v2\/types\/product"}],"replies":[{"embeddable":true,"href":"https:\/\/kraftiapet.com\/sr\/wp-json\/wp\/v2\/comments?post=3021"}],"wp:featuredmedia":[{"embeddable":true,"href":"https:\/\/kraftiapet.com\/sr\/wp-json\/wp\/v2\/media\/3022"}],"wp:attachment":[{"href":"https:\/\/kraftiapet.com\/sr\/wp-json\/wp\/v2\/media?parent=3021"}],"wp:term":[{"taxonomy":"pwb-brand","embeddable":true,"href":"https:\/\/kraftiapet.com\/sr\/wp-json\/wp\/v2\/pwb-brand?post=3021"},{"taxonomy":"product_brand","embeddable":true,"href":"https:\/\/kraftiapet.com\/sr\/wp-json\/wp\/v2\/product_brand?post=3021"},{"taxonomy":"product_cat","embeddable":true,"href":"https:\/\/kraftiapet.com\/sr\/wp-json\/wp\/v2\/product_cat?post=3021"},{"taxonomy":"product_tag","embeddable":true,"href":"https:\/\/kraftiapet.com\/sr\/wp-json\/wp\/v2\/product_tag?post=3021"}],"curies":[{"name":"wp","href":"https:\/\/api.w.org\/{rel}","templated":true}]}}