{"id":3038,"date":"2025-10-02T09:33:47","date_gmt":"2025-10-02T09:33:47","guid":{"rendered":"https:\/\/kraftiapet.com\/?post_type=product&#038;p=3038"},"modified":"2026-02-26T12:44:51","modified_gmt":"2026-02-26T12:44:51","slug":"chicken-with-lamb-super-veggies-2","status":"publish","type":"product","link":"https:\/\/kraftiapet.com\/sr\/proizvod\/chicken-with-lamb-super-veggies-2\/","title":{"rendered":"Chicken With Lamb &amp; Super Veggies"},"content":{"rendered":"","protected":false},"excerpt":{"rendered":"<p>Vida Super Chicken, Lamb &amp; Veggies je vrhunska hrana za \u0161tenad za srednje i velike pasmine sa piletinom, jagnjetinom i povr\u0107em. Piletina i jagnjetina \u010dine ukusnu i zdravu kombinaciju. Ova me\u0161avina je odli\u010dan izvor proteina, neophodan za jake kosti i zdrave zglobove, dok superhrana poput povr\u0107a tako\u0111e obezbe\u0111uje vlakna i antioksidante, koji poma\u017eu u ja\u010danju imunog sistema.  <\/p>\n","protected":false},"featured_media":3039,"comment_status":"open","ping_status":"closed","template":"","meta":{"_acf_changed":false},"pwb-brand":[],"product_brand":[179],"product_cat":[120,117],"product_tag":[],"class_list":{"0":"post-3038","1":"product","2":"type-product","3":"status-publish","4":"has-post-thumbnail","6":"product_brand-vida-super","7":"product_cat-puppy","8":"product_cat-dog-food","10":"first","11":"instock","12":"taxable","13":"shipping-taxable","14":"product-type-variable"},"acf":[],"brands":[],"_links":{"self":[{"href":"https:\/\/kraftiapet.com\/sr\/wp-json\/wp\/v2\/product\/3038","targetHints":{"allow":["GET"]}}],"collection":[{"href":"https:\/\/kraftiapet.com\/sr\/wp-json\/wp\/v2\/product"}],"about":[{"href":"https:\/\/kraftiapet.com\/sr\/wp-json\/wp\/v2\/types\/product"}],"replies":[{"embeddable":true,"href":"https:\/\/kraftiapet.com\/sr\/wp-json\/wp\/v2\/comments?post=3038"}],"wp:featuredmedia":[{"embeddable":true,"href":"https:\/\/kraftiapet.com\/sr\/wp-json\/wp\/v2\/media\/3039"}],"wp:attachment":[{"href":"https:\/\/kraftiapet.com\/sr\/wp-json\/wp\/v2\/media?parent=3038"}],"wp:term":[{"taxonomy":"pwb-brand","embeddable":true,"href":"https:\/\/kraftiapet.com\/sr\/wp-json\/wp\/v2\/pwb-brand?post=3038"},{"taxonomy":"product_brand","embeddable":true,"href":"https:\/\/kraftiapet.com\/sr\/wp-json\/wp\/v2\/product_brand?post=3038"},{"taxonomy":"product_cat","embeddable":true,"href":"https:\/\/kraftiapet.com\/sr\/wp-json\/wp\/v2\/product_cat?post=3038"},{"taxonomy":"product_tag","embeddable":true,"href":"https:\/\/kraftiapet.com\/sr\/wp-json\/wp\/v2\/product_tag?post=3038"}],"curies":[{"name":"wp","href":"https:\/\/api.w.org\/{rel}","templated":true}]}}