{"id":3056,"date":"2025-10-04T21:29:59","date_gmt":"2025-10-04T21:29:59","guid":{"rendered":"https:\/\/kraftiapet.com\/?post_type=product&#038;p=3056"},"modified":"2026-02-26T12:43:56","modified_gmt":"2026-02-26T12:43:56","slug":"lamb-with-brown-rice-4","status":"publish","type":"product","link":"https:\/\/kraftiapet.com\/sr\/proizvod\/lamb-with-brown-rice-4\/","title":{"rendered":"Lamb with Brown Rice"},"content":{"rendered":"","protected":false},"excerpt":{"rendered":"<p>Vida Nativa Lamb with Brown Rice je vrhunska prirodna hrana za pse za patuljaste i male rase sa jagnjetinom i sme\u0111im pirin\u010dem. Jagnjetina i sme\u0111i pirina\u010d su izuzetna kombinacija za ku\u0107ne ljubimce. Sa jagnjetinom koja je od klju\u010dnog zna\u010daja za izgradnju i odr\u017eavanje zdravih mi\u0161i\u0107a, ko\u017ee i dlake, i sme\u0111eg pirin\u010da koji podr\u017eava metabolizam ku\u0107nog ljubimca, ovaj recept je pravi i ukusan izbor.<\/p>\n","protected":false},"featured_media":3059,"comment_status":"open","ping_status":"closed","template":"","meta":{"_acf_changed":false},"pwb-brand":[],"product_brand":[176],"product_cat":[117,119],"product_tag":[],"class_list":{"0":"post-3056","1":"product","2":"type-product","3":"status-publish","4":"has-post-thumbnail","6":"product_brand-vida-nativa","7":"product_cat-dog-food","8":"product_cat-adult-dog","10":"first","11":"instock","12":"taxable","13":"shipping-taxable","14":"product-type-variable"},"acf":[],"brands":[],"_links":{"self":[{"href":"https:\/\/kraftiapet.com\/sr\/wp-json\/wp\/v2\/product\/3056","targetHints":{"allow":["GET"]}}],"collection":[{"href":"https:\/\/kraftiapet.com\/sr\/wp-json\/wp\/v2\/product"}],"about":[{"href":"https:\/\/kraftiapet.com\/sr\/wp-json\/wp\/v2\/types\/product"}],"replies":[{"embeddable":true,"href":"https:\/\/kraftiapet.com\/sr\/wp-json\/wp\/v2\/comments?post=3056"}],"wp:featuredmedia":[{"embeddable":true,"href":"https:\/\/kraftiapet.com\/sr\/wp-json\/wp\/v2\/media\/3059"}],"wp:attachment":[{"href":"https:\/\/kraftiapet.com\/sr\/wp-json\/wp\/v2\/media?parent=3056"}],"wp:term":[{"taxonomy":"pwb-brand","embeddable":true,"href":"https:\/\/kraftiapet.com\/sr\/wp-json\/wp\/v2\/pwb-brand?post=3056"},{"taxonomy":"product_brand","embeddable":true,"href":"https:\/\/kraftiapet.com\/sr\/wp-json\/wp\/v2\/product_brand?post=3056"},{"taxonomy":"product_cat","embeddable":true,"href":"https:\/\/kraftiapet.com\/sr\/wp-json\/wp\/v2\/product_cat?post=3056"},{"taxonomy":"product_tag","embeddable":true,"href":"https:\/\/kraftiapet.com\/sr\/wp-json\/wp\/v2\/product_tag?post=3056"}],"curies":[{"name":"wp","href":"https:\/\/api.w.org\/{rel}","templated":true}]}}