{"id":3081,"date":"2025-10-04T21:49:06","date_gmt":"2025-10-04T21:49:06","guid":{"rendered":"https:\/\/kraftiapet.com\/?post_type=product&#038;p=3081"},"modified":"2026-02-26T12:43:56","modified_gmt":"2026-02-26T12:43:56","slug":"salmon-with-butternut-squash-3","status":"publish","type":"product","link":"https:\/\/kraftiapet.com\/sr\/proizvod\/salmon-with-butternut-squash-3\/","title":{"rendered":"Salmon with Butternut Squash"},"content":{"rendered":"","protected":false},"excerpt":{"rendered":"<p>Vida Nativa Salmon &amp; Butternut Squash je vrhunska prirodna hrana za pse za srednje i velike rase sa lososom i mu\u0161katnom (butternut) tikvom. Losos i butternut tikva \u010dine pravu poslasticu i podr\u017eavaju zdravlje va\u0161eg ljubimca na mnogo na\u010dina: losos je odli\u010dan izvor lako svarljivih proteina i odli\u010dan je za zdravlje ko\u017ee i sjajnu dlaku, dok butternut tikva i jabuke pru\u017eaju osnovu za zdrav probavni sistem i op\u0161te blagostanje.<\/p>\n","protected":false},"featured_media":3083,"comment_status":"open","ping_status":"closed","template":"","meta":{"_acf_changed":false},"pwb-brand":[],"product_brand":[176],"product_cat":[117,119],"product_tag":[],"class_list":{"0":"post-3081","1":"product","2":"type-product","3":"status-publish","4":"has-post-thumbnail","6":"product_brand-vida-nativa","7":"product_cat-dog-food","8":"product_cat-adult-dog","10":"first","11":"instock","12":"taxable","13":"shipping-taxable","14":"product-type-variable"},"acf":[],"brands":[],"_links":{"self":[{"href":"https:\/\/kraftiapet.com\/sr\/wp-json\/wp\/v2\/product\/3081","targetHints":{"allow":["GET"]}}],"collection":[{"href":"https:\/\/kraftiapet.com\/sr\/wp-json\/wp\/v2\/product"}],"about":[{"href":"https:\/\/kraftiapet.com\/sr\/wp-json\/wp\/v2\/types\/product"}],"replies":[{"embeddable":true,"href":"https:\/\/kraftiapet.com\/sr\/wp-json\/wp\/v2\/comments?post=3081"}],"wp:featuredmedia":[{"embeddable":true,"href":"https:\/\/kraftiapet.com\/sr\/wp-json\/wp\/v2\/media\/3083"}],"wp:attachment":[{"href":"https:\/\/kraftiapet.com\/sr\/wp-json\/wp\/v2\/media?parent=3081"}],"wp:term":[{"taxonomy":"pwb-brand","embeddable":true,"href":"https:\/\/kraftiapet.com\/sr\/wp-json\/wp\/v2\/pwb-brand?post=3081"},{"taxonomy":"product_brand","embeddable":true,"href":"https:\/\/kraftiapet.com\/sr\/wp-json\/wp\/v2\/product_brand?post=3081"},{"taxonomy":"product_cat","embeddable":true,"href":"https:\/\/kraftiapet.com\/sr\/wp-json\/wp\/v2\/product_cat?post=3081"},{"taxonomy":"product_tag","embeddable":true,"href":"https:\/\/kraftiapet.com\/sr\/wp-json\/wp\/v2\/product_tag?post=3081"}],"curies":[{"name":"wp","href":"https:\/\/api.w.org\/{rel}","templated":true}]}}