{"id":3097,"date":"2025-09-26T11:17:50","date_gmt":"2025-09-26T11:17:50","guid":{"rendered":"https:\/\/kraftiapet.com\/?post_type=product&#038;p=3097"},"modified":"2026-02-26T12:46:12","modified_gmt":"2026-02-26T12:46:12","slug":"finest-with-wings","status":"publish","type":"product","link":"https:\/\/kraftiapet.com\/sr\/proizvod\/finest-with-wings\/","title":{"rendered":"Finest with Wings<br><br>"},"content":{"rendered":"","protected":false},"excerpt":{"rendered":"<p>Finest with Wings \u2013 Rawival je vrhunska hrana za pse za odrasle za patuljaste i male rase sa piletinom i \u0107uretinom. Sirova piletina bez kostiju i sirova otko\u0161tena \u0107uretina pru\u017eaju izuzetnu ukusnu me\u0161avinu, isporu\u010duju\u0107i sve hranljive proteine koji su potrebni aktivnom psu. Me\u0161avina zdravih \u017eitarica, uklju\u010duju\u0107i drevne izvore, obezbe\u0111uje energiju za tr\u010danje i igru, a poseban sastojak sme\u0111e morske trave poma\u017ee u odr\u017eavanju zdravlja zuba i desni.  <\/p>\n","protected":false},"featured_media":3099,"comment_status":"open","ping_status":"closed","template":"","meta":{"_acf_changed":false},"pwb-brand":[],"product_brand":[175],"product_cat":[117,119],"product_tag":[],"class_list":{"0":"post-3097","1":"product","2":"type-product","3":"status-publish","4":"has-post-thumbnail","6":"product_brand-rawival","7":"product_cat-dog-food","8":"product_cat-adult-dog","10":"first","11":"instock","12":"taxable","13":"shipping-taxable","14":"product-type-variable"},"acf":[],"brands":[],"_links":{"self":[{"href":"https:\/\/kraftiapet.com\/sr\/wp-json\/wp\/v2\/product\/3097","targetHints":{"allow":["GET"]}}],"collection":[{"href":"https:\/\/kraftiapet.com\/sr\/wp-json\/wp\/v2\/product"}],"about":[{"href":"https:\/\/kraftiapet.com\/sr\/wp-json\/wp\/v2\/types\/product"}],"replies":[{"embeddable":true,"href":"https:\/\/kraftiapet.com\/sr\/wp-json\/wp\/v2\/comments?post=3097"}],"wp:featuredmedia":[{"embeddable":true,"href":"https:\/\/kraftiapet.com\/sr\/wp-json\/wp\/v2\/media\/3099"}],"wp:attachment":[{"href":"https:\/\/kraftiapet.com\/sr\/wp-json\/wp\/v2\/media?parent=3097"}],"wp:term":[{"taxonomy":"pwb-brand","embeddable":true,"href":"https:\/\/kraftiapet.com\/sr\/wp-json\/wp\/v2\/pwb-brand?post=3097"},{"taxonomy":"product_brand","embeddable":true,"href":"https:\/\/kraftiapet.com\/sr\/wp-json\/wp\/v2\/product_brand?post=3097"},{"taxonomy":"product_cat","embeddable":true,"href":"https:\/\/kraftiapet.com\/sr\/wp-json\/wp\/v2\/product_cat?post=3097"},{"taxonomy":"product_tag","embeddable":true,"href":"https:\/\/kraftiapet.com\/sr\/wp-json\/wp\/v2\/product_tag?post=3097"}],"curies":[{"name":"wp","href":"https:\/\/api.w.org\/{rel}","templated":true}]}}