{"id":3116,"date":"2025-09-26T09:20:37","date_gmt":"2025-09-26T09:20:37","guid":{"rendered":"https:\/\/kraftiapet.com\/?post_type=product&#038;p=3116"},"modified":"2026-02-26T12:46:13","modified_gmt":"2026-02-26T12:46:13","slug":"gifts-of-land-and-sea","status":"publish","type":"product","link":"https:\/\/kraftiapet.com\/sr\/proizvod\/gifts-of-land-and-sea\/","title":{"rendered":"Gifts of Land and Sea"},"content":{"rendered":"","protected":false},"excerpt":{"rendered":"<p>Gifts of Land and Sea \u2013 Rawival je vrhunska hrana za ma\u010di\u0107e sa piletinom, lososom i haringom. Sirova piletina bez kostiju i sve\u017ee smrznuta haringa i losos \u010dine veoma ukusnu i zdravu kombinaciju. Oni obezbe\u0111uju esencijalne proteine i taurin, oba su veoma va\u017ena i potrebna su ma\u010di\u0107ima za zdrav razvoj o\u010diju i srca. Proteini tako\u0111e poma\u017eu u odr\u017eavanju i podr\u017eavanju jakih i okretnih mi\u0161i\u0107a.   <\/p>\n","protected":false},"featured_media":3119,"comment_status":"open","ping_status":"closed","template":"","meta":{"_acf_changed":false},"pwb-brand":[],"product_brand":[175],"product_cat":[115,116],"product_tag":[],"class_list":{"0":"post-3116","1":"product","2":"type-product","3":"status-publish","4":"has-post-thumbnail","6":"product_brand-rawival","7":"product_cat-cat-food","8":"product_cat-kitten","10":"first","11":"instock","12":"taxable","13":"shipping-taxable","14":"product-type-variable"},"acf":[],"brands":[],"_links":{"self":[{"href":"https:\/\/kraftiapet.com\/sr\/wp-json\/wp\/v2\/product\/3116","targetHints":{"allow":["GET"]}}],"collection":[{"href":"https:\/\/kraftiapet.com\/sr\/wp-json\/wp\/v2\/product"}],"about":[{"href":"https:\/\/kraftiapet.com\/sr\/wp-json\/wp\/v2\/types\/product"}],"replies":[{"embeddable":true,"href":"https:\/\/kraftiapet.com\/sr\/wp-json\/wp\/v2\/comments?post=3116"}],"wp:featuredmedia":[{"embeddable":true,"href":"https:\/\/kraftiapet.com\/sr\/wp-json\/wp\/v2\/media\/3119"}],"wp:attachment":[{"href":"https:\/\/kraftiapet.com\/sr\/wp-json\/wp\/v2\/media?parent=3116"}],"wp:term":[{"taxonomy":"pwb-brand","embeddable":true,"href":"https:\/\/kraftiapet.com\/sr\/wp-json\/wp\/v2\/pwb-brand?post=3116"},{"taxonomy":"product_brand","embeddable":true,"href":"https:\/\/kraftiapet.com\/sr\/wp-json\/wp\/v2\/product_brand?post=3116"},{"taxonomy":"product_cat","embeddable":true,"href":"https:\/\/kraftiapet.com\/sr\/wp-json\/wp\/v2\/product_cat?post=3116"},{"taxonomy":"product_tag","embeddable":true,"href":"https:\/\/kraftiapet.com\/sr\/wp-json\/wp\/v2\/product_tag?post=3116"}],"curies":[{"name":"wp","href":"https:\/\/api.w.org\/{rel}","templated":true}]}}