{"id":3129,"date":"2025-09-28T21:40:24","date_gmt":"2025-09-28T21:40:24","guid":{"rendered":"https:\/\/kraftiapet.com\/?post_type=product&#038;p=3129"},"modified":"2026-02-26T12:46:12","modified_gmt":"2026-02-26T12:46:12","slug":"gifts-of-fields-branches-3","status":"publish","type":"product","link":"https:\/\/kraftiapet.com\/sr\/proizvod\/gifts-of-fields-branches-3\/","title":{"rendered":"Gifts of Fields &amp; Branches"},"content":{"rendered":"","protected":false},"excerpt":{"rendered":"<p>Gifts of Fields &amp; Branches \u2013 Rawival je vrhunska hrana za pse za odrasle patuljaste i male rase sa jagnjetinom i prepelicom. Sirova jagnjetina bez kostiju hranjena travom i sirova prepelica bez kostiju pru\u017eaju izuzetnu ukusnu me\u0161avinu, pru\u017eaju\u0107i sve hranljive proteine koji su potrebni aktivnom psu. Me\u0161avina zdravih \u017eitarica, uklju\u010duju\u0107i drevne izvore, obezbe\u0111uje energiju za tr\u010danje i igru, a poseban sastojak sme\u0111e morske trave poma\u017ee u odr\u017eavanju zdravlja zuba i desni.  <\/p>\n","protected":false},"featured_media":3134,"comment_status":"open","ping_status":"closed","template":"","meta":{"_acf_changed":false},"pwb-brand":[],"product_brand":[175],"product_cat":[117,119],"product_tag":[],"class_list":{"0":"post-3129","1":"product","2":"type-product","3":"status-publish","4":"has-post-thumbnail","6":"product_brand-rawival","7":"product_cat-dog-food","8":"product_cat-adult-dog","10":"first","11":"instock","12":"taxable","13":"shipping-taxable","14":"product-type-variable"},"acf":[],"brands":[],"_links":{"self":[{"href":"https:\/\/kraftiapet.com\/sr\/wp-json\/wp\/v2\/product\/3129","targetHints":{"allow":["GET"]}}],"collection":[{"href":"https:\/\/kraftiapet.com\/sr\/wp-json\/wp\/v2\/product"}],"about":[{"href":"https:\/\/kraftiapet.com\/sr\/wp-json\/wp\/v2\/types\/product"}],"replies":[{"embeddable":true,"href":"https:\/\/kraftiapet.com\/sr\/wp-json\/wp\/v2\/comments?post=3129"}],"wp:featuredmedia":[{"embeddable":true,"href":"https:\/\/kraftiapet.com\/sr\/wp-json\/wp\/v2\/media\/3134"}],"wp:attachment":[{"href":"https:\/\/kraftiapet.com\/sr\/wp-json\/wp\/v2\/media?parent=3129"}],"wp:term":[{"taxonomy":"pwb-brand","embeddable":true,"href":"https:\/\/kraftiapet.com\/sr\/wp-json\/wp\/v2\/pwb-brand?post=3129"},{"taxonomy":"product_brand","embeddable":true,"href":"https:\/\/kraftiapet.com\/sr\/wp-json\/wp\/v2\/product_brand?post=3129"},{"taxonomy":"product_cat","embeddable":true,"href":"https:\/\/kraftiapet.com\/sr\/wp-json\/wp\/v2\/product_cat?post=3129"},{"taxonomy":"product_tag","embeddable":true,"href":"https:\/\/kraftiapet.com\/sr\/wp-json\/wp\/v2\/product_tag?post=3129"}],"curies":[{"name":"wp","href":"https:\/\/api.w.org\/{rel}","templated":true}]}}