{"id":3133,"date":"2025-09-26T10:45:37","date_gmt":"2025-09-26T10:45:37","guid":{"rendered":"https:\/\/kraftiapet.com\/?post_type=product&#038;p=3133"},"modified":"2026-02-26T12:46:12","modified_gmt":"2026-02-26T12:46:12","slug":"north-seas-finest-5","status":"publish","type":"product","link":"https:\/\/kraftiapet.com\/sr\/proizvod\/north-seas-finest-5\/","title":{"rendered":"North Sea&#8217;s Finest"},"content":{"rendered":"","protected":false},"excerpt":{"rendered":"<p>North Sea&#8217;s Finest \u2013 Rawival je vrhunska hrana za odrasle ma\u010dke sa lososom i haringom. Sve\u017ee smrznuti losos i sve\u017ee smrznuta haringa su ukusna i po\u017eeljna me\u0161avina visokokvalitetnih proteina koji poma\u017eu u odr\u017eavanju zdravlja celog tela ma\u010daka. Pored lososovog ulja, ovi proteini poma\u017eu u odr\u017eavanju zdrave ko\u017ee i sjajne dlake, a visoka probavljivost proteina poma\u017ee u odr\u017eavanju jakih i okretnih mi\u0161i\u0107a.  <\/p>\n","protected":false},"featured_media":3138,"comment_status":"open","ping_status":"closed","template":"","meta":{"_acf_changed":false},"pwb-brand":[],"product_brand":[175],"product_cat":[115,121],"product_tag":[],"class_list":{"0":"post-3133","1":"product","2":"type-product","3":"status-publish","4":"has-post-thumbnail","6":"product_brand-rawival","7":"product_cat-cat-food","8":"product_cat-adult-cat","10":"first","11":"instock","12":"taxable","13":"shipping-taxable","14":"product-type-variable"},"acf":[],"brands":[],"_links":{"self":[{"href":"https:\/\/kraftiapet.com\/sr\/wp-json\/wp\/v2\/product\/3133","targetHints":{"allow":["GET"]}}],"collection":[{"href":"https:\/\/kraftiapet.com\/sr\/wp-json\/wp\/v2\/product"}],"about":[{"href":"https:\/\/kraftiapet.com\/sr\/wp-json\/wp\/v2\/types\/product"}],"replies":[{"embeddable":true,"href":"https:\/\/kraftiapet.com\/sr\/wp-json\/wp\/v2\/comments?post=3133"}],"wp:featuredmedia":[{"embeddable":true,"href":"https:\/\/kraftiapet.com\/sr\/wp-json\/wp\/v2\/media\/3138"}],"wp:attachment":[{"href":"https:\/\/kraftiapet.com\/sr\/wp-json\/wp\/v2\/media?parent=3133"}],"wp:term":[{"taxonomy":"pwb-brand","embeddable":true,"href":"https:\/\/kraftiapet.com\/sr\/wp-json\/wp\/v2\/pwb-brand?post=3133"},{"taxonomy":"product_brand","embeddable":true,"href":"https:\/\/kraftiapet.com\/sr\/wp-json\/wp\/v2\/product_brand?post=3133"},{"taxonomy":"product_cat","embeddable":true,"href":"https:\/\/kraftiapet.com\/sr\/wp-json\/wp\/v2\/product_cat?post=3133"},{"taxonomy":"product_tag","embeddable":true,"href":"https:\/\/kraftiapet.com\/sr\/wp-json\/wp\/v2\/product_tag?post=3133"}],"curies":[{"name":"wp","href":"https:\/\/api.w.org\/{rel}","templated":true}]}}